{"id":893,"date":"2018-08-03T13:17:01","date_gmt":"2018-08-03T13:17:01","guid":{"rendered":"https:\/\/www.podhorama.cz\/?page_id=893"},"modified":"2018-08-03T13:18:03","modified_gmt":"2018-08-03T13:18:03","slug":"rybarstvi-tylov","status":"publish","type":"page","link":"https:\/\/www.podhorama.cz\/index.php\/rybarstvi-tylov\/","title":{"rendered":"Ryb\u00e1\u0159stv\u00ed Tylov"},"content":{"rendered":"<div id=\"pl-893\"  class=\"panel-layout\" ><div id=\"pg-893-0\"  class=\"panel-grid panel-no-style\" ><div id=\"pgc-893-0-0\"  class=\"panel-grid-cell\" ><div id=\"panel-893-0-0-0\" class=\"so-panel widget widget_sow-image panel-first-child\" data-index=\"0\" ><div\n\t\t\t\n\t\t\tclass=\"so-widget-sow-image so-widget-sow-image-default-dbf295114b96-893\"\n\t\t\t\n\t\t>\n<div class=\"sow-image-container\">\n\t\t<img \n\tsrc=\"https:\/\/www.podhorama.cz\/wp-content\/uploads\/2018\/08\/tylov-m\u00ed\u0161a.jpg\" width=\"2048\" height=\"1365\" srcset=\"https:\/\/www.podhorama.cz\/wp-content\/uploads\/2018\/08\/tylov-m\u00ed\u0161a.jpg 2048w, https:\/\/www.podhorama.cz\/wp-content\/uploads\/2018\/08\/tylov-m\u00ed\u0161a-300x200.jpg 300w, https:\/\/www.podhorama.cz\/wp-content\/uploads\/2018\/08\/tylov-m\u00ed\u0161a-768x512.jpg 768w, https:\/\/www.podhorama.cz\/wp-content\/uploads\/2018\/08\/tylov-m\u00ed\u0161a-1024x683.jpg 1024w, https:\/\/www.podhorama.cz\/wp-content\/uploads\/2018\/08\/tylov-m\u00ed\u0161a-272x182.jpg 272w\" sizes=\"(max-width: 2048px) 100vw, 2048px\" title=\"tylov m\u00ed\u0161a\" alt=\"\" \t\tclass=\"so-widget-image\"\/>\n\t<\/div>\n\n<\/div><\/div><div id=\"panel-893-0-0-1\" class=\"so-panel widget widget_sow-editor panel-last-child\" data-index=\"1\" ><div\n\t\t\t\n\t\t\tclass=\"so-widget-sow-editor so-widget-sow-editor-base\"\n\t\t\t\n\t\t>\n<div class=\"siteorigin-widget-tinymce textwidget\">\n\t<p><iframe loading=\"lazy\" src=\"https:\/\/api.mapy.cz\/frame?params=%7B%22x%22%3A17.438528060913086%2C%22y%22%3A49.919097900390625%2C%22base%22%3A%221%22%2C%22layers%22%3A%5B%5D%2C%22zoom%22%3A15%2C%22url%22%3A%22https%3A%2F%2Fmapy.cz%2Fs%2F2UI1P%22%2C%22mark%22%3A%7B%22x%22%3A%2217.438528060913086%22%2C%22y%22%3A%2249.919097900390625%22%2C%22title%22%3A%22Tylov%20ryb%C3%A1%C5%99stv%C3%AD%20s.r.o.%22%7D%2C%22overview%22%3Afalse%7D&amp;width=500&amp;height=333&amp;lang=cs\" width=\"500\" height=\"333\" style=\"border:none\" frameBorder=\"0\"><\/iframe><\/p>\n<\/div>\n<\/div><\/div><\/div><div id=\"pgc-893-0-1\"  class=\"panel-grid-cell\" ><div id=\"panel-893-0-1-0\" class=\"so-panel widget widget_sow-editor panel-first-child panel-last-child\" data-index=\"2\" ><div\n\t\t\t\n\t\t\tclass=\"so-widget-sow-editor so-widget-sow-editor-base\"\n\t\t\t\n\t\t>\n<div class=\"siteorigin-widget-tinymce textwidget\">\n\t<p>\" Ulovte\"\u00a0 si \u010derstv\u00e9ho pstruha na grill....<\/p>\n<p><span style=\"color: #00ccff;\"><a style=\"color: #00ccff;\" href=\"http:\/\/pstruharstvitylov.cz\/\" target=\"_blank\" rel=\"noopener noreferrer\">v\u00edce info zde ...<\/a><\/span><\/p>\n<\/div>\n<\/div><\/div><\/div><\/div><\/div>","protected":false},"excerpt":{"rendered":"<p>&#8220; Ulovte&#8220;\u00a0 si \u010derstv\u00e9ho pstruha na grill&#8230;. v\u00edce info zde &#8230;<\/p>\n","protected":false},"author":1,"featured_media":0,"parent":0,"menu_order":0,"comment_status":"closed","ping_status":"closed","template":"","meta":{"ngg_post_thumbnail":0,"footnotes":""},"class_list":["post-893","page","type-page","status-publish","hentry"],"_links":{"self":[{"href":"https:\/\/www.podhorama.cz\/index.php\/wp-json\/wp\/v2\/pages\/893","targetHints":{"allow":["GET"]}}],"collection":[{"href":"https:\/\/www.podhorama.cz\/index.php\/wp-json\/wp\/v2\/pages"}],"about":[{"href":"https:\/\/www.podhorama.cz\/index.php\/wp-json\/wp\/v2\/types\/page"}],"author":[{"embeddable":true,"href":"https:\/\/www.podhorama.cz\/index.php\/wp-json\/wp\/v2\/users\/1"}],"replies":[{"embeddable":true,"href":"https:\/\/www.podhorama.cz\/index.php\/wp-json\/wp\/v2\/comments?post=893"}],"version-history":[{"count":11,"href":"https:\/\/www.podhorama.cz\/index.php\/wp-json\/wp\/v2\/pages\/893\/revisions"}],"predecessor-version":[{"id":905,"href":"https:\/\/www.podhorama.cz\/index.php\/wp-json\/wp\/v2\/pages\/893\/revisions\/905"}],"wp:attachment":[{"href":"https:\/\/www.podhorama.cz\/index.php\/wp-json\/wp\/v2\/media?parent=893"}],"curies":[{"name":"wp","href":"https:\/\/api.w.org\/{rel}","templated":true}]}}