{"id":858,"date":"2018-07-26T05:11:53","date_gmt":"2018-07-26T05:11:53","guid":{"rendered":"http:\/\/www.podhorama.cz\/?page_id=858"},"modified":"2018-08-03T11:55:30","modified_gmt":"2018-08-03T11:55:30","slug":"jeskyne-na-spicaku","status":"publish","type":"page","link":"https:\/\/www.podhorama.cz\/index.php\/jeskyne-na-spicaku\/","title":{"rendered":"Jeskyn\u011b na \u0160pi\u010d\u00e1ku"},"content":{"rendered":"<div id=\"pl-858\"  class=\"panel-layout\" ><div id=\"pg-858-0\"  class=\"panel-grid panel-no-style\" ><div id=\"pgc-858-0-0\"  class=\"panel-grid-cell\" ><div id=\"panel-858-0-0-0\" class=\"so-panel widget widget_sow-image panel-first-child\" data-index=\"0\" ><div\n\t\t\t\n\t\t\tclass=\"so-widget-sow-image so-widget-sow-image-default-dbf295114b96-858\"\n\t\t\t\n\t\t>\n<div class=\"sow-image-container\">\n\t\t<img \n\tsrc=\"https:\/\/www.podhorama.cz\/wp-content\/uploads\/2018\/07\/Jeskyn\u011b-na-\u0161pi\u010d\u00e1ku.jpg\" width=\"991\" height=\"608\" srcset=\"https:\/\/www.podhorama.cz\/wp-content\/uploads\/2018\/07\/Jeskyn\u011b-na-\u0161pi\u010d\u00e1ku.jpg 991w, https:\/\/www.podhorama.cz\/wp-content\/uploads\/2018\/07\/Jeskyn\u011b-na-\u0161pi\u010d\u00e1ku-300x184.jpg 300w, https:\/\/www.podhorama.cz\/wp-content\/uploads\/2018\/07\/Jeskyn\u011b-na-\u0161pi\u010d\u00e1ku-768x471.jpg 768w\" sizes=\"(max-width: 991px) 100vw, 991px\" title=\"Jeskyn\u011b na \u0161pi\u010d\u00e1ku\" alt=\"\" \t\tclass=\"so-widget-image\"\/>\n\t<\/div>\n\n<\/div><\/div><div id=\"panel-858-0-0-1\" class=\"so-panel widget widget_sow-editor panel-last-child\" data-index=\"1\" ><div\n\t\t\t\n\t\t\tclass=\"so-widget-sow-editor so-widget-sow-editor-base\"\n\t\t\t\n\t\t>\n<div class=\"siteorigin-widget-tinymce textwidget\">\n\t<p><iframe loading=\"lazy\" src=\"https:\/\/api.mapy.cz\/frame?params=%7B%22x%22%3A17.2498490922%2C%22y%22%3A50.2836301023%2C%22base%22%3A%221%22%2C%22layers%22%3A%5B%5D%2C%22zoom%22%3A13%2C%22url%22%3A%22https%3A%2F%2Fmapy.cz%2Fs%2F2STEB%22%2C%22mark%22%3A%7B%22x%22%3A%2217.2498490922%22%2C%22y%22%3A%2250.2836301023%22%2C%22title%22%3A%22Jeskyn%C4%9B%20Na%20%C5%A0pi%C4%8D%C3%A1ku%22%7D%2C%22overview%22%3Afalse%7D&amp;width=400&amp;height=280&amp;lang=cs\" width=\"400\" height=\"280\" style=\"border:none\" frameBorder=\"0\"><\/iframe><\/p>\n<\/div>\n<\/div><\/div><\/div><div id=\"pgc-858-0-1\"  class=\"panel-grid-cell\" ><div id=\"panel-858-0-1-0\" class=\"so-panel widget widget_sow-editor panel-first-child\" data-index=\"2\" ><div\n\t\t\t\n\t\t\tclass=\"so-widget-sow-editor so-widget-sow-editor-base\"\n\t\t\t\n\t\t>\n<div class=\"siteorigin-widget-tinymce textwidget\">\n\t<p>Jeskyn\u011b Na \u0160pi\u010d\u00e1ku pat\u0159\u00ed k nejstar\u0161\u00edm p\u00edsemn\u011b dolo\u017een\u00fdm jeskyn\u00edm ve st\u0159edn\u00ed Evrop\u011b. P\u0159es 400 metr\u016f dlouh\u00fd podzemn\u00ed labyrint chodeb a puklin je vytvo\u0159en v devonsk\u00fdch mramorech (mo\u0159sk\u00e9 usazeniny, st\u00e1\u0159\u00ed 350\u2013380 milion\u016f let).<br \/>\nJeden z nejv\u00fdznamn\u011bj\u0161\u00edch jeskynn\u00edch \u00fatvar\u016f v Jesen\u00edk\u00e1ch - jeskyn\u011b Na \u0160pi\u010d\u00e1ku, se nach\u00e1z\u00ed mezi obcemi P\u00edse\u010dn\u00e1 a Sup\u00edkovice. Jedn\u00e1 se o v\u00edce ne\u017e \u010dty\u0159i sta metr\u016f dlouh\u00fd labyrint chodeb a puklin, kter\u00fd ji\u017e v d\u00e1vn\u00fdch dob\u00e1ch slou\u017eil \u010dasto jako \u00fakryt.<\/p>\n<p>Jeskyn\u011b pat\u0159\u00ed k nejstar\u0161\u00edm p\u00edsemn\u011b dolo\u017een\u00fdm jeskyn\u00edm ve st\u0159edn\u00ed Evrop\u011b, prvn\u00ed zm\u00ednka o n\u00ed poch\u00e1z\u00ed z poloviny 15. stolet\u00ed. Jeskyn\u011b slou\u017eila \u010dasto jako \u00fakryt, o \u010dem\u017e sv\u011bd\u010d\u00ed \u010detn\u00e9 epigrafick\u00e9 n\u00e1pisy a malby na st\u011bn\u00e1ch (nejstar\u0161\u00ed z roku 1519). Roku 2014 byla odborn\u011b zrestaurov\u00e1na renesan\u010dn\u00ed malba \u201eAdorace k\u0159\u00ed\u017ee\u201c v centr\u00e1ln\u00ed \u010d\u00e1sti jeskyn\u011b.<\/p>\n<p>V letech 1884 - 1885 byla poprv\u00e9 zp\u0159\u00edstupn\u011bna pro ve\u0159ejnost Sudetsk\u00fdm horsk\u00fdm spolkem. V roce 1955 byla jeskyn\u011b roz\u0161\u00ed\u0159ena a elektricky osv\u011btlena. Znateln\u00fdmi zm\u011bnami v podob\u011b nov\u011b zrekonstruovan\u00fdch chodn\u00edk\u016f a mostk\u016f si podzem\u00ed pro\u0161lo v zim\u011b 2007\/2008 .<\/p>\n<p>Neobvykl\u00fd pocit za\u017eijete, uv\u011bdom\u00edte-li si, \u017ee pr\u00e1v\u011b proch\u00e1z\u00edte prostorami vytvo\u0159en\u00fdmi v devonsk\u00fdch mramorech, jejich\u017e st\u00e1\u0159\u00ed je neuv\u011b\u0159iteln\u00fdch 350 - 380 milion\u016f let. Chodby maj\u00ed charakteristick\u00fd srdcov\u00fd profil, kter\u00fd jim vdechly tavn\u00e9 vody ledovce. Sou\u010dasn\u00e1 prohl\u00eddkov\u00e1 trasa, dlouh\u00e1 220 metr\u016f, je upravena bezbari\u00e9rov\u011b.<\/p>\n<\/div>\n<\/div><\/div><div id=\"panel-858-0-1-1\" class=\"so-panel widget widget_sow-editor panel-last-child\" data-index=\"3\" ><div\n\t\t\t\n\t\t\tclass=\"so-widget-sow-editor so-widget-sow-editor-base\"\n\t\t\t\n\t\t>\n<div class=\"siteorigin-widget-tinymce textwidget\">\n\t<p><span style=\"color: #00ccff;\"><a style=\"color: #00ccff;\" href=\"https:\/\/www.caves.cz\/jeskyne\/jeskyne-na-spicaku\" target=\"_blank\" rel=\"noopener noreferrer\">v\u00edce info zde ...<\/a><\/span><\/p>\n<\/div>\n<\/div><\/div><\/div><\/div><\/div>","protected":false},"excerpt":{"rendered":"<p>Jeskyn\u011b Na \u0160pi\u010d\u00e1ku pat\u0159\u00ed k nejstar\u0161\u00edm p\u00edsemn\u011b dolo\u017een\u00fdm jeskyn\u00edm ve st\u0159edn\u00ed Evrop\u011b. P\u0159es 400 metr\u016f dlouh\u00fd podzemn\u00ed labyrint chodeb a puklin je vytvo\u0159en v devonsk\u00fdch&hellip;<\/p>\n","protected":false},"author":1,"featured_media":0,"parent":0,"menu_order":0,"comment_status":"closed","ping_status":"closed","template":"","meta":{"ngg_post_thumbnail":0,"footnotes":""},"class_list":["post-858","page","type-page","status-publish","hentry"],"_links":{"self":[{"href":"https:\/\/www.podhorama.cz\/index.php\/wp-json\/wp\/v2\/pages\/858","targetHints":{"allow":["GET"]}}],"collection":[{"href":"https:\/\/www.podhorama.cz\/index.php\/wp-json\/wp\/v2\/pages"}],"about":[{"href":"https:\/\/www.podhorama.cz\/index.php\/wp-json\/wp\/v2\/types\/page"}],"author":[{"embeddable":true,"href":"https:\/\/www.podhorama.cz\/index.php\/wp-json\/wp\/v2\/users\/1"}],"replies":[{"embeddable":true,"href":"https:\/\/www.podhorama.cz\/index.php\/wp-json\/wp\/v2\/comments?post=858"}],"version-history":[{"count":5,"href":"https:\/\/www.podhorama.cz\/index.php\/wp-json\/wp\/v2\/pages\/858\/revisions"}],"predecessor-version":[{"id":890,"href":"https:\/\/www.podhorama.cz\/index.php\/wp-json\/wp\/v2\/pages\/858\/revisions\/890"}],"wp:attachment":[{"href":"https:\/\/www.podhorama.cz\/index.php\/wp-json\/wp\/v2\/media?parent=858"}],"curies":[{"name":"wp","href":"https:\/\/api.w.org\/{rel}","templated":true}]}}