{"id":382,"date":"2018-07-13T09:45:57","date_gmt":"2018-07-13T09:45:57","guid":{"rendered":"http:\/\/www.podhorama.cz\/?page_id=382"},"modified":"2018-07-13T09:45:57","modified_gmt":"2018-07-13T09:45:57","slug":"zamek-bruntal","status":"publish","type":"page","link":"https:\/\/www.podhorama.cz\/index.php\/zamek-bruntal\/","title":{"rendered":"Z\u00e1mek Brunt\u00e1l"},"content":{"rendered":"<div id=\"pl-382\"  class=\"panel-layout\" ><div id=\"pg-382-0\"  class=\"panel-grid panel-no-style\" ><div id=\"pgc-382-0-0\"  class=\"panel-grid-cell\" ><div id=\"panel-382-0-0-0\" class=\"so-panel widget widget_sow-image panel-first-child\" data-index=\"0\" ><div\n\t\t\t\n\t\t\tclass=\"so-widget-sow-image so-widget-sow-image-default-dbf295114b96-382\"\n\t\t\t\n\t\t>\n<div class=\"sow-image-container\">\n\t\t<img \n\tsrc=\"https:\/\/www.podhorama.cz\/wp-content\/uploads\/2018\/07\/zamek-bruntal-1452172568.jpg\" width=\"600\" height=\"338\" srcset=\"https:\/\/www.podhorama.cz\/wp-content\/uploads\/2018\/07\/zamek-bruntal-1452172568.jpg 600w, https:\/\/www.podhorama.cz\/wp-content\/uploads\/2018\/07\/zamek-bruntal-1452172568-300x169.jpg 300w\" sizes=\"(max-width: 600px) 100vw, 600px\" title=\"Z\u00c3\u00a1mek zalo\u00c5\u00beili v 15. stolet\u00c3\u00ad p\u00c3\u00a1ni z Vrbna a po\u00c4\u008d\u00c3\u00a1tkem 17. stolet\u00c3\u00ad jej p\u00c5\u2122estav\u00c4\u203ali na honosn\u00c3\u00bd renesan\u00c4\u008dn\u00c3\u00ad z\u00c3\u00a1mek netradi\u00c4\u008dn\u00c3\u00ad dispozice tvaru kruhov\u00c3\u00a9 v\u00c3\u00bdse\u00c4\u008de. Po b\u00c4\u203alohorsk\u00c3\u00a9 por\u00c3\u00a1\u00c5\u00bece p\u00c5\u2122ipadl brunt\u00c3\u00a1lsk\u00c3\u00bd z\u00c3\u00a1mek jako konfisk\u00c3\u00a1t \u00c5\u02dc\u00c3\u00a1du n\u00c4\u203ameck\u00c3\u00bdch ryt\u00c3\u00ad\u00c5\u2122\u00c5\u00af. Z\u00c3\u00a1mek byl v pr\u00c5\u00afb\u00c4\u203ahu t\u00c5\u2122icetilet\u00c3\u00a9 v\u00c3\u00a1lky siln\u00c4\u203a po\u00c5\u00a1kozen, pr\u00c3\u00a1ce najeho obnov\u00c4\u203a byly dokon\u00c4\u008deny a\u00c5\u00be v roce 1670. Nyn\u00c4\u203aj\u00c5\u00a1\u00c3\u00ad podobu z\u00c3\u00a1mek z\u00c3\u00adskal pozdn\u00c4\u203a barokn\u00c3\u00ad p\u00c5\u2122estavbou v letech 1766 - 1769. P\u00c5\u2122i p\u00c5\u2122estavb\u00c4\u203a byly zachov\u00c3\u00a1ny renesan\u00c4\u008dn\u00c3\u00ad ark\u00c3\u00a1dy na n\u00c3\u00a1dvo\u00c5\u2122\u00c3\u00ad i hodinov\u00c3\u00a1 v\u00c4\u203a\u00c5\u00be a \u00c5\u2122ada dal\u00c5\u00a1\u00c3\u00adch stavebn\u00c3\u00adch prvk\u00c5\u00af p\u00c5\u00afvodn\u00c3\u00adho z\u00c3\u00a1mku, \u00c4\u008d\u00c3\u00adm\u00c5\u00be se poda\u00c5\u2122ilo vytvo\u00c5\u2122it ojedin\u00c4\u203al\u00c3\u00a9 pozoruhodn\u00c3\u00a9 spojen\u00c3\u00ad renesan\u00c4\u008dn\u00c3\u00adho a barokn\u00c3\u00adho slohu v jednom objektu.\" alt=\"\" \t\tclass=\"so-widget-image\"\/>\n\t<\/div>\n\n<\/div><\/div><div id=\"panel-382-0-0-1\" class=\"so-panel widget widget_sow-editor panel-last-child\" data-index=\"1\" ><div\n\t\t\t\n\t\t\tclass=\"so-widget-sow-editor so-widget-sow-editor-base\"\n\t\t\t\n\t\t>\n<div class=\"siteorigin-widget-tinymce textwidget\">\n\t<p><iframe loading=\"lazy\" src=\"https:\/\/api.mapy.cz\/frame?params=%7B%22x%22%3A17.463886780803733%2C%22y%22%3A49.99041345460454%2C%22base%22%3A%222%22%2C%22layers%22%3A%5B7%5D%2C%22zoom%22%3A16%2C%22url%22%3A%22https%3A%2F%2Fmapy.cz%2Fs%2F2q0i0%22%2C%22mark%22%3A%7B%22x%22%3A%2217.464659257%22%2C%22y%22%3A%2249.9905893466%22%2C%22title%22%3A%22Z%C3%A1mek%20Brunt%C3%A1l%22%7D%2C%22overview%22%3Afalse%7D&amp;width=400&amp;height=280&amp;lang=cs\" width=\"400\" height=\"280\" style=\"border:none\" frameBorder=\"0\"><\/iframe><\/p>\n<\/div>\n<\/div><\/div><\/div><div id=\"pgc-382-0-1\"  class=\"panel-grid-cell\" ><div id=\"panel-382-0-1-0\" class=\"so-panel widget widget_text panel-first-child panel-last-child\" data-index=\"2\" >\t\t\t<div class=\"textwidget\"><p>Z\u00e1mek Brunt\u00e1l netradi\u010dn\u00ed dispozice tvaru kruhov\u00e9 v\u00fdse\u010de s renesan\u010dn\u00edm ark\u00e1dov\u00fdm n\u00e1dvo\u0159\u00edm a hodinovou v\u011b\u017e\u00ed je nejv\u00fdznamn\u011bj\u0161\u00ed kulturn\u00ed pam\u00e1tkou cel\u00e9ho regionu. Jeho dne\u0161n\u00ed podoba je v\u00fdslednic\u00ed p\u011bt stolet\u00ed prob\u00edhaj\u00edc\u00edho historick\u00e9ho a stavebn\u00edho v\u00fdvoje, v jeho\u017e pr\u016fb\u011bhu byl p\u016fvodn\u011b pozdn\u011bgotick\u00fd hrad renesan\u010dn\u011b p\u0159ebudov\u00e1n a roz\u0161\u00ed\u0159en, na sklonku 18. stolet\u00ed barokn\u011b p\u0159estav\u011bn a v 19. a po\u010d\u00e1tkem 20. stolet\u00ed d\u00e1le upravov\u00e1n.<\/p>\n<p>Pr\u016f\u010del\u00ed z\u00e1mku<br \/>\nNejhodnotn\u011bj\u0161\u00ed interi\u00e9ry z\u00e1mku jsou zp\u0159\u00edstupn\u011bny ve\u0159ejnosti: z\u00e1meckou expozici tvo\u0159\u00ed kaple v p\u0159\u00edzem\u00ed a s\u00e1ly 1. patra z\u00e1mku, zdoben\u00e9 rokokov\u00fdmi n\u00e1st\u011bnn\u00fdmi malbami mimo\u0159\u00e1dn\u00e9 kulturn\u00ed hodnoty a vybaven\u00e9 p\u016fvodn\u00edm mobili\u00e1\u0159em z 18. a\u017e po\u010d\u00e1tku 20. stolet\u00ed. Pozoruhodn\u00e1 je i z\u00e1meck\u00e1 galerie s d\u00edly italsk\u00fdch, holandsk\u00fdch, vl\u00e1msk\u00fdch a n\u011bmeck\u00fdch mistr\u016f 16. &#8211; 18. stolet\u00ed ze sb\u00edrek velmistr\u016f \u0158\u00e1du n\u011bmeck\u00fdch ryt\u00ed\u0159\u016f.<\/p>\n<p>V s\u00e1lech nejstar\u0161\u00ed \u010d\u00e1sti z\u00e1mku, tzv. Star\u00e9ho pal\u00e1ce ve zv\u00fd\u0161en\u00e9m p\u0159\u00edzem\u00ed z\u00e1padn\u00edho k\u0159\u00eddla z\u00e1mku , je instalov\u00e1na expozice o p\u0159\u00edrod\u011b Brunt\u00e1lska (z d\u016fvod\u016f komplexn\u00ed rekonstrukce do listopadu 2007 pro ve\u0159ejnost uzav\u0159ena) a expozice \u0159emesel a \u017eivnost\u00ed brunt\u00e1lsk\u00e9ho regionu.<\/p>\n<p>Dal\u0161\u00ed p\u016fvodn\u011b hospod\u00e1\u0159sk\u00e9 prostory a b\u00fdval\u00e9 kon\u00edrny v p\u0159\u00edzem\u00ed z\u00e1mku jsou vyu\u017e\u00edv\u00e1ny jako v\u00fdstavn\u00ed prostory k po\u0159\u00e1d\u00e1n\u00ed v\u00fdstav.<\/p>\n<p>Z pr\u016fjezdu hlavn\u00edho vchodu z\u00e1mku je p\u0159\u00edstupn\u00e1 vstupn\u00ed historick\u00e1 expozice a prodejna vstupenek a suven\u00fdr\u016f.<\/p>\n<p>Z\u00e1mek obklopuje rozs\u00e1hl\u00fd park s objektem salla tereny, zbytky m\u011bstsk\u00fdch hradeb s ba\u0161tami a jez\u00edrkem. Reprezenta\u010dn\u00ed s\u00e1ly z\u00e1meck\u00e9 expozice jsou vyu\u017e\u00edv\u00e1ny ke kon\u00e1n\u00ed koncert\u016f, divadeln\u00edch p\u0159edstaven\u00ed, svatebn\u00edch ob\u0159ad\u016f a jin\u00fdch kulturn\u00edch a spole\u010densk\u00fdch po\u010din\u016f; dal\u0161\u00ed kulturn\u00ed a spole\u010densk\u00e9 akce jsou po\u0159\u00e1d\u00e1ny i na z\u00e1meck\u00e9m n\u00e1dvo\u0159\u00ed a v parku.<\/p>\n<p>Z\u00e1mek je rovn\u011b\u017e s\u00eddlem region\u00e1ln\u00edho Muzea v Brunt\u00e1le, kter\u00e9 zde m\u00e1 odborn\u00e1 pracovi\u0161t\u011b, muzejn\u00ed knihovnu a fotoodd\u011blen\u00ed s fotoarchivem.<\/p>\n<p>&nbsp;<\/p>\n<p>Kontakt, otev\u00edrac\u00ed doba, vstupn\u00e9, v\u00fdstavy a kulturn\u00ed akce viz www.mubr.cz<\/p>\n<\/div>\n\t\t<\/div><\/div><\/div><\/div>","protected":false},"excerpt":{"rendered":"<p>Z\u00e1mek Brunt\u00e1l netradi\u010dn\u00ed dispozice tvaru kruhov\u00e9 v\u00fdse\u010de s renesan\u010dn\u00edm ark\u00e1dov\u00fdm n\u00e1dvo\u0159\u00edm a hodinovou v\u011b\u017e\u00ed je nejv\u00fdznamn\u011bj\u0161\u00ed kulturn\u00ed pam\u00e1tkou cel\u00e9ho regionu. Jeho dne\u0161n\u00ed podoba je v\u00fdslednic\u00ed&hellip;<\/p>\n","protected":false},"author":1,"featured_media":0,"parent":0,"menu_order":0,"comment_status":"closed","ping_status":"closed","template":"","meta":{"ngg_post_thumbnail":0,"footnotes":""},"class_list":["post-382","page","type-page","status-publish","hentry"],"_links":{"self":[{"href":"https:\/\/www.podhorama.cz\/index.php\/wp-json\/wp\/v2\/pages\/382","targetHints":{"allow":["GET"]}}],"collection":[{"href":"https:\/\/www.podhorama.cz\/index.php\/wp-json\/wp\/v2\/pages"}],"about":[{"href":"https:\/\/www.podhorama.cz\/index.php\/wp-json\/wp\/v2\/types\/page"}],"author":[{"embeddable":true,"href":"https:\/\/www.podhorama.cz\/index.php\/wp-json\/wp\/v2\/users\/1"}],"replies":[{"embeddable":true,"href":"https:\/\/www.podhorama.cz\/index.php\/wp-json\/wp\/v2\/comments?post=382"}],"version-history":[{"count":4,"href":"https:\/\/www.podhorama.cz\/index.php\/wp-json\/wp\/v2\/pages\/382\/revisions"}],"predecessor-version":[{"id":387,"href":"https:\/\/www.podhorama.cz\/index.php\/wp-json\/wp\/v2\/pages\/382\/revisions\/387"}],"wp:attachment":[{"href":"https:\/\/www.podhorama.cz\/index.php\/wp-json\/wp\/v2\/media?parent=382"}],"curies":[{"name":"wp","href":"https:\/\/api.w.org\/{rel}","templated":true}]}}