{"id":369,"date":"2018-07-13T09:33:44","date_gmt":"2018-07-13T09:33:44","guid":{"rendered":"http:\/\/www.podhorama.cz\/?page_id=369"},"modified":"2018-07-13T09:33:45","modified_gmt":"2018-07-13T09:33:45","slug":"wellness-bruntal","status":"publish","type":"page","link":"https:\/\/www.podhorama.cz\/index.php\/wellness-bruntal\/","title":{"rendered":"Wellness Brunt\u00e1l"},"content":{"rendered":"<div id=\"pl-369\"  class=\"panel-layout\" ><div id=\"pg-369-0\"  class=\"panel-grid panel-no-style\" ><div id=\"pgc-369-0-0\"  class=\"panel-grid-cell\" ><div id=\"panel-369-0-0-0\" class=\"so-panel widget widget_sow-image panel-first-child\" data-index=\"0\" ><div\n\t\t\t\n\t\t\tclass=\"so-widget-sow-image so-widget-sow-image-default-dbf295114b96-369\"\n\t\t\t\n\t\t>\n<div class=\"sow-image-container\">\n\t\t<img \n\tsrc=\"https:\/\/www.podhorama.cz\/wp-content\/uploads\/2018\/07\/wellness_centrum_Bruntal_10.jpg\" width=\"800\" height=\"505\" srcset=\"https:\/\/www.podhorama.cz\/wp-content\/uploads\/2018\/07\/wellness_centrum_Bruntal_10.jpg 800w, https:\/\/www.podhorama.cz\/wp-content\/uploads\/2018\/07\/wellness_centrum_Bruntal_10-300x189.jpg 300w, https:\/\/www.podhorama.cz\/wp-content\/uploads\/2018\/07\/wellness_centrum_Bruntal_10-768x485.jpg 768w\" sizes=\"(max-width: 800px) 100vw, 800px\" alt=\"\" \t\tclass=\"so-widget-image\"\/>\n\t<\/div>\n\n<\/div><\/div><div id=\"panel-369-0-0-1\" class=\"so-panel widget widget_sow-editor panel-last-child\" data-index=\"1\" ><div\n\t\t\t\n\t\t\tclass=\"so-widget-sow-editor so-widget-sow-editor-base\"\n\t\t\t\n\t\t>\n<div class=\"siteorigin-widget-tinymce textwidget\">\n\t<p><iframe loading=\"lazy\" src=\"https:\/\/api.mapy.cz\/frame?params=%7B%22x%22%3A17.46306803759973%2C%22y%22%3A49.991431065365894%2C%22base%22%3A%222%22%2C%22layers%22%3A%5B7%5D%2C%22zoom%22%3A16%2C%22url%22%3A%22https%3A%2F%2Fmapy.cz%2Fs%2F2q0Ks%22%2C%22mark%22%3A%7B%22x%22%3A%2217.46306803759973%22%2C%22y%22%3A%2249.991431065365894%22%2C%22title%22%3A%22Wellness%20centrum%20Brunt%C3%A1l%22%7D%2C%22overview%22%3Afalse%7D&amp;width=400&amp;height=280&amp;lang=cs\" width=\"400\" height=\"280\" style=\"border:none\" frameBorder=\"0\"><\/iframe><\/p>\n<\/div>\n<\/div><\/div><\/div><div id=\"pgc-369-0-1\"  class=\"panel-grid-cell\" ><div id=\"panel-369-0-1-0\" class=\"so-panel widget widget_text panel-first-child\" data-index=\"2\" >\t\t\t<div class=\"textwidget\"><p>Wellness Brunt\u00e1l nab\u00edz\u00ed: 25 m dlouh\u00fd plaveck\u00fd baz\u00e9n, relaxa\u010dn\u00ed a v\u00fdukov\u00fd baz\u00e9n, v\u00ed\u0159ivky, divok\u00e1 \u0159eka, tobog\u00e1n a parn\u00ed sauna. V centru je restaurace, mokr\u00fd bar, fitness, mas\u00e1\u017ee, kosmetika a sportovn\u00ed obchod. Z\u00e1bava pro rodinu cel\u00fd rok&#8230;<\/p>\n<\/div>\n\t\t<\/div><div id=\"panel-369-0-1-1\" class=\"so-panel widget widget_sow-editor panel-last-child\" data-index=\"3\" ><div\n\t\t\t\n\t\t\tclass=\"so-widget-sow-editor so-widget-sow-editor-base\"\n\t\t\t\n\t\t>\n<div class=\"siteorigin-widget-tinymce textwidget\">\n\t<p><a target=\"_blank\" href=\"http:\/\/www.wellnessbruntal.cz\/#utm_source=mapy.cz&amp;utm_medium=ppd&amp;utm_campaign=firmy.cz-1912749\">v\u00edce info...<\/a><\/p>\n<\/div>\n<\/div><\/div><\/div><\/div><\/div>","protected":false},"excerpt":{"rendered":"<p>Wellness Brunt\u00e1l nab\u00edz\u00ed: 25 m dlouh\u00fd plaveck\u00fd baz\u00e9n, relaxa\u010dn\u00ed a v\u00fdukov\u00fd baz\u00e9n, v\u00ed\u0159ivky, divok\u00e1 \u0159eka, tobog\u00e1n a parn\u00ed sauna. V centru je restaurace, mokr\u00fd bar,&hellip;<\/p>\n","protected":false},"author":1,"featured_media":0,"parent":0,"menu_order":0,"comment_status":"closed","ping_status":"closed","template":"","meta":{"ngg_post_thumbnail":0,"footnotes":""},"class_list":["post-369","page","type-page","status-publish","hentry"],"_links":{"self":[{"href":"https:\/\/www.podhorama.cz\/index.php\/wp-json\/wp\/v2\/pages\/369","targetHints":{"allow":["GET"]}}],"collection":[{"href":"https:\/\/www.podhorama.cz\/index.php\/wp-json\/wp\/v2\/pages"}],"about":[{"href":"https:\/\/www.podhorama.cz\/index.php\/wp-json\/wp\/v2\/types\/page"}],"author":[{"embeddable":true,"href":"https:\/\/www.podhorama.cz\/index.php\/wp-json\/wp\/v2\/users\/1"}],"replies":[{"embeddable":true,"href":"https:\/\/www.podhorama.cz\/index.php\/wp-json\/wp\/v2\/comments?post=369"}],"version-history":[{"count":2,"href":"https:\/\/www.podhorama.cz\/index.php\/wp-json\/wp\/v2\/pages\/369\/revisions"}],"predecessor-version":[{"id":372,"href":"https:\/\/www.podhorama.cz\/index.php\/wp-json\/wp\/v2\/pages\/369\/revisions\/372"}],"wp:attachment":[{"href":"https:\/\/www.podhorama.cz\/index.php\/wp-json\/wp\/v2\/media?parent=369"}],"curies":[{"name":"wp","href":"https:\/\/api.w.org\/{rel}","templated":true}]}}