{"id":350,"date":"2018-07-13T07:35:23","date_gmt":"2018-07-13T07:35:23","guid":{"rendered":"http:\/\/www.podhorama.cz\/?page_id=350"},"modified":"2018-07-13T07:35:23","modified_gmt":"2018-07-13T07:35:23","slug":"velke-losiny","status":"publish","type":"page","link":"https:\/\/www.podhorama.cz\/index.php\/velke-losiny\/","title":{"rendered":"Velk\u00e9 Losiny"},"content":{"rendered":"<div id=\"pl-350\"  class=\"panel-layout\" ><div id=\"pg-350-0\"  class=\"panel-grid panel-no-style\" ><div id=\"pgc-350-0-0\"  class=\"panel-grid-cell\" ><div id=\"panel-350-0-0-0\" class=\"so-panel widget widget_sow-image panel-first-child\" data-index=\"0\" ><div\n\t\t\t\n\t\t\tclass=\"so-widget-sow-image so-widget-sow-image-default-dbf295114b96-350\"\n\t\t\t\n\t\t>\n<div class=\"sow-image-container\">\n\t\t<img \n\tsrc=\"https:\/\/www.podhorama.cz\/wp-content\/uploads\/2018\/07\/Z\u00e1mek-velk\u00e9-losiny.jpg\" width=\"300\" height=\"200\" srcset=\"https:\/\/www.podhorama.cz\/wp-content\/uploads\/2018\/07\/Z\u00e1mek-velk\u00e9-losiny.jpg 300w, https:\/\/www.podhorama.cz\/wp-content\/uploads\/2018\/07\/Z\u00e1mek-velk\u00e9-losiny-272x182.jpg 272w\" sizes=\"(max-width: 300px) 100vw, 300px\" alt=\"\" \t\tclass=\"so-widget-image\"\/>\n\t<\/div>\n\n<\/div><\/div><div id=\"panel-350-0-0-1\" class=\"so-panel widget widget_sow-editor panel-last-child\" data-index=\"1\" ><div\n\t\t\t\n\t\t\tclass=\"so-widget-sow-editor so-widget-sow-editor-base\"\n\t\t\t\n\t\t>\n<div class=\"siteorigin-widget-tinymce textwidget\">\n\t<p><iframe loading=\"lazy\" src=\"https:\/\/www.google.com\/maps\/embed?pb=!1m14!1m8!1m3!1d5126.702582143472!2d17.031438!3d50.023513!3m2!1i1024!2i768!4f13.1!3m3!1m2!1s0x0%3A0x1541d7f7ad902a09!2zWsOhbWVrIFZlbGvDqSBMb3Npbnk!5e0!3m2!1scs!2scz!4v1492110584454\" width=\"400\" height=\"300\" frameborder=\"0\" style=\"border:0\" allowfullscreen><\/iframe><\/p>\n<\/div>\n<\/div><\/div><\/div><div id=\"pgc-350-0-1\"  class=\"panel-grid-cell\" ><div id=\"panel-350-0-1-0\" class=\"so-panel widget widget_text panel-first-child panel-last-child\" data-index=\"2\" >\t\t\t<div class=\"textwidget\"><p>St\u00e1tn\u00ed z\u00e1mek Velk\u00e9 Losiny le\u017e\u00ed na ji\u017en\u00edm okraji stejnojmenn\u00e9 obce v \u00fadol\u00ed \u0159eky Desn\u00e9. Charakteristick\u00fdm znakem, kter\u00fdm je z\u00e1mek nejzn\u00e1m\u011bj\u0161\u00ed, jsou trojpodla\u017en\u00ed ark\u00e1dy trojk\u0159\u00eddl\u00e9ho are\u00e1lu tzv. vysok\u00e9ho z\u00e1mku. M\u00edsto je proslul\u00e9 tak\u00e9 \u010darod\u011bjnick\u00fdmi procesy.<br \/>\nP\u0159i prohl\u00eddce z\u00e1mku n\u00e1v\u0161t\u011bvn\u00edky ohrom\u00ed p\u0159edev\u0161\u00edm unik\u00e1tn\u00ed ryt\u00ed\u0159sk\u00fd s\u00e1l vyzdoben\u00fd ko\u017een\u00fdmi tapetami, kachlov\u00fdmi kamny (z r. 1589) a stejn\u011b star\u00fdm p\u0159\u00edborn\u00edkem. K nejcenn\u011bj\u0161\u00edmu mobili\u00e1\u0159i pat\u0159\u00ed tapis\u00e9rie ze 17. stolet\u00ed s v\u00fdjevy z antick\u00e9 mytologie. V tzv. barokn\u00edm k\u0159\u00eddle je instalov\u00e1na obraz\u00e1rna s d\u00edly st\u0159edoevropsk\u00fdch mal\u00ed\u0159\u016f 17. a\u017e 19. stolet\u00ed. Z daleka viditelnou dominantou z\u00e1mku je osmibok\u00e1 \u0161estipodla\u017en\u00ed v\u011b\u017e se z\u00e1meck\u00fdmi hodinami.<\/p>\n<p>Osobnost P\u0159emyslava III. reprezentuje ryt\u00ed\u0159sk\u00fd s\u00e1l se svatebn\u00ed hostinou ze 17. stolet\u00ed. Jeho syn, Jan J\u00e1chym, c\u00edsa\u0159sk\u00fd rada, dovol\u00ed nahl\u00e9dnout do sv\u00fdch soukrom\u00fdch pokoj\u016f, v\u010detn\u011b honosn\u00e9 lo\u017enice. Do expozice se tak\u00e9 vr\u00e1til unik\u00e1t &#8211; renesan\u010dn\u011b-barokn\u00ed nos\u00edtka.<\/p>\n<p>Z\u00e1mek dal zbudovat na m\u00edst\u011b tvrze Jan ml. ze \u017derot\u00edna v roce 1589. Z\u00e1rove\u0148 byly zvelebeny m\u00edstn\u00ed l\u00e1zn\u011b, o jejich\u017e l\u00e9\u010div\u00fdch pramenech je ji\u017e zm\u00ednka z roku 1562. Spole\u010dn\u011b s pap\u00edrnou (1596) se jedn\u00e1 o t\u0159i nejv\u00fdznamn\u011bj\u0161\u00ed objekty Velk\u00fdch Losin. Cel\u00fd z\u00e1meck\u00fd komplex pro\u0161el za mnoh\u00e1 stalet\u00ed \u010detn\u00fdmi stavebn\u00edmi \u00fapravami, kter\u00e9 jej postupn\u011b zobrazily a\u017e do sou\u010dasn\u00e9 zn\u00e1m\u00e9 podoby.<\/p>\n<p>Z\u00e1mek Velk\u00e9 Losiny neblaze proslul krvav\u00fdmi procesy s \u010darod\u011bjnicemi v 17. stolet\u00ed (obdob\u00ed p\u016fsoben\u00ed inkvizitora Bobliga z Edelstadtu). V jeho komnat\u00e1ch byl z \u010d\u00e1sti nato\u010den film Kladivo na \u010darod\u011bjnice (podle stejnojmenn\u00e9 kni\u017en\u00ed p\u0159edlohy V\u00e1clava Kaplick\u00e9ho), zachycuj\u00edc\u00ed osudy lid\u00ed fale\u0161n\u011b na\u0159\u010den\u00fdch ze spolku s \u010f\u00e1blem.<\/p>\n<\/div>\n\t\t<\/div><\/div><\/div><\/div>","protected":false},"excerpt":{"rendered":"<p>St\u00e1tn\u00ed z\u00e1mek Velk\u00e9 Losiny le\u017e\u00ed na ji\u017en\u00edm okraji stejnojmenn\u00e9 obce v \u00fadol\u00ed \u0159eky Desn\u00e9. Charakteristick\u00fdm znakem, kter\u00fdm je z\u00e1mek nejzn\u00e1m\u011bj\u0161\u00ed, jsou trojpodla\u017en\u00ed ark\u00e1dy trojk\u0159\u00eddl\u00e9ho are\u00e1lu&hellip;<\/p>\n","protected":false},"author":1,"featured_media":0,"parent":0,"menu_order":0,"comment_status":"closed","ping_status":"closed","template":"","meta":{"ngg_post_thumbnail":0,"footnotes":""},"class_list":["post-350","page","type-page","status-publish","hentry"],"_links":{"self":[{"href":"https:\/\/www.podhorama.cz\/index.php\/wp-json\/wp\/v2\/pages\/350","targetHints":{"allow":["GET"]}}],"collection":[{"href":"https:\/\/www.podhorama.cz\/index.php\/wp-json\/wp\/v2\/pages"}],"about":[{"href":"https:\/\/www.podhorama.cz\/index.php\/wp-json\/wp\/v2\/types\/page"}],"author":[{"embeddable":true,"href":"https:\/\/www.podhorama.cz\/index.php\/wp-json\/wp\/v2\/users\/1"}],"replies":[{"embeddable":true,"href":"https:\/\/www.podhorama.cz\/index.php\/wp-json\/wp\/v2\/comments?post=350"}],"version-history":[{"count":2,"href":"https:\/\/www.podhorama.cz\/index.php\/wp-json\/wp\/v2\/pages\/350\/revisions"}],"predecessor-version":[{"id":353,"href":"https:\/\/www.podhorama.cz\/index.php\/wp-json\/wp\/v2\/pages\/350\/revisions\/353"}],"wp:attachment":[{"href":"https:\/\/www.podhorama.cz\/index.php\/wp-json\/wp\/v2\/media?parent=350"}],"curies":[{"name":"wp","href":"https:\/\/api.w.org\/{rel}","templated":true}]}}