{"id":343,"date":"2018-07-13T07:29:40","date_gmt":"2018-07-13T07:29:40","guid":{"rendered":"http:\/\/www.podhorama.cz\/?page_id=343"},"modified":"2018-07-13T07:29:40","modified_gmt":"2018-07-13T07:29:40","slug":"uhlirsky-vrch","status":"publish","type":"page","link":"https:\/\/www.podhorama.cz\/index.php\/uhlirsky-vrch\/","title":{"rendered":"Uhl\u00ed\u0159sk\u00fd vrch"},"content":{"rendered":"<div id=\"pl-343\"  class=\"panel-layout\" ><div id=\"pg-343-0\"  class=\"panel-grid panel-no-style\" ><div id=\"pgc-343-0-0\"  class=\"panel-grid-cell\" ><div id=\"panel-343-0-0-0\" class=\"so-panel widget widget_sow-image panel-first-child\" data-index=\"0\" ><div\n\t\t\t\n\t\t\tclass=\"so-widget-sow-image so-widget-sow-image-default-dbf295114b96-343\"\n\t\t\t\n\t\t>\n<div class=\"sow-image-container\">\n\t\t<img \n\tsrc=\"https:\/\/www.podhorama.cz\/wp-content\/uploads\/2018\/07\/uhlirsky.jpg\" width=\"620\" height=\"435\" srcset=\"https:\/\/www.podhorama.cz\/wp-content\/uploads\/2018\/07\/uhlirsky.jpg 620w, https:\/\/www.podhorama.cz\/wp-content\/uploads\/2018\/07\/uhlirsky-300x210.jpg 300w\" sizes=\"(max-width: 620px) 100vw, 620px\" alt=\"\" \t\tclass=\"so-widget-image\"\/>\n\t<\/div>\n\n<\/div><\/div><div id=\"panel-343-0-0-1\" class=\"so-panel widget widget_sow-editor panel-last-child\" data-index=\"1\" ><div\n\t\t\t\n\t\t\tclass=\"so-widget-sow-editor so-widget-sow-editor-base\"\n\t\t\t\n\t\t>\n<div class=\"siteorigin-widget-tinymce textwidget\">\n\t<p><iframe loading=\"lazy\" src=\"https:\/\/api.mapy.cz\/frame?params=%7B%22x%22%3A17.4396002778%2C%22y%22%3A49.9727872222%2C%22base%22%3A%222%22%2C%22layers%22%3A%5B7%5D%2C%22zoom%22%3A17%2C%22url%22%3A%22https%3A%2F%2Fmapy.cz%2Fs%2F2pYyN%22%2C%22mark%22%3A%7B%22x%22%3A%2217.4396002778%22%2C%22y%22%3A%2249.9727872222%22%2C%22title%22%3A%22Uhl%C3%AD%C5%99sk%C3%BD%20vrch%20(672%20m)%22%7D%2C%22overview%22%3Afalse%7D&amp;width=400&amp;height=280&amp;lang=cs\" width=\"400\" height=\"280\" style=\"border:none\" frameBorder=\"0\"><\/iframe><\/p>\n<\/div>\n<\/div><\/div><\/div><div id=\"pgc-343-0-1\"  class=\"panel-grid-cell\" ><div id=\"panel-343-0-1-0\" class=\"so-panel widget widget_sow-editor panel-first-child panel-last-child\" data-index=\"2\" ><div\n\t\t\t\n\t\t\tclass=\"so-widget-sow-editor so-widget-sow-editor-base\"\n\t\t\t\n\t\t>\n<div class=\"siteorigin-widget-tinymce textwidget\">\n\t<p>Jedna z nejmlad\u0161\u00edch sopek v \u010cesk\u00e9 republice<\/p>\n<p>P\u0159\u00edrodn\u00ed pam\u00e1tka Uhl\u00ed\u0159sk\u00fd vrch (672 m n.m.) je jednou z nejmlad\u0161\u00edch sopek na na\u0161em \u00fazem\u00ed. Dnes ji\u017e vyhasl\u00e1 \u010dtvrtohorn\u00ed sopka soptila naposledy zhruba p\u0159ed 1,7 mili\u00f3ny let. V 19.stolet\u00ed byl na jej\u00edm \u00fabo\u010d\u00ed otev\u0159en lom, ve kter\u00e9m se a\u017e do druh\u00e9 poloviny 20. stolet\u00ed t\u011b\u017eily sope\u010dn\u00e9 tufy.<\/p>\n<p>Uhl\u00ed\u0159sk\u00fd vrch u Brunt\u00e1lu pat\u0159\u00ed k nejmlad\u0161\u00edm sopk\u00e1m v \u010cesk\u00e9 republice. Na jeho vr\u0161ku, v nadmo\u0159sk\u00e9 v\u00fd\u0161ce 672 metr\u016f n.m., stoj\u00ed barokn\u00ed kostel Panny Marie Pomocn\u00e9. Kopec m\u00e1 v ku\u017eelu lom po b\u00fdval\u00e9 t\u011b\u017eb\u011b tuf\u016f, kter\u00e9 se pou\u017e\u00edvaly k v\u00fdrob\u011b. L\u00e1vov\u00fd proud, kter\u00fd vyt\u00e9kal ze sopky v\u00fdchodn\u00edm a severov\u00fdchodn\u00edm sm\u011brem, je tvo\u0159en alkalick\u00fdm \u010dedi\u010dem. Ze sm\u00ed\u0161en\u00e9ho vulk\u00e1nu jsou ve st\u011bn\u00e1ch opu\u0161t\u011bn\u00e9ho lomu na ji\u017en\u00edm svahu odkryty profily m\u00e1lo zpevn\u011bn\u00fdmi vyvr\u017eeninami (sope\u010dn\u00fd prach, p\u00edsek, lapilli, bombi\u010dky, strusky i velk\u00e9 balvany), kter\u00e9 \u010din\u00ed z Uhl\u00ed\u0159sk\u00e9ho vrchu nejpozoruhodn\u011bj\u0161\u00ed lokalitu tohoto druhu u n\u00e1s. Z v\u00fdzkum\u016f, zam\u011b\u0159en\u00fdch na ur\u010den\u00ed st\u00e1\u0159\u00ed sopky vypl\u00fdv\u00e1, \u017ee byla \u010dinn\u00e1 je\u0161t\u011b ve star\u0161\u00edch \u010dtvrtohor\u00e1ch a od posledn\u00ed erupce tedy neuplynulo v\u00edce ne\u017e 1,7 milionu let. Pou\u017eijeme-li \u010dasov\u00e9ho m\u011b\u0159\u00edtka geolog\u016f, pak to bylo prakticky \"v\u010dera\".<\/p>\n<p>Ke kopci se v\u00e1\u017ee legenda o ryt\u00ed\u0159i Augustinu Oswaldovi Lichtensteinovi, kter\u00fd zde p\u0159i lovu zabloudil a p\u0159ed jistou smrt\u00ed ho zachr\u00e1nil m\u00edstn\u00ed uhl\u00ed\u0159. Z\u0159ejm\u011b tak vznikl i n\u00e1zev kopce a m\u00edstodr\u017e\u00edc\u00ed na n\u011bm dal z vd\u011b\u010dnosti vystav\u011bt d\u0159ev\u011bnou kapli, kter\u00e1 byla v roce 1758 nahrazena barokn\u00edm kostelem. Od roku 1770 k n\u011bmu vede tak\u00e9 lipov\u00e1 alej s k\u0159\u00ed\u017eovou cestou.<\/p>\n<p>Uhl\u00ed\u0159sk\u00fd vrch se nach\u00e1z\u00ed 3 km jihoz\u00e1padn\u011b od Brunt\u00e1lu a d\u00edky zdaleka viditeln\u00e9mu barokn\u00edmu kostel\u00edku vytv\u00e1\u0159\u00ed neodmyslitelnou dominantu v okoln\u00ed krajin\u011b. Cel\u00fdm \u00fazem\u00edm proch\u00e1z\u00ed zelen\u011b zna\u010den\u00e1 turistick\u00e1 cesta z Brunt\u00e1lu k vodn\u00ed n\u00e1dr\u017ei Slezsk\u00e1 Harta a nau\u010dn\u00e1 stezka, kter\u00e1 za\u010d\u00edn\u00e1 u vstupu do lipov\u00e9 aleje a dovede v\u00e1s a\u017e ke kostel\u00edku.<\/p>\n<\/div>\n<\/div><\/div><\/div><\/div><\/div>","protected":false},"excerpt":{"rendered":"<p>Jedna z nejmlad\u0161\u00edch sopek v \u010cesk\u00e9 republice P\u0159\u00edrodn\u00ed pam\u00e1tka Uhl\u00ed\u0159sk\u00fd vrch (672 m n.m.) je jednou z nejmlad\u0161\u00edch sopek na na\u0161em \u00fazem\u00ed. Dnes ji\u017e vyhasl\u00e1&hellip;<\/p>\n","protected":false},"author":1,"featured_media":0,"parent":0,"menu_order":0,"comment_status":"closed","ping_status":"closed","template":"","meta":{"ngg_post_thumbnail":0,"footnotes":""},"class_list":["post-343","page","type-page","status-publish","hentry"],"_links":{"self":[{"href":"https:\/\/www.podhorama.cz\/index.php\/wp-json\/wp\/v2\/pages\/343","targetHints":{"allow":["GET"]}}],"collection":[{"href":"https:\/\/www.podhorama.cz\/index.php\/wp-json\/wp\/v2\/pages"}],"about":[{"href":"https:\/\/www.podhorama.cz\/index.php\/wp-json\/wp\/v2\/types\/page"}],"author":[{"embeddable":true,"href":"https:\/\/www.podhorama.cz\/index.php\/wp-json\/wp\/v2\/users\/1"}],"replies":[{"embeddable":true,"href":"https:\/\/www.podhorama.cz\/index.php\/wp-json\/wp\/v2\/comments?post=343"}],"version-history":[{"count":2,"href":"https:\/\/www.podhorama.cz\/index.php\/wp-json\/wp\/v2\/pages\/343\/revisions"}],"predecessor-version":[{"id":346,"href":"https:\/\/www.podhorama.cz\/index.php\/wp-json\/wp\/v2\/pages\/343\/revisions\/346"}],"wp:attachment":[{"href":"https:\/\/www.podhorama.cz\/index.php\/wp-json\/wp\/v2\/media?parent=343"}],"curies":[{"name":"wp","href":"https:\/\/api.w.org\/{rel}","templated":true}]}}