{"id":336,"date":"2018-07-13T07:05:51","date_gmt":"2018-07-13T07:05:51","guid":{"rendered":"http:\/\/www.podhorama.cz\/?page_id=336"},"modified":"2018-07-13T07:15:50","modified_gmt":"2018-07-13T07:15:50","slug":"termaly-velke-losiny","status":"publish","type":"page","link":"https:\/\/www.podhorama.cz\/index.php\/termaly-velke-losiny\/","title":{"rendered":"Term\u00e1ly Velk\u00e9 Losiny"},"content":{"rendered":"<div id=\"pl-336\"  class=\"panel-layout\" ><div id=\"pg-336-0\"  class=\"panel-grid panel-no-style\" ><div id=\"pgc-336-0-0\"  class=\"panel-grid-cell\" ><div id=\"panel-336-0-0-0\" class=\"so-panel widget widget_sow-image panel-first-child\" data-index=\"0\" ><div\n\t\t\t\n\t\t\tclass=\"so-widget-sow-image so-widget-sow-image-default-dbf295114b96-336\"\n\t\t\t\n\t\t>\n<div class=\"sow-image-container\">\n\t\t<img \n\tsrc=\"https:\/\/www.podhorama.cz\/wp-content\/uploads\/2018\/07\/trm\u00e1ly-losiny.jpg\" width=\"276\" height=\"183\" sizes=\"(max-width: 276px) 100vw, 276px\" alt=\"\" \t\tclass=\"so-widget-image\"\/>\n\t<\/div>\n\n<\/div><\/div><div id=\"panel-336-0-0-1\" class=\"so-panel widget widget_sow-editor panel-last-child\" data-index=\"1\" ><div\n\t\t\t\n\t\t\tclass=\"so-widget-sow-editor so-widget-sow-editor-base\"\n\t\t\t\n\t\t>\n<div class=\"siteorigin-widget-tinymce textwidget\">\n\t<p><iframe loading=\"lazy\" src=\"https:\/\/www.google.com\/maps\/embed?pb=!1m14!1m8!1m3!1d10250.974419122093!2d17.034705!3d50.0349!3m2!1i1024!2i768!4f13.1!3m3!1m2!1s0x0%3A0x36c6f3d5693bd8b6!2sTERM%C3%81LY+LOSINY!5e0!3m2!1scs!2scz!4v1492110530596\" width=\"400\" height=\"300\" frameborder=\"0\" style=\"border:0\" allowfullscreen><\/iframe><\/p>\n<\/div>\n<\/div><\/div><\/div><div id=\"pgc-336-0-1\"  class=\"panel-grid-cell\" ><div id=\"panel-336-0-1-0\" class=\"so-panel widget widget_text panel-first-child panel-last-child\" data-index=\"2\" >\t\t\t<div class=\"textwidget\"><p>Term\u00e1ln\u00ed park Velk\u00e9 Losiny<\/p>\n<p>Unik\u00e1tn\u00ed term\u00e1ln\u00ed park, jedin\u00fd sv\u00e9ho druhu v \u010cesk\u00e9 republice. Vyu\u017e\u00edv\u00e1 p\u0159\u00edrodn\u00ed l\u00e9\u010div\u00e9 zdroje z l\u00e1zn\u00ed Velk\u00e9 Losiny a jejich uzdravuj\u00edc\u00ed s\u00edlu.<\/p>\n<p>Term\u00e1ln\u00ed park TERM\u00c1LY LOSINY nab\u00edz\u00ed:<\/p>\n<p>9 term\u00e1ln\u00edch baz\u00e9n\u016f \u2013 napln\u011bn\u00fdch v\u00fdhradn\u011b l\u00e9\u010divou term\u00e1ln\u00ed vodou<br \/>\nsauny \u2013 finsk\u00e1, soln\u00e1, parn\u00ed, aromatick\u00e1, ledov\u00e1 komora * mas\u00e1\u017ee \u2013 odborn\u00e9, relaxa\u010dn\u00ed, sportovn\u00ed a nadstandardn\u00ed<br \/>\ncvi\u010den\u00ed v baz\u00e9nu, relaxa\u010dn\u00ed a skupinov\u00e9<br \/>\nz\u00e1zem\u00ed pro d\u011bti<br \/>\nvnit\u0159n\u00ed samoobslu\u017en\u00e1 restaurace a rychl\u00e9 letn\u00ed venkovn\u00ed ob\u010derstven\u00ed<br \/>\nbezbari\u00e9rov\u00fd p\u0159\u00edstup<br \/>\nceloro\u010dn\u00ed provoz<\/p>\n<p>http:\/\/www.velke-losiny.cz\/termaly-losiny\/<\/p>\n<\/div>\n\t\t<\/div><\/div><\/div><\/div>","protected":false},"excerpt":{"rendered":"<p>Term\u00e1ln\u00ed park Velk\u00e9 Losiny Unik\u00e1tn\u00ed term\u00e1ln\u00ed park, jedin\u00fd sv\u00e9ho druhu v \u010cesk\u00e9 republice. Vyu\u017e\u00edv\u00e1 p\u0159\u00edrodn\u00ed l\u00e9\u010div\u00e9 zdroje z l\u00e1zn\u00ed Velk\u00e9 Losiny a jejich uzdravuj\u00edc\u00ed s\u00edlu.&hellip;<\/p>\n","protected":false},"author":1,"featured_media":0,"parent":0,"menu_order":0,"comment_status":"closed","ping_status":"closed","template":"","meta":{"ngg_post_thumbnail":0,"footnotes":""},"class_list":["post-336","page","type-page","status-publish","hentry"],"_links":{"self":[{"href":"https:\/\/www.podhorama.cz\/index.php\/wp-json\/wp\/v2\/pages\/336","targetHints":{"allow":["GET"]}}],"collection":[{"href":"https:\/\/www.podhorama.cz\/index.php\/wp-json\/wp\/v2\/pages"}],"about":[{"href":"https:\/\/www.podhorama.cz\/index.php\/wp-json\/wp\/v2\/types\/page"}],"author":[{"embeddable":true,"href":"https:\/\/www.podhorama.cz\/index.php\/wp-json\/wp\/v2\/users\/1"}],"replies":[{"embeddable":true,"href":"https:\/\/www.podhorama.cz\/index.php\/wp-json\/wp\/v2\/comments?post=336"}],"version-history":[{"count":5,"href":"https:\/\/www.podhorama.cz\/index.php\/wp-json\/wp\/v2\/pages\/336\/revisions"}],"predecessor-version":[{"id":342,"href":"https:\/\/www.podhorama.cz\/index.php\/wp-json\/wp\/v2\/pages\/336\/revisions\/342"}],"wp:attachment":[{"href":"https:\/\/www.podhorama.cz\/index.php\/wp-json\/wp\/v2\/media?parent=336"}],"curies":[{"name":"wp","href":"https:\/\/api.w.org\/{rel}","templated":true}]}}