{"id":327,"date":"2018-07-13T06:57:21","date_gmt":"2018-07-13T06:57:21","guid":{"rendered":"http:\/\/www.podhorama.cz\/?page_id=327"},"modified":"2018-07-13T06:57:21","modified_gmt":"2018-07-13T06:57:21","slug":"slezska-harta","status":"publish","type":"page","link":"https:\/\/www.podhorama.cz\/index.php\/slezska-harta\/","title":{"rendered":"Slezsk\u00e1 Harta"},"content":{"rendered":"<div id=\"pl-327\"  class=\"panel-layout\" ><div id=\"pg-327-0\"  class=\"panel-grid panel-no-style\" ><div id=\"pgc-327-0-0\"  class=\"panel-grid-cell\" ><div id=\"panel-327-0-0-0\" class=\"so-panel widget widget_sow-image panel-first-child\" data-index=\"0\" ><div\n\t\t\t\n\t\t\tclass=\"so-widget-sow-image so-widget-sow-image-default-dbf295114b96-327\"\n\t\t\t\n\t\t>\n<div class=\"sow-image-container\">\n\t\t<img \n\tsrc=\"https:\/\/www.podhorama.cz\/wp-content\/uploads\/2018\/07\/harta.jpg\" width=\"730\" height=\"471\" srcset=\"https:\/\/www.podhorama.cz\/wp-content\/uploads\/2018\/07\/harta.jpg 730w, https:\/\/www.podhorama.cz\/wp-content\/uploads\/2018\/07\/harta-300x194.jpg 300w\" sizes=\"(max-width: 730px) 100vw, 730px\" alt=\"\" \t\tclass=\"so-widget-image\"\/>\n\t<\/div>\n\n<\/div><\/div><div id=\"panel-327-0-0-1\" class=\"so-panel widget widget_sow-editor\" data-index=\"1\" ><div\n\t\t\t\n\t\t\tclass=\"so-widget-sow-editor so-widget-sow-editor-base\"\n\t\t\t\n\t\t>\n<div class=\"siteorigin-widget-tinymce textwidget\">\n\t<p><iframe loading=\"lazy\" src=\"https:\/\/api.mapy.cz\/frame?params=%7B%22x%22%3A17.531947912370924%2C%22y%22%3A49.90899875736854%2C%22base%22%3A%222%22%2C%22layers%22%3A%5B7%5D%2C%22zoom%22%3A12%2C%22url%22%3A%22https%3A%2F%2Fmapy.cz%2Fs%2F2pYSt%22%2C%22mark%22%3A%7B%22x%22%3A%2217.590827764665875%22%2C%22y%22%3A%2249.88223811023655%22%2C%22title%22%3A%22Slezsk%C3%A1%20Harta%2C%20Leskovec%20nad%20Moravic%C3%AD%22%7D%2C%22overview%22%3Afalse%7D&amp;width=400&amp;height=280&amp;lang=cs\" width=\"400\" height=\"280\" style=\"border:none\" frameBorder=\"0\"><\/iframe><\/p>\n<\/div>\n<\/div><\/div><div id=\"panel-327-0-0-2\" class=\"so-panel widget widget_sow-image panel-last-child\" data-index=\"2\" ><div\n\t\t\t\n\t\t\tclass=\"so-widget-sow-image so-widget-sow-image-default-dbf295114b96-327\"\n\t\t\t\n\t\t>\n<div class=\"sow-image-container\">\n\t\t<img \n\tsrc=\"https:\/\/www.podhorama.cz\/wp-content\/uploads\/2018\/07\/plavby.jpg\" width=\"350\" height=\"464\" srcset=\"https:\/\/www.podhorama.cz\/wp-content\/uploads\/2018\/07\/plavby.jpg 350w, https:\/\/www.podhorama.cz\/wp-content\/uploads\/2018\/07\/plavby-226x300.jpg 226w\" sizes=\"(max-width: 350px) 100vw, 350px\" alt=\"\" \t\tclass=\"so-widget-image\"\/>\n\t<\/div>\n\n<\/div><\/div><\/div><div id=\"pgc-327-0-1\"  class=\"panel-grid-cell\" ><div id=\"panel-327-0-1-0\" class=\"so-panel widget widget_text panel-first-child panel-last-child\" data-index=\"3\" >\t\t\t<div class=\"textwidget\"><p>\u00dadoln\u00ed n\u00e1dr\u017e Slezsk\u00e1 Harta na \u0159ece Moravici nab\u00edz\u00ed \u0159adu mo\u017enost\u00ed, jak aktivn\u011b str\u00e1vit p\u0159edev\u0161\u00edm letn\u00ed turistickou sez\u00f3nu. Vyzkou\u0161et m\u016f\u017eete nejen koup\u00e1n\u00ed, ale i vyj\u00ed\u017e\u010fky na lo\u010fk\u00e1ch, ryba\u0159en\u00ed, jachting a windsurfing.<br \/>\nV\u00fdstavba \u00fadoln\u00ed n\u00e1dr\u017ee na Moravici u obce Slezsk\u00e1 Harta byla realizov\u00e1na na z\u00e1klad\u011b \u00favah o nutnosti pos\u00edlen\u00ed n\u00ed\u017ee le\u017e\u00edc\u00edho vod\u00e1rensk\u00e9ho zdroje Kru\u017eberk.<\/p>\n<p>Pobl\u00ed\u017e n\u00e1dr\u017ee se nach\u00e1z\u00ed 780 m vysok\u00fd kopec Velk\u00fd Roudn\u00fd, nejv\u011bt\u0161\u00ed a nejzachovalej\u0161\u00ed stratovulk\u00e1n v \u010cesk\u00e9 republice. Sou\u010d\u00e1st\u00ed vodn\u00edho d\u00edla je mal\u00e1 vodn\u00ed elektr\u00e1rna.<\/p>\n<p>P\u0159ehrada se vyu\u017e\u00edv\u00e1 pro v\u00fdrobu energie, jako havarijn\u00ed povod\u0148ov\u00e1 ochrana, pro chov ryb, sportovn\u00ed rybolov, rekreaci. Pro zv\u00fd\u0161en\u00ed turistick\u00e9ho vy\u017eit\u00ed na Slezsk\u00e9 Hart\u011b jsou ur\u010deny tak\u00e9 vyhl\u00eddkov\u00e9 plavby po p\u0159ehrad\u011b.<\/p>\n<p>Slezsk\u00e1 Harta je nejmlad\u0161\u00ed p\u0159ehrada v \u010cesk\u00e9 republice nach\u00e1zej\u00edc\u00ed se v N\u00edzk\u00e9m Jesen\u00edku, jihov\u00fdchodn\u011b od Brunt\u00e1lu.<\/p>\n<\/div>\n\t\t<\/div><\/div><\/div><\/div>","protected":false},"excerpt":{"rendered":"<p>\u00dadoln\u00ed n\u00e1dr\u017e Slezsk\u00e1 Harta na \u0159ece Moravici nab\u00edz\u00ed \u0159adu mo\u017enost\u00ed, jak aktivn\u011b str\u00e1vit p\u0159edev\u0161\u00edm letn\u00ed turistickou sez\u00f3nu. Vyzkou\u0161et m\u016f\u017eete nejen koup\u00e1n\u00ed, ale i vyj\u00ed\u017e\u010fky na&hellip;<\/p>\n","protected":false},"author":1,"featured_media":0,"parent":0,"menu_order":0,"comment_status":"closed","ping_status":"closed","template":"","meta":{"ngg_post_thumbnail":0,"footnotes":""},"class_list":["post-327","page","type-page","status-publish","hentry"],"_links":{"self":[{"href":"https:\/\/www.podhorama.cz\/index.php\/wp-json\/wp\/v2\/pages\/327","targetHints":{"allow":["GET"]}}],"collection":[{"href":"https:\/\/www.podhorama.cz\/index.php\/wp-json\/wp\/v2\/pages"}],"about":[{"href":"https:\/\/www.podhorama.cz\/index.php\/wp-json\/wp\/v2\/types\/page"}],"author":[{"embeddable":true,"href":"https:\/\/www.podhorama.cz\/index.php\/wp-json\/wp\/v2\/users\/1"}],"replies":[{"embeddable":true,"href":"https:\/\/www.podhorama.cz\/index.php\/wp-json\/wp\/v2\/comments?post=327"}],"version-history":[{"count":6,"href":"https:\/\/www.podhorama.cz\/index.php\/wp-json\/wp\/v2\/pages\/327\/revisions"}],"predecessor-version":[{"id":335,"href":"https:\/\/www.podhorama.cz\/index.php\/wp-json\/wp\/v2\/pages\/327\/revisions\/335"}],"wp:attachment":[{"href":"https:\/\/www.podhorama.cz\/index.php\/wp-json\/wp\/v2\/media?parent=327"}],"curies":[{"name":"wp","href":"https:\/\/api.w.org\/{rel}","templated":true}]}}