{"id":32,"date":"2018-07-11T12:50:55","date_gmt":"2018-07-11T12:50:55","guid":{"rendered":"http:\/\/www.podhorama.cz\/?page_id=32"},"modified":"2024-01-30T11:40:55","modified_gmt":"2024-01-30T11:40:55","slug":"nova-uvodni","status":"publish","type":"page","link":"https:\/\/www.podhorama.cz\/","title":{"rendered":"Objevte kouzlo Jesen\u00edk\u016f&#8230;."},"content":{"rendered":"<div id=\"pl-32\"  class=\"panel-layout\" ><div id=\"pg-32-0\"  class=\"panel-grid panel-no-style\" ><div id=\"pgc-32-0-0\"  class=\"panel-grid-cell\" ><div id=\"panel-32-0-0-0\" class=\"so-panel widget widget_sow-editor panel-first-child panel-last-child\" data-index=\"0\" ><div\n\t\t\t\n\t\t\tclass=\"so-widget-sow-editor so-widget-sow-editor-base\"\n\t\t\t\n\t\t>\n<div class=\"siteorigin-widget-tinymce textwidget\">\n\t\n<\/div>\n<\/div><\/div><\/div><\/div><div id=\"pg-32-1\"  class=\"panel-grid panel-no-style\" ><div id=\"pgc-32-1-0\"  class=\"panel-grid-cell panel-grid-cell-empty panel-grid-cell-mobile-last\" ><\/div><div id=\"pgc-32-1-1\"  class=\"panel-grid-cell panel-grid-cell-empty\" ><\/div><\/div><div id=\"pg-32-2\"  class=\"panel-grid panel-no-style\" ><div id=\"pgc-32-2-0\"  class=\"panel-grid-cell panel-grid-cell-empty panel-grid-cell-mobile-last\" ><\/div><div id=\"pgc-32-2-1\"  class=\"panel-grid-cell panel-grid-cell-empty\" ><\/div><\/div><div id=\"pg-32-3\"  class=\"panel-grid panel-no-style\" ><div id=\"pgc-32-3-0\"  class=\"panel-grid-cell\" ><div id=\"panel-32-3-0-0\" class=\"so-panel widget widget_sow-editor panel-first-child\" data-index=\"1\" ><div\n\t\t\t\n\t\t\tclass=\"so-widget-sow-editor so-widget-sow-editor-base\"\n\t\t\t\n\t\t>\n<div class=\"siteorigin-widget-tinymce textwidget\">\n\t<h4 style=\"text-align: center;\">V\u00edtejte v apartm\u00e1nech Podhorama.cz, kter\u00e9 V\u00e1m nab\u00edzej\u00ed p\u0159\u00edjemn\u00e9 ubytov\u00e1n\u00ed v prostorn\u00fdch, modern\u00edch apartm\u00e1nech.<\/h4>\n<h4 style=\"text-align: center;\">Tato lokalita nab\u00edz\u00ed celoro\u010dn\u00ed vy\u017eit\u00ed pro ly\u017ea\u0159e, b\u011b\u017eka\u0159e, cyklisty, turisty i <strong>rodiny s d\u011btmi<\/strong>. V l\u00e9t\u011b m\u016f\u017eete relaxovat na prostorn\u00e9 slune\u010dn\u00e9 terase \u010di balk\u00f3nu a poslouchat bu\u010den\u00ed krav z okoln\u00edch kopc\u016f. D\u011bti se mezit\u00edm vydov\u00e1d\u00ed na d\u011btsk\u00e9m h\u0159i\u0161ti, prob\u011bhnou po m\u00edstn\u00edch louk\u00e1ch \u010di mohou prozkoum\u00e1vat taje nedalek\u00e9ho lesa.<\/h4>\n<h4 style=\"text-align: center;\">Poloha apartm\u00e1n\u016f je ide\u00e1ln\u00ed v\u00fdchoz\u00ed m\u00edsto pro Va\u0161e v\u00fdlety. Z \u00fadol\u00ed pod apartm\u00e1ny (cca 7 min. p\u011b\u0161ky) je mo\u017en\u00e9 nastoupit do cyklobus\u016f a nechat se vyv\u00e9zt a\u017e pod <strong>Prad\u011bd<\/strong>, kde za\u010d\u00edn\u00e1 prav\u00e1 horsk\u00e1 euforie s kouzeln\u00fdmi v\u00fdhledy. Pro milovn\u00edky p\u0159\u00edrody je v okol\u00ed nespo\u010det n\u00e1dhern\u00fdch m\u00edst, ze kter\u00fdch se taj\u00ed dech a v ka\u017ed\u00e9m ro\u010dn\u00edm obdob\u00ed nab\u00edzej\u00ed nov\u00e9 a nov\u00e9 pohledy.<\/h4>\n<h4 style=\"text-align: center;\">V zim\u011b je mo\u017en\u00e9 kousek od apartm\u00e1nu nastoupit do b\u00edl\u00e9 stopy na Jesenickou magistr\u00e1lu nebo vyzkou\u0161et 600m vzd\u00e1len\u00fd skiare\u00e1l <strong>\u010cer\u0165\u00e1k<\/strong>. Na pr\u016fzkum\u00a0ostatn\u00edch sjezdovek V\u00e1m autem \u00a0sta\u010d\u00ed\u00a05 minut do <strong>Karlova pod Prad\u011bdem<\/strong> nebo \u00a07 minut na <strong>Kop\u0159ivnou<\/strong>.<\/h4>\n<\/div>\n<\/div><\/div><div id=\"panel-32-3-0-1\" class=\"so-panel widget widget_sow-editor panel-last-child\" data-index=\"2\" ><div\n\t\t\t\n\t\t\tclass=\"so-widget-sow-editor so-widget-sow-editor-base\"\n\t\t\t\n\t\t>\n<div class=\"siteorigin-widget-tinymce textwidget\">\n\t<div id='gallery-1' class='gallery galleryid-32 gallery-columns-6 gallery-size-medium'><figure class='gallery-item'>\n\t\t\t<div class='gallery-icon landscape'>\n\t\t\t\t<a href='https:\/\/www.podhorama.cz\/wp-content\/uploads\/2018\/07\/IMG_6748.jpg'><img loading=\"lazy\" decoding=\"async\" width=\"300\" height=\"200\" src=\"https:\/\/www.podhorama.cz\/wp-content\/uploads\/2018\/07\/IMG_6748-300x200.jpg\" class=\"attachment-medium size-medium\" alt=\"\" srcset=\"https:\/\/www.podhorama.cz\/wp-content\/uploads\/2018\/07\/IMG_6748-300x200.jpg 300w, https:\/\/www.podhorama.cz\/wp-content\/uploads\/2018\/07\/IMG_6748-768x512.jpg 768w, https:\/\/www.podhorama.cz\/wp-content\/uploads\/2018\/07\/IMG_6748-272x182.jpg 272w, https:\/\/www.podhorama.cz\/wp-content\/uploads\/2018\/07\/IMG_6748.jpg 800w\" sizes=\"auto, (max-width: 300px) 100vw, 300px\" \/><\/a>\n\t\t\t<\/div><\/figure><figure class='gallery-item'>\n\t\t\t<div class='gallery-icon landscape'>\n\t\t\t\t<a href='https:\/\/www.podhorama.cz\/wp-content\/uploads\/2018\/07\/IMG_5288-1024x683-e1532000499965.jpg'><img loading=\"lazy\" decoding=\"async\" width=\"300\" height=\"200\" src=\"https:\/\/www.podhorama.cz\/wp-content\/uploads\/2018\/07\/IMG_5288-1024x683-300x200.jpg\" class=\"attachment-medium size-medium\" alt=\"\" srcset=\"https:\/\/www.podhorama.cz\/wp-content\/uploads\/2018\/07\/IMG_5288-1024x683-300x200.jpg 300w, https:\/\/www.podhorama.cz\/wp-content\/uploads\/2018\/07\/IMG_5288-1024x683-768x512.jpg 768w, https:\/\/www.podhorama.cz\/wp-content\/uploads\/2018\/07\/IMG_5288-1024x683-1024x683.jpg 1024w, https:\/\/www.podhorama.cz\/wp-content\/uploads\/2018\/07\/IMG_5288-1024x683-272x182.jpg 272w, https:\/\/www.podhorama.cz\/wp-content\/uploads\/2018\/07\/IMG_5288-1024x683-e1532000499965.jpg 800w\" sizes=\"auto, (max-width: 300px) 100vw, 300px\" \/><\/a>\n\t\t\t<\/div><\/figure><figure class='gallery-item'>\n\t\t\t<div class='gallery-icon landscape'>\n\t\t\t\t<a href='https:\/\/www.podhorama.cz\/wp-content\/uploads\/2018\/07\/Sn\u00edmek-330-e1532000530740.jpg'><img loading=\"lazy\" decoding=\"async\" width=\"300\" height=\"200\" src=\"https:\/\/www.podhorama.cz\/wp-content\/uploads\/2018\/07\/Sn\u00edmek-330-300x200.jpg\" class=\"attachment-medium size-medium\" alt=\"\" srcset=\"https:\/\/www.podhorama.cz\/wp-content\/uploads\/2018\/07\/Sn\u00edmek-330-300x200.jpg 300w, https:\/\/www.podhorama.cz\/wp-content\/uploads\/2018\/07\/Sn\u00edmek-330-768x512.jpg 768w, https:\/\/www.podhorama.cz\/wp-content\/uploads\/2018\/07\/Sn\u00edmek-330-1024x683.jpg 1024w, https:\/\/www.podhorama.cz\/wp-content\/uploads\/2018\/07\/Sn\u00edmek-330-e1532000530740.jpg 800w\" sizes=\"auto, (max-width: 300px) 100vw, 300px\" \/><\/a>\n\t\t\t<\/div><\/figure><figure class='gallery-item'>\n\t\t\t<div class='gallery-icon landscape'>\n\t\t\t\t<a href='https:\/\/www.podhorama.cz\/wp-content\/uploads\/2018\/07\/rov\u00fd-vrch-e1532000578867.jpg'><img loading=\"lazy\" decoding=\"async\" width=\"300\" height=\"200\" src=\"https:\/\/www.podhorama.cz\/wp-content\/uploads\/2018\/07\/rov\u00fd-vrch-e1532000578867-300x200.jpg\" class=\"attachment-medium size-medium\" alt=\"\" srcset=\"https:\/\/www.podhorama.cz\/wp-content\/uploads\/2018\/07\/rov\u00fd-vrch-e1532000578867-300x200.jpg 300w, https:\/\/www.podhorama.cz\/wp-content\/uploads\/2018\/07\/rov\u00fd-vrch-e1532000578867-768x513.jpg 768w, https:\/\/www.podhorama.cz\/wp-content\/uploads\/2018\/07\/rov\u00fd-vrch-e1532000578867-272x182.jpg 272w, https:\/\/www.podhorama.cz\/wp-content\/uploads\/2018\/07\/rov\u00fd-vrch-e1532000578867.jpg 800w\" sizes=\"auto, (max-width: 300px) 100vw, 300px\" \/><\/a>\n\t\t\t<\/div><\/figure><figure class='gallery-item'>\n\t\t\t<div class='gallery-icon landscape'>\n\t\t\t\t<a href='https:\/\/www.podhorama.cz\/wp-content\/uploads\/2018\/07\/20170611_120355-e1532000753295.jpg'><img loading=\"lazy\" decoding=\"async\" width=\"300\" height=\"200\" src=\"https:\/\/www.podhorama.cz\/wp-content\/uploads\/2018\/07\/20170611_120355-e1532000753295.jpg\" class=\"attachment-medium size-medium\" alt=\"\" \/><\/a>\n\t\t\t<\/div><\/figure><figure class='gallery-item'>\n\t\t\t<div class='gallery-icon landscape'>\n\t\t\t\t<a href='https:\/\/www.podhorama.cz\/wp-content\/uploads\/2018\/07\/l\u00e1vov\u00fd-proud-u-meziny-e1532000824817.jpg'><img loading=\"lazy\" decoding=\"async\" width=\"300\" height=\"199\" src=\"https:\/\/www.podhorama.cz\/wp-content\/uploads\/2018\/07\/l\u00e1vov\u00fd-proud-u-meziny-e1532000824817-300x199.jpg\" class=\"attachment-medium size-medium\" alt=\"\" srcset=\"https:\/\/www.podhorama.cz\/wp-content\/uploads\/2018\/07\/l\u00e1vov\u00fd-proud-u-meziny-e1532000824817-300x199.jpg 300w, https:\/\/www.podhorama.cz\/wp-content\/uploads\/2018\/07\/l\u00e1vov\u00fd-proud-u-meziny-e1532000824817.jpg 700w\" sizes=\"auto, (max-width: 300px) 100vw, 300px\" \/><\/a>\n\t\t\t<\/div><\/figure><figure class='gallery-item'>\n\t\t\t<div class='gallery-icon landscape'>\n\t\t\t\t<a href='https:\/\/www.podhorama.cz\/wp-content\/uploads\/2018\/07\/dlouh\u00e9-str\u00e1n\u011b-e1532000870547.jpg'><img loading=\"lazy\" decoding=\"async\" width=\"300\" height=\"199\" src=\"https:\/\/www.podhorama.cz\/wp-content\/uploads\/2018\/07\/dlouh\u00e9-str\u00e1n\u011b-e1532000870547-300x199.jpg\" class=\"attachment-medium size-medium\" alt=\"\" srcset=\"https:\/\/www.podhorama.cz\/wp-content\/uploads\/2018\/07\/dlouh\u00e9-str\u00e1n\u011b-e1532000870547-300x199.jpg 300w, https:\/\/www.podhorama.cz\/wp-content\/uploads\/2018\/07\/dlouh\u00e9-str\u00e1n\u011b-e1532000870547.jpg 656w\" sizes=\"auto, (max-width: 300px) 100vw, 300px\" \/><\/a>\n\t\t\t<\/div><\/figure><figure class='gallery-item'>\n\t\t\t<div class='gallery-icon landscape'>\n\t\t\t\t<a href='https:\/\/www.podhorama.cz\/wp-content\/uploads\/2018\/07\/mak\u010du-pik\u010du.jpg'><img loading=\"lazy\" decoding=\"async\" width=\"300\" height=\"200\" src=\"https:\/\/www.podhorama.cz\/wp-content\/uploads\/2018\/07\/mak\u010du-pik\u010du-300x200.jpg\" class=\"attachment-medium size-medium\" alt=\"\" srcset=\"https:\/\/www.podhorama.cz\/wp-content\/uploads\/2018\/07\/mak\u010du-pik\u010du-300x200.jpg 300w, https:\/\/www.podhorama.cz\/wp-content\/uploads\/2018\/07\/mak\u010du-pik\u010du-272x182.jpg 272w, https:\/\/www.podhorama.cz\/wp-content\/uploads\/2018\/07\/mak\u010du-pik\u010du.jpg 720w\" sizes=\"auto, (max-width: 300px) 100vw, 300px\" \/><\/a>\n\t\t\t<\/div><\/figure><figure class='gallery-item'>\n\t\t\t<div class='gallery-icon landscape'>\n\t\t\t\t<a href='https:\/\/www.podhorama.cz\/wp-content\/uploads\/2018\/07\/petraky-e1532000955718.jpg'><img loading=\"lazy\" decoding=\"async\" width=\"300\" height=\"200\" src=\"https:\/\/www.podhorama.cz\/wp-content\/uploads\/2018\/07\/petraky-e1532000955718-300x200.jpg\" class=\"attachment-medium size-medium\" alt=\"\" srcset=\"https:\/\/www.podhorama.cz\/wp-content\/uploads\/2018\/07\/petraky-e1532000955718-300x200.jpg 300w, https:\/\/www.podhorama.cz\/wp-content\/uploads\/2018\/07\/petraky-e1532000955718-768x511.jpg 768w, https:\/\/www.podhorama.cz\/wp-content\/uploads\/2018\/07\/petraky-e1532000955718-272x182.jpg 272w, https:\/\/www.podhorama.cz\/wp-content\/uploads\/2018\/07\/petraky-e1532000955718.jpg 801w\" sizes=\"auto, (max-width: 300px) 100vw, 300px\" \/><\/a>\n\t\t\t<\/div><\/figure><figure class='gallery-item'>\n\t\t\t<div class='gallery-icon landscape'>\n\t\t\t\t<a href='https:\/\/www.podhorama.cz\/wp-content\/uploads\/2018\/07\/B\u00edl\u00e1-Opava-podzim-e1532001007864.jpg'><img loading=\"lazy\" decoding=\"async\" width=\"300\" height=\"200\" src=\"https:\/\/www.podhorama.cz\/wp-content\/uploads\/2018\/07\/B\u00edl\u00e1-Opava-podzim-e1532001007864-300x200.jpg\" class=\"attachment-medium size-medium\" alt=\"\" srcset=\"https:\/\/www.podhorama.cz\/wp-content\/uploads\/2018\/07\/B\u00edl\u00e1-Opava-podzim-e1532001007864-300x200.jpg 300w, https:\/\/www.podhorama.cz\/wp-content\/uploads\/2018\/07\/B\u00edl\u00e1-Opava-podzim-e1532001007864-272x182.jpg 272w, https:\/\/www.podhorama.cz\/wp-content\/uploads\/2018\/07\/B\u00edl\u00e1-Opava-podzim-e1532001007864.jpg 603w\" sizes=\"auto, (max-width: 300px) 100vw, 300px\" \/><\/a>\n\t\t\t<\/div><\/figure><figure class='gallery-item'>\n\t\t\t<div class='gallery-icon landscape'>\n\t\t\t\t<a href='https:\/\/www.podhorama.cz\/wp-content\/uploads\/2018\/07\/Roland\u016fv-k\u00e1men-2-768x1024-e1532001071427.jpg'><img loading=\"lazy\" decoding=\"async\" width=\"300\" height=\"200\" src=\"https:\/\/www.podhorama.cz\/wp-content\/uploads\/2018\/07\/Roland\u016fv-k\u00e1men-2-768x1024-e1532001071427-300x200.jpg\" class=\"attachment-medium size-medium\" alt=\"\" srcset=\"https:\/\/www.podhorama.cz\/wp-content\/uploads\/2018\/07\/Roland\u016fv-k\u00e1men-2-768x1024-e1532001071427-300x200.jpg 300w, https:\/\/www.podhorama.cz\/wp-content\/uploads\/2018\/07\/Roland\u016fv-k\u00e1men-2-768x1024-e1532001071427.jpg 768w, https:\/\/www.podhorama.cz\/wp-content\/uploads\/2018\/07\/Roland\u016fv-k\u00e1men-2-768x1024-e1532001071427-272x182.jpg 272w\" sizes=\"auto, (max-width: 300px) 100vw, 300px\" \/><\/a>\n\t\t\t<\/div><\/figure><figure class='gallery-item'>\n\t\t\t<div class='gallery-icon landscape'>\n\t\t\t\t<a href='https:\/\/www.podhorama.cz\/wp-content\/uploads\/2018\/07\/IMG_5352-1024x683-e1532001230803.jpg'><img loading=\"lazy\" decoding=\"async\" width=\"300\" height=\"200\" src=\"https:\/\/www.podhorama.cz\/wp-content\/uploads\/2018\/07\/IMG_5352-1024x683-300x200.jpg\" class=\"attachment-medium size-medium\" alt=\"\" srcset=\"https:\/\/www.podhorama.cz\/wp-content\/uploads\/2018\/07\/IMG_5352-1024x683-300x200.jpg 300w, https:\/\/www.podhorama.cz\/wp-content\/uploads\/2018\/07\/IMG_5352-1024x683-768x512.jpg 768w, https:\/\/www.podhorama.cz\/wp-content\/uploads\/2018\/07\/IMG_5352-1024x683-1024x683.jpg 1024w, https:\/\/www.podhorama.cz\/wp-content\/uploads\/2018\/07\/IMG_5352-1024x683-272x182.jpg 272w, https:\/\/www.podhorama.cz\/wp-content\/uploads\/2018\/07\/IMG_5352-1024x683-e1532001230803.jpg 799w\" sizes=\"auto, (max-width: 300px) 100vw, 300px\" \/><\/a>\n\t\t\t<\/div><\/figure>\n\t\t<\/div>\n\n<\/div>\n<\/div><\/div><\/div><div id=\"pgc-32-3-1\"  class=\"panel-grid-cell\" ><div id=\"panel-32-3-1-0\" class=\"so-panel widget panel-first-child panel-last-child\" data-index=\"3\" ><\/div><\/div><\/div><\/div>","protected":false},"excerpt":{"rendered":"<p>V\u00edtejte v apartm\u00e1nech Podhorama.cz, kter\u00e9 V\u00e1m nab\u00edzej\u00ed p\u0159\u00edjemn\u00e9 ubytov\u00e1n\u00ed v prostorn\u00fdch, modern\u00edch apartm\u00e1nech. Tato lokalita nab\u00edz\u00ed celoro\u010dn\u00ed vy\u017eit\u00ed pro ly\u017ea\u0159e, b\u011b\u017eka\u0159e, cyklisty, turisty i rodiny&hellip;<\/p>\n","protected":false},"author":1,"featured_media":0,"parent":0,"menu_order":0,"comment_status":"closed","ping_status":"open","template":"","meta":{"ngg_post_thumbnail":0,"footnotes":""},"class_list":["post-32","page","type-page","status-publish","hentry"],"_links":{"self":[{"href":"https:\/\/www.podhorama.cz\/index.php\/wp-json\/wp\/v2\/pages\/32","targetHints":{"allow":["GET"]}}],"collection":[{"href":"https:\/\/www.podhorama.cz\/index.php\/wp-json\/wp\/v2\/pages"}],"about":[{"href":"https:\/\/www.podhorama.cz\/index.php\/wp-json\/wp\/v2\/types\/page"}],"author":[{"embeddable":true,"href":"https:\/\/www.podhorama.cz\/index.php\/wp-json\/wp\/v2\/users\/1"}],"replies":[{"embeddable":true,"href":"https:\/\/www.podhorama.cz\/index.php\/wp-json\/wp\/v2\/comments?post=32"}],"version-history":[{"count":119,"href":"https:\/\/www.podhorama.cz\/index.php\/wp-json\/wp\/v2\/pages\/32\/revisions"}],"predecessor-version":[{"id":1496,"href":"https:\/\/www.podhorama.cz\/index.php\/wp-json\/wp\/v2\/pages\/32\/revisions\/1496"}],"wp:attachment":[{"href":"https:\/\/www.podhorama.cz\/index.php\/wp-json\/wp\/v2\/media?parent=32"}],"curies":[{"name":"wp","href":"https:\/\/api.w.org\/{rel}","templated":true}]}}