{"id":314,"date":"2018-07-13T06:39:01","date_gmt":"2018-07-13T06:39:01","guid":{"rendered":"http:\/\/www.podhorama.cz\/?page_id=314"},"modified":"2018-07-18T13:13:33","modified_gmt":"2018-07-18T13:13:33","slug":"rozhledna-nova-ves","status":"publish","type":"page","link":"https:\/\/www.podhorama.cz\/index.php\/rozhledna-nova-ves\/","title":{"rendered":"Rozhledna Nov\u00e1 Ves"},"content":{"rendered":"<div id=\"pl-314\"  class=\"panel-layout\" ><div id=\"pg-314-0\"  class=\"panel-grid panel-no-style\" ><div id=\"pgc-314-0-0\"  class=\"panel-grid-cell\" ><div id=\"panel-314-0-0-0\" class=\"so-panel widget widget_sow-image panel-first-child\" data-index=\"0\" ><div\n\t\t\t\n\t\t\tclass=\"so-widget-sow-image so-widget-sow-image-default-dbf295114b96-314\"\n\t\t\t\n\t\t>\n<div class=\"sow-image-container\">\n\t\t<img \n\tsrc=\"https:\/\/www.podhorama.cz\/wp-content\/uploads\/2018\/07\/nov\u00e1-ves-royhledna-e1470082930333.jpg\" width=\"398\" height=\"595\" srcset=\"https:\/\/www.podhorama.cz\/wp-content\/uploads\/2018\/07\/nov\u00e1-ves-royhledna-e1470082930333.jpg 398w, https:\/\/www.podhorama.cz\/wp-content\/uploads\/2018\/07\/nov\u00e1-ves-royhledna-e1470082930333-201x300.jpg 201w\" sizes=\"(max-width: 398px) 100vw, 398px\" alt=\"\" \t\tclass=\"so-widget-image\"\/>\n\t<\/div>\n\n<\/div><\/div><div id=\"panel-314-0-0-1\" class=\"so-panel widget widget_sow-editor panel-last-child\" data-index=\"1\" ><div\n\t\t\t\n\t\t\tclass=\"so-widget-sow-editor so-widget-sow-editor-base\"\n\t\t\t\n\t\t>\n<div class=\"siteorigin-widget-tinymce textwidget\">\n\t<p><iframe loading=\"lazy\" src=\"https:\/\/www.google.com\/maps\/embed?pb=!1m14!1m8!1m3!1d2564.8325389151823!2d17.265015!3d49.995749!3m2!1i1024!2i768!4f13.1!3m3!1m2!1s0x0%3A0xc7f8bbf1998242f0!2zVnlobMOtZGtvdsOhIHbEm8W-IC0gTm92w6EgVmVz!5e0!3m2!1scs!2scz!4v1492110438500\" width=\"400\" height=\"300\" frameborder=\"0\" style=\"border:0\" allowfullscreen><\/iframe><\/p>\n<\/div>\n<\/div><\/div><\/div><div id=\"pgc-314-0-1\"  class=\"panel-grid-cell\" ><div id=\"panel-314-0-1-0\" class=\"so-panel widget widget_sow-editor panel-first-child panel-last-child\" data-index=\"2\" ><div\n\t\t\t\n\t\t\tclass=\"so-widget-sow-editor so-widget-sow-editor-base\"\n\t\t\t\n\t\t>\n<div class=\"siteorigin-widget-tinymce textwidget\">\n\t<p>Typ\/materi\u00e1l: zd\u011bn\u00e1 rozhledna<br \/>\nLokalita: konec osady Nov\u00e1 Ves, lokalita Na Vyhl\u00eddce (obec Doln\u00ed Moravice), cca 20km z\u00e1padn\u011b od Brunt\u00e1lu<br \/>\nGPS: 49.9960208\u00b0N, 17.2657217\u00b0E<br \/>\nNadmo\u0159sk\u00e1 v\u00fd\u0161ka: 845m<br \/>\nOkres: Brunt\u00e1l<br \/>\nObdob\u00ed v\u00fdstavby: duben 2013 \u2013 kv\u011bten 2014<br \/>\nOfici\u00e1ln\u00ed zp\u0159\u00edstupn\u011bn\u00ed: 29. kv\u011btna 2014<br \/>\nCelkov\u00e1 v\u00fd\u0161ka:  31,3m<br \/>\nV\u00fd\u0161ka vyhl\u00eddkov\u00e9 plo\u0161iny: 27,5m<br \/>\nPo\u010det schod\u016f: 164<br \/>\nOtev\u00edrac\u00ed doba:<br \/>\nv\u00edkendy do 1. 4. do 31. 10. od 11:00 \u2013 18:00 hod<br \/>\nod 1. 11. \u2013 31. 3. od 11:00 \u2013 16:00 hod<br \/>\nv dob\u011b letn\u00edch pr\u00e1zdnin (1. 7. \u2013 31. 8.) otev\u0159eno denn\u011b od 11:00 \u2013 18:00 hod<\/p>\n<p>P\u0159\u00edstup: Obec Doln\u00ed Moravice se nach\u00e1z\u00ed p\u0159i silnici \u010d. 445 spojuj\u00edc\u00ed R\u00fdma\u0159ov a Karlovu Stud\u00e1nku. P\u0159i p\u0159\u00edjezdu do obce od R\u00fdma\u0159ova odbo\u010dit vlevo a p\u0159es m\u00edstn\u00ed \u010d\u00e1st Horn\u00ed Moravice pokra\u010dovat vzh\u016fru cca 3km a\u017e na konec Nov\u00e9 Vsi, kde se rozhledna nach\u00e1z\u00ed (v jej\u00ed bl\u00edzkosti je nov\u00e9 parkovi\u0161t\u011b).<\/p>\n<p>V\u00fdhled: nap\u0159. R\u00fdma\u0159ovsko, Brunt\u00e1lsko, hlavn\u00ed h\u0159eben Hrub\u00e9ho Jesen\u00edku, Slezsk\u00e1 Harta, Velk\u00fd a Mal\u00fd Roudn\u00fd, p\u0159i dobr\u00e9 viditelnosti Beskydy, Vysok\u00e9 Tatry<\/p>\n<p>Historie: My\u0161lenka postavit v Doln\u00ed Moravice, m\u00edstn\u00ed \u010d\u00e1sti Nov\u00e1 Ves, rozhlednu sah\u00e1 zhruba do roku 2004. N\u00e1pad se brzy stal jednou z priorit p\u0159edstavitel\u016f obce Doln\u00ed Moravice, kte\u0159\u00ed za t\u00edmto \u00fa\u010delem nechali p\u0159ipravit \u00fazemn\u00ed pl\u00e1n a v roce 2011 usp\u011bli s \u017e\u00e1dost\u00ed o dotaci z Region\u00e1ln\u00edho opera\u010dn\u00edho programu NUTS II Moravskoslezko 2007-2013. Podpora z EU ve v\u00fd\u0161i 6,4 mil. K\u010d pokryla v\u011bt\u0161inu n\u00e1klad\u016f projektu (celkem 8,5 mil. K\u010d), kter\u00fd krom\u011b v\u00fdstavby osmibok\u00e9 vyhl\u00eddkov\u00e9 v\u011b\u017ee (s muzeem, d\u011btsk\u00fdm koutkem, \u00faschovnou kol a ly\u017e\u00ed, soci\u00e1ln\u00edm za\u0159\u00edzen\u00edm a informa\u010dn\u00edm centrem) zahrnul tak\u00e9 zbudov\u00e1n\u00ed men\u0161\u00edho p\u0159ilehl\u00e9ho parkovi\u0161t\u011b. Zbylou \u010d\u00e1stkou cca 2 mil. K\u010d se pod\u00edlel inici\u00e1tor stavby Obecn\u00ed \u00fa\u0159ad Doln\u00ed Moravice.<br \/>\nPodoba \u0161estipatrov\u00e9 rozhledny (\u017eelezobetonov\u00fd tubus oblo\u017een\u00fd mod\u0159\u00ednov\u00fdm d\u0159evem, s ocelov\u00fdm schodi\u0161t\u011bm) byla navr\u017eena firmou RD Projects&Partners s.r.o. z R\u00fdma\u0159ova, prov\u00e1d\u011bc\u00ed dokumentaci a statick\u00e9 posouzen\u00ed p\u0159ipravila spole\u010dnost Vauban z Bolatic. V obdob\u00ed duben 2013 a\u017e kv\u011bten 2014 vyhl\u00eddkovou v\u011b\u017e postavila firma VHH Thermont s.r.o. z Uni\u010dova. Slavnostn\u00ed otev\u0159en\u00ed rozhledny prob\u011bhlo ve \u010dtvrtek 29. kv\u011btna 2014.  <\/p>\n<\/div>\n<\/div><\/div><\/div><\/div><\/div>","protected":false},"excerpt":{"rendered":"<p>Typ\/materi\u00e1l: zd\u011bn\u00e1 rozhledna Lokalita: konec osady Nov\u00e1 Ves, lokalita Na Vyhl\u00eddce (obec Doln\u00ed Moravice), cca 20km z\u00e1padn\u011b od Brunt\u00e1lu GPS: 49.9960208\u00b0N, 17.2657217\u00b0E Nadmo\u0159sk\u00e1 v\u00fd\u0161ka: 845m&hellip;<\/p>\n","protected":false},"author":1,"featured_media":0,"parent":0,"menu_order":0,"comment_status":"closed","ping_status":"closed","template":"","meta":{"ngg_post_thumbnail":0,"footnotes":""},"class_list":["post-314","page","type-page","status-publish","hentry"],"_links":{"self":[{"href":"https:\/\/www.podhorama.cz\/index.php\/wp-json\/wp\/v2\/pages\/314","targetHints":{"allow":["GET"]}}],"collection":[{"href":"https:\/\/www.podhorama.cz\/index.php\/wp-json\/wp\/v2\/pages"}],"about":[{"href":"https:\/\/www.podhorama.cz\/index.php\/wp-json\/wp\/v2\/types\/page"}],"author":[{"embeddable":true,"href":"https:\/\/www.podhorama.cz\/index.php\/wp-json\/wp\/v2\/users\/1"}],"replies":[{"embeddable":true,"href":"https:\/\/www.podhorama.cz\/index.php\/wp-json\/wp\/v2\/comments?post=314"}],"version-history":[{"count":7,"href":"https:\/\/www.podhorama.cz\/index.php\/wp-json\/wp\/v2\/pages\/314\/revisions"}],"predecessor-version":[{"id":611,"href":"https:\/\/www.podhorama.cz\/index.php\/wp-json\/wp\/v2\/pages\/314\/revisions\/611"}],"wp:attachment":[{"href":"https:\/\/www.podhorama.cz\/index.php\/wp-json\/wp\/v2\/media?parent=314"}],"curies":[{"name":"wp","href":"https:\/\/api.w.org\/{rel}","templated":true}]}}