{"id":303,"date":"2018-07-13T05:58:52","date_gmt":"2018-07-13T05:58:52","guid":{"rendered":"http:\/\/www.podhorama.cz\/?page_id=303"},"modified":"2018-07-18T11:33:59","modified_gmt":"2018-07-18T11:33:59","slug":"razovske-tufity","status":"publish","type":"page","link":"https:\/\/www.podhorama.cz\/index.php\/razovske-tufity\/","title":{"rendered":"Razovsk\u00e9 tufity"},"content":{"rendered":"<div id=\"pl-303\"  class=\"panel-layout\" ><div id=\"pg-303-0\"  class=\"panel-grid panel-no-style\" ><div id=\"pgc-303-0-0\"  class=\"panel-grid-cell\" ><div id=\"panel-303-0-0-0\" class=\"so-panel widget widget_sow-image panel-first-child\" data-index=\"0\" ><div\n\t\t\t\n\t\t\tclass=\"so-widget-sow-image so-widget-sow-image-default-dbf295114b96-303\"\n\t\t\t\n\t\t>\n<div class=\"sow-image-container\">\n\t\t<img \n\tsrc=\"https:\/\/www.podhorama.cz\/wp-content\/uploads\/2018\/07\/tufity.jpg\" width=\"811\" height=\"608\" srcset=\"https:\/\/www.podhorama.cz\/wp-content\/uploads\/2018\/07\/tufity.jpg 811w, https:\/\/www.podhorama.cz\/wp-content\/uploads\/2018\/07\/tufity-300x225.jpg 300w, https:\/\/www.podhorama.cz\/wp-content\/uploads\/2018\/07\/tufity-768x576.jpg 768w\" sizes=\"(max-width: 811px) 100vw, 811px\" alt=\"\" \t\tclass=\"so-widget-image\"\/>\n\t<\/div>\n\n<\/div><\/div><div id=\"panel-303-0-0-1\" class=\"so-panel widget widget_sow-image\" data-index=\"1\" ><div\n\t\t\t\n\t\t\tclass=\"so-widget-sow-image so-widget-sow-image-default-dbf295114b96-303\"\n\t\t\t\n\t\t>\n<div class=\"sow-image-container\">\n\t\t<img \n\tsrc=\"https:\/\/www.podhorama.cz\/wp-content\/uploads\/2018\/07\/cedule-razovsk\u00e9-tufity.jpg\" width=\"640\" height=\"480\" srcset=\"https:\/\/www.podhorama.cz\/wp-content\/uploads\/2018\/07\/cedule-razovsk\u00e9-tufity.jpg 640w, https:\/\/www.podhorama.cz\/wp-content\/uploads\/2018\/07\/cedule-razovsk\u00e9-tufity-300x225.jpg 300w\" sizes=\"(max-width: 640px) 100vw, 640px\" alt=\"\" \t\tclass=\"so-widget-image\"\/>\n\t<\/div>\n\n<\/div><\/div><div id=\"panel-303-0-0-2\" class=\"so-panel widget widget_sow-editor panel-last-child\" data-index=\"2\" ><div\n\t\t\t\n\t\t\tclass=\"so-widget-sow-editor so-widget-sow-editor-base\"\n\t\t\t\n\t\t>\n<div class=\"siteorigin-widget-tinymce textwidget\">\n\t<p><iframe loading=\"lazy\" src=\"https:\/\/api.mapy.cz\/frame?params=%7B%22x%22%3A17.5218770233%2C%22y%22%3A49.9141009353%2C%22base%22%3A%222%22%2C%22layers%22%3A%5B7%5D%2C%22zoom%22%3A17%2C%22url%22%3A%22https%3A%2F%2Fmapy.cz%2Fs%2F2pYy2%22%2C%22mark%22%3A%7B%22x%22%3A%2217.5218770233%22%2C%22y%22%3A%2249.9141009353%22%2C%22title%22%3A%22P%C5%99%C3%ADrodn%C3%AD%20pam%C3%A1tka%20Razovsk%C3%A9%20tufity%22%7D%2C%22overview%22%3Afalse%7D&amp;width=400&amp;height=280&amp;lang=cs\" width=\"400\" height=\"280\" style=\"border:none\" frameBorder=\"0\"><\/iframe><\/p>\n<\/div>\n<\/div><\/div><\/div><div id=\"pgc-303-0-1\"  class=\"panel-grid-cell\" ><div id=\"panel-303-0-1-0\" class=\"so-panel widget widget_text panel-first-child panel-last-child\" data-index=\"3\" >\t\t\t<div class=\"textwidget\"><p>P\u0159\u00edrodn\u00ed rezervace Razovsk\u00e9 tufity se nach\u00e1z\u00ed v rozs\u00e1hl\u00e9m opu\u0161t\u011bn\u00e9m lomu v bl\u00edzkosti obce Razov\u00e1, v sousedstv\u00ed vodn\u00ed hladiny. Lom byl v roce 1997 vyhl\u00e1\u0161en chr\u00e1n\u011bn\u00fdm \u00fazem\u00edm pro zachov\u00e1n\u00ed obna\u017een\u00fdch v\u00fdchoz\u016f tufit\u016f a teplomiln\u00fdch rostlin.<\/p>\n<p>Tufity jsou pevn\u00fd sope\u010dn\u00fd n\u00e1nos popele a p\u00edsku a p\u0159edstavuj\u00ed p\u0159ev\u00e1\u017en\u011b lapillov\u00e9 a p\u00edskov\u00e9 tufity s pod\u00edlem vulkanick\u00e9 slo\u017eky.<\/p>\n<p>I kdy\u017e sem nevede turistick\u00e9 zna\u010den\u00ed, lom najdete snadno. Projedete obc\u00ed Razov\u00e1 ve sm\u011bru ke Slezsk\u00e9 Hart\u011b. V bl\u00edzkosti posledn\u00ed autobusov\u00e9 zast\u00e1vky je dostate\u010dn\u011b velk\u00e1 plocha pro parkov\u00e1n\u00ed. K pokra\u010dov\u00e1n\u00ed v j\u00edzd\u011b br\u00e1n\u00ed z\u00e1kazov\u00e1 zna\u010dka.<\/p>\n<p>K mostu p\u0159es Razovsk\u00fd potok chyb\u00ed sotva p\u011bt set metr\u016f. Tady u\u017e jsou sm\u011brovky i prvn\u00ed informa\u010dn\u00ed tabule. Dal\u0161\u00edch p\u011bt set metr\u016f odtud, p\u0159i vstupu do chr\u00e1n\u011bn\u00e9ho \u00fazem\u00ed, najdou turist\u00e9, kte\u0159\u00ed maj\u00ed ve sv\u00fdch mobiln\u00edch telefonech sta\u017eenu p\u0159\u00edslu\u0161nou aplikaci, na sloupku taggy (\u010dtvercov\u00e9 k\u00f3dy). Po vyfotografov\u00e1n\u00ed k\u00f3du a potvrzen\u00ed spojen\u00ed se v jejich telefonu otev\u0159ou detailn\u00ed informace o dan\u00e9m m\u00edst\u011b. Pokud takovou aplikaci ve sv\u00e9m mobilu nem\u00e1te, nemus\u00edte smutnit. Podrobn\u00fdch informac\u00ed je na p\u0159\u00edslu\u0161n\u00fdch tabul\u00edch dostatek.<\/p>\n<p>Proch\u00e1zka lomem je a\u017e neskute\u010dn\u011b romantick\u00e1. V centru pam\u00e1tky nechyb\u00ed odpo\u010d\u00edvadlo a spousta mod\u0159\u00edn\u016f je soust\u0159ed\u011bna pr\u00e1v\u011b v jeho okol\u00ed. A jak \u017ee tufity vlastn\u011b vznikly? L\u00e1vov\u00fd proud z Velk\u00e9ho Roudn\u00e9ho vyplnil \u00fadol\u00ed \u0159eky Moravice a sope\u010dn\u00e9 vyv\u0159eliny byly vypl\u00e1chnuty vzdut\u00fdmi vodami.<\/p>\n<p>Tufity, lehk\u00e9 a dob\u0159e opracovateln\u00e9, byly t\u011b\u017eeny od 14. stolet\u00ed jako stavebn\u00ed materi\u00e1l. Hladk\u00e9 st\u011bny lomu sv\u011bd\u010d\u00ed o \u0159ez\u00e1n\u00ed velk\u00fdch desek a blok\u016f pilou. Tufity byly pou\u017eity mimo jin\u00e9 tak\u00e9 na stavbu ark\u00e1d brunt\u00e1lsk\u00e9ho z\u00e1mku.<\/p>\n<p>V Razov\u00e9 se s t\u00edmto materi\u00e1lem m\u016f\u017eete setkat na ka\u017ed\u00e9m kroku. Najdete tu mohutnou ohradn\u00ed ze\u010f, kter\u00e1 byla postavena z tufitov\u00fdch kv\u00e1dr\u016f na ochranu p\u0159ilehl\u00e9 komunikace p\u0159ed bo\u010dn\u00edm sesuvem nebo t\u0159eba statek s celou \u0159adou stavebn\u00edch prvk\u016f z tufitu. M\u00edsta jsou ozna\u010dena tabulkami a podrobn\u00fdm popisem, tak\u017ee je nem\u016f\u017eete minout.<\/p>\n<\/div>\n\t\t<\/div><\/div><\/div><\/div>","protected":false},"excerpt":{"rendered":"<p>P\u0159\u00edrodn\u00ed rezervace Razovsk\u00e9 tufity se nach\u00e1z\u00ed v rozs\u00e1hl\u00e9m opu\u0161t\u011bn\u00e9m lomu v bl\u00edzkosti obce Razov\u00e1, v sousedstv\u00ed vodn\u00ed hladiny. Lom byl v roce 1997 vyhl\u00e1\u0161en chr\u00e1n\u011bn\u00fdm&hellip;<\/p>\n","protected":false},"author":1,"featured_media":0,"parent":0,"menu_order":0,"comment_status":"closed","ping_status":"closed","template":"","meta":{"ngg_post_thumbnail":0,"footnotes":""},"class_list":["post-303","page","type-page","status-publish","hentry"],"_links":{"self":[{"href":"https:\/\/www.podhorama.cz\/index.php\/wp-json\/wp\/v2\/pages\/303","targetHints":{"allow":["GET"]}}],"collection":[{"href":"https:\/\/www.podhorama.cz\/index.php\/wp-json\/wp\/v2\/pages"}],"about":[{"href":"https:\/\/www.podhorama.cz\/index.php\/wp-json\/wp\/v2\/types\/page"}],"author":[{"embeddable":true,"href":"https:\/\/www.podhorama.cz\/index.php\/wp-json\/wp\/v2\/users\/1"}],"replies":[{"embeddable":true,"href":"https:\/\/www.podhorama.cz\/index.php\/wp-json\/wp\/v2\/comments?post=303"}],"version-history":[{"count":5,"href":"https:\/\/www.podhorama.cz\/index.php\/wp-json\/wp\/v2\/pages\/303\/revisions"}],"predecessor-version":[{"id":568,"href":"https:\/\/www.podhorama.cz\/index.php\/wp-json\/wp\/v2\/pages\/303\/revisions\/568"}],"wp:attachment":[{"href":"https:\/\/www.podhorama.cz\/index.php\/wp-json\/wp\/v2\/media?parent=303"}],"curies":[{"name":"wp","href":"https:\/\/api.w.org\/{rel}","templated":true}]}}