{"id":297,"date":"2018-07-12T19:57:06","date_gmt":"2018-07-12T19:57:06","guid":{"rendered":"http:\/\/www.podhorama.cz\/?page_id=297"},"modified":"2018-07-18T13:27:56","modified_gmt":"2018-07-18T13:27:56","slug":"raseliniste-skritek","status":"publish","type":"page","link":"https:\/\/www.podhorama.cz\/index.php\/raseliniste-skritek\/","title":{"rendered":"Ra\u0161elini\u0161t\u011b Sk\u0159\u00edtek"},"content":{"rendered":"<div id=\"pl-297\"  class=\"panel-layout\" ><div id=\"pg-297-0\"  class=\"panel-grid panel-no-style\" ><div id=\"pgc-297-0-0\"  class=\"panel-grid-cell\" ><div id=\"panel-297-0-0-0\" class=\"so-panel widget widget_sow-image panel-first-child\" data-index=\"0\" ><div\n\t\t\t\n\t\t\tclass=\"so-widget-sow-image so-widget-sow-image-default-dbf295114b96-297\"\n\t\t\t\n\t\t>\n<div class=\"sow-image-container\">\n\t\t<img \n\tsrc=\"https:\/\/www.podhorama.cz\/wp-content\/uploads\/2018\/07\/ra\u0161elini\u0161t\u011b-sk\u0159\u00edtek.jpg\" width=\"800\" height=\"517\" srcset=\"https:\/\/www.podhorama.cz\/wp-content\/uploads\/2018\/07\/ra\u0161elini\u0161t\u011b-sk\u0159\u00edtek.jpg 800w, https:\/\/www.podhorama.cz\/wp-content\/uploads\/2018\/07\/ra\u0161elini\u0161t\u011b-sk\u0159\u00edtek-300x194.jpg 300w, https:\/\/www.podhorama.cz\/wp-content\/uploads\/2018\/07\/ra\u0161elini\u0161t\u011b-sk\u0159\u00edtek-768x496.jpg 768w\" sizes=\"(max-width: 800px) 100vw, 800px\" alt=\"\" \t\tclass=\"so-widget-image\"\/>\n\t<\/div>\n\n<\/div><\/div><div id=\"panel-297-0-0-1\" class=\"so-panel widget widget_sow-image\" data-index=\"1\" ><div\n\t\t\t\n\t\t\tclass=\"so-widget-sow-image so-widget-sow-image-default-dbf295114b96-297\"\n\t\t\t\n\t\t>\n<div class=\"sow-image-container\">\n\t\t<img \n\tsrc=\"https:\/\/www.podhorama.cz\/wp-content\/uploads\/2018\/07\/ra\u0161elini\u0161t\u011b-sk\u0159\u00edtek2-1024x768.jpg\" width=\"1024\" height=\"768\" srcset=\"https:\/\/www.podhorama.cz\/wp-content\/uploads\/2018\/07\/ra\u0161elini\u0161t\u011b-sk\u0159\u00edtek2-1024x768.jpg 1024w, https:\/\/www.podhorama.cz\/wp-content\/uploads\/2018\/07\/ra\u0161elini\u0161t\u011b-sk\u0159\u00edtek2-1024x768-300x225.jpg 300w, https:\/\/www.podhorama.cz\/wp-content\/uploads\/2018\/07\/ra\u0161elini\u0161t\u011b-sk\u0159\u00edtek2-1024x768-768x576.jpg 768w\" sizes=\"(max-width: 1024px) 100vw, 1024px\" title=\"OLYMPUS DIGITAL CAMERA\" alt=\"\" \t\tclass=\"so-widget-image\"\/>\n\t<\/div>\n\n<\/div><\/div><div id=\"panel-297-0-0-2\" class=\"so-panel widget widget_sow-editor panel-last-child\" data-index=\"2\" ><div\n\t\t\t\n\t\t\tclass=\"so-widget-sow-editor so-widget-sow-editor-base\"\n\t\t\t\n\t\t>\n<div class=\"siteorigin-widget-tinymce textwidget\">\n\t<p><iframe loading=\"lazy\" src=\"https:\/\/www.google.com\/maps\/embed?pb=!1m14!1m8!1m3!1d328329.06282442925!2d17.163044!3d49.991282!3m2!1i1024!2i768!4f13.1!3m3!1m2!1s0x0%3A0x86b7f49a730db24d!2zUmHFoWVsaW5pxaF0xJsgU2vFmcOtdGVr!5e0!3m2!1scs!2scz!4v1492110392017\" width=\"400\" height=\"300\" frameborder=\"0\" style=\"border:0\" allowfullscreen><\/iframe><\/p>\n<\/div>\n<\/div><\/div><\/div><div id=\"pgc-297-0-1\"  class=\"panel-grid-cell\" ><div id=\"panel-297-0-1-0\" class=\"so-panel widget widget_text panel-first-child panel-last-child\" data-index=\"3\" >\t\t\t<div class=\"textwidget\"><p>Ra\u0161elini\u0161t\u011b Sk\u0159\u00edtek je n\u00e1rodn\u00ed p\u0159\u00edrodn\u00ed rezervace a rozkl\u00e1d\u00e1 se v ji\u017en\u00ed \u010d\u00e1sti chr\u00e1n\u011bn\u00e9 krajinn\u00e9 oblasti Jesen\u00edky. Oblast ra\u0161elini\u0161t\u011b se rozprost\u00edr\u00e1 na \u00fazem\u00ed dvou kraj\u016f a to men\u0161\u00ed \u010d\u00e1st\u00ed v Moravskoslezsk\u00e9m kraji a v\u011bt\u0161\u00ed plocha ra\u0161elini\u0161t\u011b je v kraji Olomouck\u00e9m. Prostor ra\u0161elini\u0161t\u011b najdeme jihov\u00fdchodn\u00edm sm\u011brem od motorestu v sedle Sk\u0159\u00edtek. Jihov\u00fdchodn\u00edm sm\u011brem od ra\u0161elini\u0161t\u011b le\u017e\u00ed m\u011bsto R\u00fdma\u0159ov a z\u00e1padn\u00edm sm\u011brem obec Sobot\u00edn. Silnice spojuj\u00edc\u00ed tyto dv\u011b lokality proch\u00e1z\u00ed sedlem Sk\u0159\u00edtek. N\u00e1rodn\u00ed p\u0159\u00edrodn\u00ed rezervaci Sk\u0159\u00edtek tvo\u0159\u00ed p\u0159echodn\u00e9 ra\u0161elini\u0161t\u011b prameni\u0161tn\u00edho typu, na kter\u00e9m se da\u0159\u00ed r\u016fstu ohro\u017een\u00fdch druh\u016f ra\u0161elini\u0161tn\u00edch a mok\u0159adn\u00edch rostlin. V oblasti ra\u0161elini\u0161t\u011b pramen\u00ed \u017dlut\u00fd potok, kter\u00fd u loveck\u00e9 chaty Hubert \u00fast\u00ed do Podolsk\u00e9ho potoka. Ra\u0161elini\u0161t\u011b m\u00e1 charakter tundru, kde najdeme mok\u0159ady, t\u016f\u0148ky a prameni\u0161t\u011b v oblasti smrkov\u00e9ho ra\u0161elini\u0161tn\u00edho lesa a luk. V oblasti roste ra\u0161elin\u00edk a na pevn\u011bj\u0161\u00edm podklad\u011b ra\u0161elin\u00edkov\u00e1 smr\u010dina. V okol\u00ed t\u016fn\u00ed se da\u0159\u00ed b\u0159\u00edze karpatsk\u00e9 a v podrostu m\u016f\u017eeme vid\u011bt suchop\u00fdr pochvat\u00fd, klikvu \u017eoravinu, violku bahenn\u00ed \u010di ost\u0159ici mok\u0159adn\u00ed. V okol\u00ed prameni\u0161\u0165 se da\u0159\u00ed kamzi\u010dn\u00edku rakousk\u00e9mu, om\u011bji \u0161alamounku, kropen\u00e1\u010di vytrval\u00e9mu, stra\u010dku poto\u010dn\u00edmu, sedmikv\u00edtku evropsk\u00e9mu \u010di tolije bahenn\u00ed. V oblasti rezervace se da\u0159\u00ed r\u016fstu tak\u00e9 velmi ohro\u017een\u00e9 rostlin\u011b a to kor\u00e1lici trojklann\u00e9. Oblast je chr\u00e1n\u011bn\u00e1 jako n\u00e1rodn\u00ed p\u0159\u00edrodn\u00ed rezervace od roku 1955 a rozkl\u00e1d\u00e1 se na plo\u0161e 166,65 hektar\u016f. Rezervace je rozprost\u00edr\u00e1 na t\u0159ech katastr\u00e1ln\u00edch \u00fazem\u00edch obc\u00ed Rudoltice, Klep\u00e1\u010dov v Olomouck\u00e9m kraji a obce \u017d\u010f\u00e1rsk\u00fd Potok v Moravskoslezsk\u00e9m kraji a v nadmo\u0159sk\u00e9 v\u00fd\u0161ce 815 a\u017e 890 metr\u016f. U motorestu v sedle Sk\u0159\u00edtek je v\u00fdchoz\u00ed m\u00edsto n\u011bkolika zna\u010den\u00fdch turistick\u00fdch tras. Vyd\u00e1me-li se z tohoto rozcest\u00ed po \u010derven\u00e9 zna\u010dce v\u00fdchodn\u00edm sm\u011brem dojdeme k rozcest\u00ed Nad Sk\u0159\u00edtkem a odtud d\u00e1le pokra\u010dujeme po \u010derven\u00e9 a po n\u011bkolika metrech od tohoto rozcest\u00ed budeme proch\u00e1zet severov\u00fdchodn\u00edm okrajem n\u00e1rodn\u00ed p\u0159\u00edrodn\u00ed rezervace Sk\u0159\u00edtek. T\u011bmito m\u00edsty rovn\u011b\u017e proch\u00e1z\u00ed zna\u010den\u00e1 cyklostezka.<\/p>\n<\/div>\n\t\t<\/div><\/div><\/div><\/div>","protected":false},"excerpt":{"rendered":"<p>Ra\u0161elini\u0161t\u011b Sk\u0159\u00edtek je n\u00e1rodn\u00ed p\u0159\u00edrodn\u00ed rezervace a rozkl\u00e1d\u00e1 se v ji\u017en\u00ed \u010d\u00e1sti chr\u00e1n\u011bn\u00e9 krajinn\u00e9 oblasti Jesen\u00edky. Oblast ra\u0161elini\u0161t\u011b se rozprost\u00edr\u00e1 na \u00fazem\u00ed dvou kraj\u016f a&hellip;<\/p>\n","protected":false},"author":1,"featured_media":0,"parent":0,"menu_order":0,"comment_status":"closed","ping_status":"closed","template":"","meta":{"ngg_post_thumbnail":0,"footnotes":""},"class_list":["post-297","page","type-page","status-publish","hentry"],"_links":{"self":[{"href":"https:\/\/www.podhorama.cz\/index.php\/wp-json\/wp\/v2\/pages\/297","targetHints":{"allow":["GET"]}}],"collection":[{"href":"https:\/\/www.podhorama.cz\/index.php\/wp-json\/wp\/v2\/pages"}],"about":[{"href":"https:\/\/www.podhorama.cz\/index.php\/wp-json\/wp\/v2\/types\/page"}],"author":[{"embeddable":true,"href":"https:\/\/www.podhorama.cz\/index.php\/wp-json\/wp\/v2\/users\/1"}],"replies":[{"embeddable":true,"href":"https:\/\/www.podhorama.cz\/index.php\/wp-json\/wp\/v2\/comments?post=297"}],"version-history":[{"count":6,"href":"https:\/\/www.podhorama.cz\/index.php\/wp-json\/wp\/v2\/pages\/297\/revisions"}],"predecessor-version":[{"id":630,"href":"https:\/\/www.podhorama.cz\/index.php\/wp-json\/wp\/v2\/pages\/297\/revisions\/630"}],"wp:attachment":[{"href":"https:\/\/www.podhorama.cz\/index.php\/wp-json\/wp\/v2\/media?parent=297"}],"curies":[{"name":"wp","href":"https:\/\/api.w.org\/{rel}","templated":true}]}}