{"id":289,"date":"2018-07-12T19:49:55","date_gmt":"2018-07-12T19:49:55","guid":{"rendered":"http:\/\/www.podhorama.cz\/?page_id=289"},"modified":"2018-07-18T13:28:52","modified_gmt":"2018-07-18T13:28:52","slug":"pradedovo-detske-muzeum","status":"publish","type":"page","link":"https:\/\/www.podhorama.cz\/index.php\/pradedovo-detske-muzeum\/","title":{"rendered":"Prad\u011bdovo d\u011btsk\u00e9 muzeum"},"content":{"rendered":"<div id=\"pl-289\"  class=\"panel-layout\" ><div id=\"pg-289-0\"  class=\"panel-grid panel-no-style\" ><div id=\"pgc-289-0-0\"  class=\"panel-grid-cell\" ><div id=\"panel-289-0-0-0\" class=\"so-panel widget widget_sow-image panel-first-child\" data-index=\"0\" ><div\n\t\t\t\n\t\t\tclass=\"so-widget-sow-image so-widget-sow-image-default-dbf295114b96-289\"\n\t\t\t\n\t\t>\n<div class=\"sow-image-container\">\n\t\t<img \n\tsrc=\"https:\/\/www.podhorama.cz\/wp-content\/uploads\/2018\/07\/IMG_4730.jpg\" width=\"2048\" height=\"1365\" srcset=\"https:\/\/www.podhorama.cz\/wp-content\/uploads\/2018\/07\/IMG_4730.jpg 2048w, https:\/\/www.podhorama.cz\/wp-content\/uploads\/2018\/07\/IMG_4730-300x200.jpg 300w, https:\/\/www.podhorama.cz\/wp-content\/uploads\/2018\/07\/IMG_4730-768x512.jpg 768w, https:\/\/www.podhorama.cz\/wp-content\/uploads\/2018\/07\/IMG_4730-1024x683.jpg 1024w, https:\/\/www.podhorama.cz\/wp-content\/uploads\/2018\/07\/IMG_4730-272x182.jpg 272w\" sizes=\"(max-width: 2048px) 100vw, 2048px\" alt=\"\" \t\tclass=\"so-widget-image\"\/>\n\t<\/div>\n\n<\/div><\/div><div id=\"panel-289-0-0-1\" class=\"so-panel widget widget_sow-image\" data-index=\"1\" ><div\n\t\t\t\n\t\t\tclass=\"so-widget-sow-image so-widget-sow-image-default-dbf295114b96-289\"\n\t\t\t\n\t\t>\n<div class=\"sow-image-container\">\n\t\t<img \n\tsrc=\"https:\/\/www.podhorama.cz\/wp-content\/uploads\/2018\/07\/IMG_4698.jpg\" width=\"2048\" height=\"1365\" srcset=\"https:\/\/www.podhorama.cz\/wp-content\/uploads\/2018\/07\/IMG_4698.jpg 2048w, https:\/\/www.podhorama.cz\/wp-content\/uploads\/2018\/07\/IMG_4698-300x200.jpg 300w, https:\/\/www.podhorama.cz\/wp-content\/uploads\/2018\/07\/IMG_4698-768x512.jpg 768w, https:\/\/www.podhorama.cz\/wp-content\/uploads\/2018\/07\/IMG_4698-1024x683.jpg 1024w, https:\/\/www.podhorama.cz\/wp-content\/uploads\/2018\/07\/IMG_4698-272x182.jpg 272w\" sizes=\"(max-width: 2048px) 100vw, 2048px\" alt=\"\" \t\tclass=\"so-widget-image\"\/>\n\t<\/div>\n\n<\/div><\/div><div id=\"panel-289-0-0-2\" class=\"so-panel widget widget_sow-editor panel-last-child\" data-index=\"2\" ><div\n\t\t\t\n\t\t\tclass=\"so-widget-sow-editor so-widget-sow-editor-base\"\n\t\t\t\n\t\t>\n<div class=\"siteorigin-widget-tinymce textwidget\">\n\t<p><iframe loading=\"lazy\" src=\"https:\/\/www.google.com\/maps\/embed?pb=!1m18!1m12!1m3!1d164627.45966626974!2d17.046696958897932!3d49.940600269786636!2m3!1f0!2f0!3f0!3m2!1i1024!2i768!4f13.1!3m3!1m2!1s0x47121a9858903425%3A0xd7679dfb9120754e!2zUHJhZMSbZG92byBkxJt0c2vDqSBtdXpldW0!5e0!3m2!1scs!2scz!4v1507230633838\" width=\"400\" height=\"300\" frameborder=\"0\" style=\"border:0\" allowfullscreen><\/iframe><\/p>\n<\/div>\n<\/div><\/div><\/div><div id=\"pgc-289-0-1\"  class=\"panel-grid-cell\" ><div id=\"panel-289-0-1-0\" class=\"so-panel widget widget_text panel-first-child panel-last-child\" data-index=\"3\" >\t\t\t<div class=\"textwidget\"><p>Prvn\u00ed d\u011btsk\u00fd r\u00e1j v Jesen\u00edk\u00e1ch otev\u00edr\u00e1 sv\u00e9 br\u00e1ny. Je um\u00edst\u011bn\u00fd v Bludov\u011b, v podh\u016f\u0159\u00ed Jesen\u00edk\u016f a nese n\u00e1zev Prad\u011bdovo d\u011btsk\u00e9 muzeum. <\/p>\n<p>\u201eSt\u011b\u017eejn\u00ed \u010d\u00e1st expozic p\u0159edstavuje vesnice Prad\u011bdovo s d\u0159ev\u011bn\u00fdmi dome\u010dky, v nich\u017e se ukr\u00fdv\u00e1 hokyn\u00e1\u0159stv\u00ed nebo hostinec. D\u011bti si mohou hr\u00e1t uvnit\u0159 dome\u010dk\u016f i pob\u00edhat okolo,&#8220; popisuje autorka ojedin\u011bl\u00e9ho m\u00edsta pro d\u011bti Tereza Schreiberov\u00e1.<\/p>\n<p>Ve vesnici \u017eije \u010darod\u011bjnice, mlyn\u00e1\u0159 a nechyb\u00ed zde ani n\u00e1dra\u017e\u00ed. D\u011bti tak mohou malovat do mouky, vypravovat vl\u00e1\u010dky nebo serv\u00edrovat na st\u016fl v hostinci region\u00e1ln\u00ed jesenick\u00e9 ply\u0161ov\u00e9 pokrmy. Ty jsou v muzeu k dispozici i pro dosp\u011bl\u00e9, nikoliv v\u0161ak na hran\u00ed, ale opravdov\u00e9 m\u00edstn\u00ed dobroty k ochutn\u00e1n\u00ed. <\/p>\n<p>Muzeum tvo\u0159\u00ed venkovsk\u00e9 staven\u00ed s mnoha m\u00edstnostmi a z\u00e1kout\u00edmi, d\u011bti se mohou schovat v poh\u00e1dk\u00e1rn\u011b, pro ty nejmen\u0161\u00ed je p\u0159ipravena batol\u00e1rna. D\u011bti se b\u011bhem pobytu sezn\u00e1m\u00ed se zdej\u0161\u00edmi slavn\u00fdmi rod\u00e1ky jako nap\u0159\u00edklad Ond\u0159ejem Bankem, Simonou Bab\u010d\u00e1kovou \u010di Janem Haubertem, kte\u0159\u00ed v\u011bnovali muzeu sv\u016fj specifick\u00fd p\u0159edm\u011bt.<\/p>\n<p>Nechyb\u00ed zde ani jesenick\u00e9 legendy, duchov\u00e9 a vl\u00e1dci hor. Expozice p\u0159ipomenou i zaj\u00edmavosti z jesenick\u00e9 p\u0159\u00edrody a v\u0161e, co je na hor\u00e1ch pod Prad\u011bdem zaj\u00edmav\u00e9. Nechyb\u00ed zde rozlehl\u00e1 zahrada o velikosti dva tis\u00edce metr\u016f \u010dtvere\u010dn\u00edch. V Prad\u011bdov\u011b d\u011btsk\u00e9m muzeu je st\u00e1le co d\u011blat, a\u0165 pr\u0161\u00ed nebo sv\u00edt\u00ed slunce.  <\/p>\n<p>Unik\u00e1tn\u00ed muzeum spojuje pozn\u00e1v\u00e1n\u00ed s hrou a dobrodru\u017estv\u00edm. D\u011bti se za slune\u010dn\u00fdch dn\u00ed mohou vydov\u00e1d\u011bt na velk\u00e9m p\u0159\u00edrodn\u00edm venkovn\u00edm h\u0159i\u0161ti. Jeho sou\u010d\u00e1st\u00ed je rozs\u00e1hl\u00e9 vodn\u00ed d\u00edlo \u2013 soustava prvk\u016f pro obl\u00edben\u00e9 d\u011btsk\u00e9 c\u00e1k\u00e1n\u00ed, racht\u00e1n\u00ed a jin\u00e9 vodn\u00ed radov\u00e1nky. Mezi venkovn\u00ed l\u00e1kadla pat\u0159\u00ed i d\u0159ev\u011bn\u00fd tunel, lanovka, nejv\u011bt\u0161\u00ed bubno-xylofon ve st\u0159edn\u00ed Evrop\u011b nebo soustava podzemn\u00edch telefon\u016f. <\/p>\n<\/div>\n\t\t<\/div><\/div><\/div><\/div>","protected":false},"excerpt":{"rendered":"<p>Prvn\u00ed d\u011btsk\u00fd r\u00e1j v Jesen\u00edk\u00e1ch otev\u00edr\u00e1 sv\u00e9 br\u00e1ny. Je um\u00edst\u011bn\u00fd v Bludov\u011b, v podh\u016f\u0159\u00ed Jesen\u00edk\u016f a nese n\u00e1zev Prad\u011bdovo d\u011btsk\u00e9 muzeum. \u201eSt\u011b\u017eejn\u00ed \u010d\u00e1st expozic p\u0159edstavuje&hellip;<\/p>\n","protected":false},"author":1,"featured_media":0,"parent":0,"menu_order":0,"comment_status":"closed","ping_status":"closed","template":"","meta":{"ngg_post_thumbnail":0,"footnotes":""},"class_list":["post-289","page","type-page","status-publish","hentry"],"_links":{"self":[{"href":"https:\/\/www.podhorama.cz\/index.php\/wp-json\/wp\/v2\/pages\/289","targetHints":{"allow":["GET"]}}],"collection":[{"href":"https:\/\/www.podhorama.cz\/index.php\/wp-json\/wp\/v2\/pages"}],"about":[{"href":"https:\/\/www.podhorama.cz\/index.php\/wp-json\/wp\/v2\/types\/page"}],"author":[{"embeddable":true,"href":"https:\/\/www.podhorama.cz\/index.php\/wp-json\/wp\/v2\/users\/1"}],"replies":[{"embeddable":true,"href":"https:\/\/www.podhorama.cz\/index.php\/wp-json\/wp\/v2\/comments?post=289"}],"version-history":[{"count":4,"href":"https:\/\/www.podhorama.cz\/index.php\/wp-json\/wp\/v2\/pages\/289\/revisions"}],"predecessor-version":[{"id":634,"href":"https:\/\/www.podhorama.cz\/index.php\/wp-json\/wp\/v2\/pages\/289\/revisions\/634"}],"wp:attachment":[{"href":"https:\/\/www.podhorama.cz\/index.php\/wp-json\/wp\/v2\/media?parent=289"}],"curies":[{"name":"wp","href":"https:\/\/api.w.org\/{rel}","templated":true}]}}