{"id":280,"date":"2018-07-12T19:36:16","date_gmt":"2018-07-12T19:36:16","guid":{"rendered":"http:\/\/www.podhorama.cz\/?page_id=280"},"modified":"2018-07-18T13:39:13","modified_gmt":"2018-07-18T13:39:13","slug":"praded-ovcarna","status":"publish","type":"page","link":"https:\/\/www.podhorama.cz\/index.php\/praded-ovcarna\/","title":{"rendered":"Prad\u011bd &#8211; Ov\u010d\u00e1rna"},"content":{"rendered":"<div id=\"pl-280\"  class=\"panel-layout\" ><div id=\"pg-280-0\"  class=\"panel-grid panel-no-style\" ><div id=\"pgc-280-0-0\"  class=\"panel-grid-cell\" ><div id=\"panel-280-0-0-0\" class=\"so-panel widget widget_sow-image panel-first-child\" data-index=\"0\" ><div\n\t\t\t\n\t\t\tclass=\"so-widget-sow-image so-widget-sow-image-default-dbf295114b96-280\"\n\t\t\t\n\t\t>\n<div class=\"sow-image-container\">\n\t\t<img \n\tsrc=\"https:\/\/www.podhorama.cz\/wp-content\/uploads\/2018\/07\/prad\u011bd-figura-mapa.jpg\" width=\"1200\" height=\"882\" srcset=\"https:\/\/www.podhorama.cz\/wp-content\/uploads\/2018\/07\/prad\u011bd-figura-mapa.jpg 1200w, https:\/\/www.podhorama.cz\/wp-content\/uploads\/2018\/07\/prad\u011bd-figura-mapa-300x221.jpg 300w, https:\/\/www.podhorama.cz\/wp-content\/uploads\/2018\/07\/prad\u011bd-figura-mapa-768x564.jpg 768w, https:\/\/www.podhorama.cz\/wp-content\/uploads\/2018\/07\/prad\u011bd-figura-mapa-1024x753.jpg 1024w\" sizes=\"(max-width: 1200px) 100vw, 1200px\" alt=\"\" \t\tclass=\"so-widget-image\"\/>\n\t<\/div>\n\n<\/div><\/div><div id=\"panel-280-0-0-1\" class=\"so-panel widget widget_sow-editor panel-last-child\" data-index=\"1\" ><div\n\t\t\t\n\t\t\tclass=\"so-widget-sow-editor so-widget-sow-editor-base\"\n\t\t\t\n\t\t>\n<div class=\"siteorigin-widget-tinymce textwidget\">\n\t<p><iframe loading=\"lazy\" src=\"https:\/\/www.google.com\/maps\/embed?pb=!1m18!1m12!1m3!1d2560.85884104351!2d17.235826456363238!3d50.07020518833712!2m3!1f0!2f0!3f0!3m2!1i1024!2i768!4f13.1!3m3!1m2!1s0x47118abc5a3fb647%3A0x1627cc025d3bf94c!2zU2tpIGFyZcOhbCBQcmFkxJtk!5e0!3m2!1scs!2scz!4v1510595023383\" width=\"400\" height=\"300\" frameborder=\"0\" style=\"border:0\" allowfullscreen><\/iframe><\/p>\n<\/div>\n<\/div><\/div><\/div><div id=\"pgc-280-0-1\"  class=\"panel-grid-cell\" ><div id=\"panel-280-0-1-0\" class=\"so-panel widget widget_sow-editor panel-first-child panel-last-child\" data-index=\"2\" ><div\n\t\t\t\n\t\t\tclass=\"so-widget-sow-editor so-widget-sow-editor-base\"\n\t\t\t\n\t\t>\n<div class=\"siteorigin-widget-tinymce textwidget\">\n\t<p>Nejv\u00fd\u0161e polo\u017een\u00e9 st\u0159edisko \u010cesk\u00e9 republiky s vynikaj\u00edc\u00edmi sn\u011bhov\u00fdmi podm\u00ednkami. Sez\u00f3na \u010dasto za\u010d\u00edn\u00e1 ji\u017e koncem \u0159\u00edjna a sn\u00edh se obvykle udr\u017e\u00ed a\u017e do za\u010d\u00e1tku kv\u011btna. St\u0159edisko disponuje 6 vleky s celkovou p\u0159epravn\u00ed kapacitou 1000 osob\/hodinu a ly\u017eovat lze na sjezdovk\u00e1ch o celkov\u00e9 d\u00e9lce 4,5km.<\/p>\n<p>http:\/\/www.figura.cz\/ski-areal-praded\/sjezdove-lyzovani\/<\/p>\n<\/div>\n<\/div><\/div><\/div><\/div><\/div>","protected":false},"excerpt":{"rendered":"<p>Nejv\u00fd\u0161e polo\u017een\u00e9 st\u0159edisko \u010cesk\u00e9 republiky s vynikaj\u00edc\u00edmi sn\u011bhov\u00fdmi podm\u00ednkami. Sez\u00f3na \u010dasto za\u010d\u00edn\u00e1 ji\u017e koncem \u0159\u00edjna a sn\u00edh se obvykle udr\u017e\u00ed a\u017e do za\u010d\u00e1tku kv\u011btna. St\u0159edisko&hellip;<\/p>\n","protected":false},"author":1,"featured_media":0,"parent":0,"menu_order":0,"comment_status":"closed","ping_status":"closed","template":"","meta":{"ngg_post_thumbnail":0,"footnotes":""},"class_list":["post-280","page","type-page","status-publish","hentry"],"_links":{"self":[{"href":"https:\/\/www.podhorama.cz\/index.php\/wp-json\/wp\/v2\/pages\/280","targetHints":{"allow":["GET"]}}],"collection":[{"href":"https:\/\/www.podhorama.cz\/index.php\/wp-json\/wp\/v2\/pages"}],"about":[{"href":"https:\/\/www.podhorama.cz\/index.php\/wp-json\/wp\/v2\/types\/page"}],"author":[{"embeddable":true,"href":"https:\/\/www.podhorama.cz\/index.php\/wp-json\/wp\/v2\/users\/1"}],"replies":[{"embeddable":true,"href":"https:\/\/www.podhorama.cz\/index.php\/wp-json\/wp\/v2\/comments?post=280"}],"version-history":[{"count":4,"href":"https:\/\/www.podhorama.cz\/index.php\/wp-json\/wp\/v2\/pages\/280\/revisions"}],"predecessor-version":[{"id":653,"href":"https:\/\/www.podhorama.cz\/index.php\/wp-json\/wp\/v2\/pages\/280\/revisions\/653"}],"wp:attachment":[{"href":"https:\/\/www.podhorama.cz\/index.php\/wp-json\/wp\/v2\/media?parent=280"}],"curies":[{"name":"wp","href":"https:\/\/api.w.org\/{rel}","templated":true}]}}