{"id":263,"date":"2018-07-12T19:03:41","date_gmt":"2018-07-12T19:03:41","guid":{"rendered":"http:\/\/www.podhorama.cz\/?page_id=263"},"modified":"2018-07-18T13:30:28","modified_gmt":"2018-07-18T13:30:28","slug":"papirna-velke-losiny","status":"publish","type":"page","link":"https:\/\/www.podhorama.cz\/index.php\/papirna-velke-losiny\/","title":{"rendered":"Pap\u00edrna Velk\u00e9 Losiny"},"content":{"rendered":"<div id=\"pl-263\"  class=\"panel-layout\" ><div id=\"pg-263-0\"  class=\"panel-grid panel-no-style\" ><div id=\"pgc-263-0-0\"  class=\"panel-grid-cell\" ><div id=\"panel-263-0-0-0\" class=\"so-panel widget widget_sow-image panel-first-child\" data-index=\"0\" ><div\n\t\t\t\n\t\t\tclass=\"so-widget-sow-image so-widget-sow-image-default-dbf295114b96-263\"\n\t\t\t\n\t\t>\n<div class=\"sow-image-container\">\n\t\t<img \n\tsrc=\"https:\/\/www.podhorama.cz\/wp-content\/uploads\/2018\/07\/pap\u00edrna-velk\u00e9-losiny.jpg\" width=\"259\" height=\"194\" sizes=\"(max-width: 259px) 100vw, 259px\" alt=\"\" \t\tclass=\"so-widget-image\"\/>\n\t<\/div>\n\n<\/div><\/div><div id=\"panel-263-0-0-1\" class=\"so-panel widget widget_sow-editor panel-last-child\" data-index=\"1\" ><div\n\t\t\t\n\t\t\tclass=\"so-widget-sow-editor so-widget-sow-editor-base\"\n\t\t\t\n\t\t>\n<div class=\"siteorigin-widget-tinymce textwidget\">\n\t<p><iframe loading=\"lazy\" src=\"https:\/\/www.google.com\/maps\/embed?pb=!1m14!1m8!1m3!1d5126.030507303706!2d17.037931!3d50.02981!3m2!1i1024!2i768!4f13.1!3m3!1m2!1s0x0%3A0x5396722502e17e5a!2zUnXEjW7DrSBwYXDDrXJuYSBWZWxrw6kgTG9zaW55IGEucy4!5e0!3m2!1scs!2scz!4v1492110631228\" width=\"400\" height=\"300\" frameborder=\"0\" style=\"border:0\" allowfullscreen><\/iframe><\/p>\n<\/div>\n<\/div><\/div><\/div><div id=\"pgc-263-0-1\"  class=\"panel-grid-cell\" ><div id=\"panel-263-0-1-0\" class=\"so-panel widget widget_text panel-first-child panel-last-child\" data-index=\"2\" >\t\t\t<div class=\"textwidget\"><p>Velkolosinsk\u00e1 ru\u010dn\u00ed pap\u00edrna byla na zdej\u0161\u00edm panstv\u00ed moravsk\u00e9ho rodu p\u00e1n\u016f ze \u017derot\u00edna zalo\u017eena na sklonku 16. stolet\u00ed.<\/p>\n<p>Pap\u00edrna ve Velk\u00fdch Losin\u00e1ch<\/p>\n<p>Pap\u00edrenskou manufakturu nechal vystavit na m\u00edst\u011b b\u00fdval\u00e9ho obiln\u00edho ml\u00fdna Jan mlad\u0161\u00ed ze \u017derot\u00edna. Podle historick\u00fdch pramen\u016f byla v\u00fdroba pap\u00edru zah\u00e1jena jako jeden z podnik\u016f rozv\u00edjej\u00edc\u00edho se vrchnostensk\u00e9ho hospod\u00e1\u0159stv\u00ed n\u011bkdy v letech 1591 \u2013 1596.<\/p>\n<p>Prodejna ru\u010dn\u011b vyr\u00e1b\u011bn\u00e9ho pap\u00edru Muzeum pap\u00edru Losiny<\/p>\n<p>Existenci pap\u00edrny dokl\u00e1d\u00e1 jej\u00ed doposud nejstar\u0161\u00ed zn\u00e1m\u00e1 pr\u016fsvitka z roku 1596 v podob\u011b \u017eerot\u00ednsk\u00e9ho erbu \u2013 lev s korunkou stoj\u00edc\u00ed na t\u0159ech pahorc\u00edch.<\/p>\n<p>Ru\u010dn\u00ed pap\u00edrna Velk\u00e9 Losiny<\/p>\n<p>Od sv\u00e9ho vzniku byl podnik a\u017e do 2. poloviny 18. stolet\u00ed spojen s osudy velkolosinsk\u00e9ho dominia a jeho \u017eerot\u00ednsk\u00fdch dr\u017eitel\u016f.<\/p>\n<p>Ru\u010dn\u00ed pap\u00edrna Velk\u00e9 Losiny<\/p>\n<p>B\u011bhem stalet\u00ed se v dr\u017een\u00ed pap\u00edrny vyst\u0159\u00eddala cel\u00e1 \u0159ada pap\u00edrnick\u00fdch rodin a mistr\u016f. Na p\u0159elomu 18. a 19. stolet\u00ed z\u00edskal soubor objekt\u016f ru\u010dn\u00ed pap\u00edrny svou dne\u0161n\u00ed pozdn\u011b barokn\u00ed a klasicistn\u00ed podobu.<\/p>\n<p>Pr\u016f\u010del\u00ed budov ru\u010dn\u00ed pap\u00edrny &#8211; holandrovny<\/p>\n<p>Ru\u010dn\u00ed pap\u00edrna a muzeum pap\u00edru ve Velk\u00fdch Losin\u00e1ch<\/p>\n<p>V roce 1949 se pap\u00edrna stala sou\u010d\u00e1st\u00ed n\u00e1rodn\u00edho podniku Ol\u0161ansk\u00e9 pap\u00edrny, zab\u00fdvaj\u00edc\u00ed se pap\u00edrenskou v\u00fdrobou v n\u011bkolika strojn\u00edch pr\u016fmyslov\u00fdch pap\u00edrn\u00e1ch na \u0160umpersku. Od roku 2006 je s\u00eddlem samostatn\u00e9 spole\u010dnosti Ru\u010dn\u00ed pap\u00edrna Velk\u00e9 Losiny a.s.<\/p>\n<p>Hlavn\u00ed budova pap\u00edrny<\/p>\n<p>Velkolosinsk\u00e1 manufaktura dnes pat\u0159\u00ed k nejstar\u0161\u00edm doposud pracuj\u00edc\u00edm podnik\u016fm sv\u00e9ho druhu v Evrop\u011b. Ru\u010dn\u00ed pap\u00edr se zde st\u00e1le vyr\u00e1b\u00ed tradi\u010dn\u00edm postupem z bavlny a lnu.<\/p>\n<p>P\u0159\u00edprava ru\u010dn\u00ed v\u00fdroby pap\u00edru<\/p>\n<p>Pro svou vysokou kvalitu a staletou trvanlivost se pou\u017e\u00edv\u00e1 zejm\u00e9na ve v\u00fdtvarn\u00e9m um\u011bn\u00ed, pro v\u00fdznamnou osobn\u00ed i firemn\u00ed korespondenci, reprezenta\u010dn\u00ed \u00fa\u010dely, k tisku bibliofili\u00ed a rovn\u011b\u017e v kni\u017en\u00ed um\u011bleck\u00e9 a restaur\u00e1torsk\u00e9 praxi.<\/p>\n<p>Ru\u010dn\u00ed v\u00fdroba pap\u00edru<\/p>\n<p>Ru\u010dn\u011b vyr\u00e1b\u011bn\u00e9 pap\u00edry a dne\u0161n\u00ed sortiment exkluzivn\u00edch v\u00fdrobk\u016f z nich z\u00edskaly trval\u00e9 m\u00edsto a oblibu u p\u0159\u00edznivc\u016f tradi\u010dn\u00edch \u010desk\u00fdch rukod\u011bln\u00fdch v\u00fdrobk\u016f.<\/p>\n<p>Su\u0161en\u00ed ru\u010dn\u011b vyr\u00e1b\u011bn\u00e9ho pap\u00edru<\/p>\n<p>Od poloviny 70. let 20. stolet\u00ed pro\u0161el cel\u00fd are\u00e1l n\u011bkolika etapami n\u00e1kladn\u00fdch rekonstrukc\u00ed a oprav, kter\u00e9 pokra\u010duj\u00ed i v sou\u010dasn\u00e9 dob\u011b.<\/p>\n<p>Lis pap\u00edru<\/p>\n<p>Unik\u00e1tn\u00ed are\u00e1l v\u00fdznamn\u00e9 technick\u00e9 pam\u00e1tky, kter\u00e1 zejm\u00e9na z pohledu v\u00edce jak \u010dty\u0159setlet\u00e9 kontinuitytradi\u010dn\u00ed ru\u010dn\u00ed pap\u00edrensk\u00e9 v\u00fdroby nem\u00e1 v oblasti st\u0159edn\u00ed Evropy obdoby, byl v roce 2002 vl\u00e1dou \u010cesk\u00e9 republiky prohl\u00e1\u0161en n\u00e1rodn\u00ed kulturn\u00ed pam\u00e1tkou.<\/p>\n<p>D\u0159ev\u011bn\u00e9 su\u0161\u00e1ky pap\u00edru<\/p>\n<p>N\u00e1v\u0161t\u011bvn\u00ed doba<\/p>\n<p>leden \u2013 duben, \u0159\u00edjen \u2013 prosinec:<\/p>\n<p>\u00dat-P\u00e1 10:00-16:00<br \/>\nSo-Ne, sv\u00e1tky 9:00-12:00 12:30-16:00<\/p>\n<p>kv\u011bten, \u010derven a z\u00e1\u0159\u00ed:<\/p>\n<p>Po-P\u00e1 9:00-17:00<br \/>\nSo-Ne, sv\u00e1tky 9:00-12:00 12:30-17:00<\/p>\n<p>\u010dervenec a srpen:<\/p>\n<p>Po-P\u00e1 9:00-18:00<br \/>\nSo-Ne, sv\u00e1tky 9:00-12:00 12:30-18:00<\/p>\n<p>Za\u010d\u00e1tek posledn\u00ed prohl\u00eddky je nejpozd\u011bji 60 minut p\u0159ed uzav\u00edrac\u00ed dobou!<\/p>\n<\/div>\n\t\t<\/div><\/div><\/div><\/div>","protected":false},"excerpt":{"rendered":"<p>Velkolosinsk\u00e1 ru\u010dn\u00ed pap\u00edrna byla na zdej\u0161\u00edm panstv\u00ed moravsk\u00e9ho rodu p\u00e1n\u016f ze \u017derot\u00edna zalo\u017eena na sklonku 16. stolet\u00ed. Pap\u00edrna ve Velk\u00fdch Losin\u00e1ch Pap\u00edrenskou manufakturu nechal vystavit&hellip;<\/p>\n","protected":false},"author":1,"featured_media":0,"parent":0,"menu_order":0,"comment_status":"closed","ping_status":"closed","template":"","meta":{"ngg_post_thumbnail":0,"footnotes":""},"class_list":["post-263","page","type-page","status-publish","hentry"],"_links":{"self":[{"href":"https:\/\/www.podhorama.cz\/index.php\/wp-json\/wp\/v2\/pages\/263","targetHints":{"allow":["GET"]}}],"collection":[{"href":"https:\/\/www.podhorama.cz\/index.php\/wp-json\/wp\/v2\/pages"}],"about":[{"href":"https:\/\/www.podhorama.cz\/index.php\/wp-json\/wp\/v2\/types\/page"}],"author":[{"embeddable":true,"href":"https:\/\/www.podhorama.cz\/index.php\/wp-json\/wp\/v2\/users\/1"}],"replies":[{"embeddable":true,"href":"https:\/\/www.podhorama.cz\/index.php\/wp-json\/wp\/v2\/comments?post=263"}],"version-history":[{"count":6,"href":"https:\/\/www.podhorama.cz\/index.php\/wp-json\/wp\/v2\/pages\/263\/revisions"}],"predecessor-version":[{"id":639,"href":"https:\/\/www.podhorama.cz\/index.php\/wp-json\/wp\/v2\/pages\/263\/revisions\/639"}],"wp:attachment":[{"href":"https:\/\/www.podhorama.cz\/index.php\/wp-json\/wp\/v2\/media?parent=263"}],"curies":[{"name":"wp","href":"https:\/\/api.w.org\/{rel}","templated":true}]}}