{"id":244,"date":"2018-07-12T18:41:04","date_gmt":"2018-07-12T18:41:04","guid":{"rendered":"http:\/\/www.podhorama.cz\/?page_id=244"},"modified":"2018-07-18T11:52:59","modified_gmt":"2018-07-18T11:52:59","slug":"naucna-stezka-vapenna-pec","status":"publish","type":"page","link":"https:\/\/www.podhorama.cz\/index.php\/naucna-stezka-vapenna-pec\/","title":{"rendered":"Nau\u010dn\u00e1 stezka V\u00e1penn\u00e1 pec"},"content":{"rendered":"<div id=\"pl-244\"  class=\"panel-layout\" ><div id=\"pg-244-0\"  class=\"panel-grid panel-no-style\" ><div id=\"pgc-244-0-0\"  class=\"panel-grid-cell\" ><div id=\"panel-244-0-0-0\" class=\"so-panel widget widget_sow-image panel-first-child\" data-index=\"0\" ><div\n\t\t\t\n\t\t\tclass=\"so-widget-sow-image so-widget-sow-image-default-dbf295114b96-244\"\n\t\t\t\n\t\t>\n<div class=\"sow-image-container\">\n\t\t<img \n\tsrc=\"https:\/\/www.podhorama.cz\/wp-content\/uploads\/2018\/07\/v\u00e1penn\u00e1-pec.jpg\" width=\"1024\" height=\"680\" srcset=\"https:\/\/www.podhorama.cz\/wp-content\/uploads\/2018\/07\/v\u00e1penn\u00e1-pec.jpg 1024w, https:\/\/www.podhorama.cz\/wp-content\/uploads\/2018\/07\/v\u00e1penn\u00e1-pec-300x199.jpg 300w, https:\/\/www.podhorama.cz\/wp-content\/uploads\/2018\/07\/v\u00e1penn\u00e1-pec-768x510.jpg 768w, https:\/\/www.podhorama.cz\/wp-content\/uploads\/2018\/07\/v\u00e1penn\u00e1-pec-272x182.jpg 272w\" sizes=\"(max-width: 1024px) 100vw, 1024px\" alt=\"\" \t\tclass=\"so-widget-image\"\/>\n\t<\/div>\n\n<\/div><\/div><div id=\"panel-244-0-0-1\" class=\"so-panel widget widget_sow-editor panel-last-child\" data-index=\"1\" ><div\n\t\t\t\n\t\t\tclass=\"so-widget-sow-editor so-widget-sow-editor-base\"\n\t\t\t\n\t\t>\n<div class=\"siteorigin-widget-tinymce textwidget\">\n\t<p><iframe loading=\"lazy\" src=\"https:\/\/api.mapy.cz\/frame?params=%7B%22x%22%3A17.525573492702193%2C%22y%22%3A49.912411558741034%2C%22base%22%3A%222%22%2C%22layers%22%3A%5B7%5D%2C%22zoom%22%3A14%2C%22url%22%3A%22https%3A%2F%2Fmapy.cz%2Fs%2F2q1hN%22%2C%22mark%22%3A%7B%22x%22%3A%2217.5295002467%22%2C%22y%22%3A%2249.9097791888%22%2C%22title%22%3A%22Nau%C4%8Dn%C3%A1%20stezka%20V%C3%A1penn%C3%A1%20pec%20Razov%C3%A1%22%7D%2C%22overview%22%3Afalse%7D&amp;width=400&amp;height=280&amp;lang=cs\" width=\"400\" height=\"280\" style=\"border:none\" frameBorder=\"0\"><\/iframe><\/p>\n<\/div>\n<\/div><\/div><\/div><div id=\"pgc-244-0-1\"  class=\"panel-grid-cell\" ><div id=\"panel-244-0-1-0\" class=\"so-panel widget widget_sow-editor panel-first-child panel-last-child\" data-index=\"2\" ><div\n\t\t\t\n\t\t\tclass=\"so-widget-sow-editor so-widget-sow-editor-base\"\n\t\t\t\n\t\t>\n<div class=\"siteorigin-widget-tinymce textwidget\">\n\t<p>Stezka je zam\u011b\u0159en\u00e1 na geologii a mineralogii.<br \/>\nN\u00e1v\u0161t\u011bvn\u00edci se mohou sezn\u00e1mit se sopkami N\u00edzk\u00e9ho Jesen\u00edku i s myslivost\u00ed v t\u00e9to lokalit\u011b.<br \/>\nNejzaj\u00edmav\u011bj\u0161\u00edm m\u00edstem t\u00e9to nau\u010dn\u00e9 stezky je dochovan\u00e1 technick\u00e1 pam\u00e1tka V\u00e1penn\u00e1 pec, ve kter\u00e9 se v minulosti p\u00e1lilo v\u00e1pno.<br \/>\nStezka m\u00e1 zna\u010den\u00ed, m\u00e1 9 zastaven\u00ed, jej\u00ed d\u00e9lka je 4 km.<br \/>\nOb\u010derstven\u00ed je v obci Razov\u00e1.<\/p>\n<\/div>\n<\/div><\/div><\/div><\/div><\/div>","protected":false},"excerpt":{"rendered":"<p>Stezka je zam\u011b\u0159en\u00e1 na geologii a mineralogii. N\u00e1v\u0161t\u011bvn\u00edci se mohou sezn\u00e1mit se sopkami N\u00edzk\u00e9ho Jesen\u00edku i s myslivost\u00ed v t\u00e9to lokalit\u011b. Nejzaj\u00edmav\u011bj\u0161\u00edm m\u00edstem t\u00e9to nau\u010dn\u00e9&hellip;<\/p>\n","protected":false},"author":1,"featured_media":0,"parent":0,"menu_order":0,"comment_status":"closed","ping_status":"closed","template":"","meta":{"ngg_post_thumbnail":0,"footnotes":""},"class_list":["post-244","page","type-page","status-publish","hentry"],"_links":{"self":[{"href":"https:\/\/www.podhorama.cz\/index.php\/wp-json\/wp\/v2\/pages\/244","targetHints":{"allow":["GET"]}}],"collection":[{"href":"https:\/\/www.podhorama.cz\/index.php\/wp-json\/wp\/v2\/pages"}],"about":[{"href":"https:\/\/www.podhorama.cz\/index.php\/wp-json\/wp\/v2\/types\/page"}],"author":[{"embeddable":true,"href":"https:\/\/www.podhorama.cz\/index.php\/wp-json\/wp\/v2\/users\/1"}],"replies":[{"embeddable":true,"href":"https:\/\/www.podhorama.cz\/index.php\/wp-json\/wp\/v2\/comments?post=244"}],"version-history":[{"count":3,"href":"https:\/\/www.podhorama.cz\/index.php\/wp-json\/wp\/v2\/pages\/244\/revisions"}],"predecessor-version":[{"id":570,"href":"https:\/\/www.podhorama.cz\/index.php\/wp-json\/wp\/v2\/pages\/244\/revisions\/570"}],"wp:attachment":[{"href":"https:\/\/www.podhorama.cz\/index.php\/wp-json\/wp\/v2\/media?parent=244"}],"curies":[{"name":"wp","href":"https:\/\/api.w.org\/{rel}","templated":true}]}}