{"id":240,"date":"2018-07-12T18:36:24","date_gmt":"2018-07-12T18:36:24","guid":{"rendered":"http:\/\/www.podhorama.cz\/?page_id=240"},"modified":"2018-07-18T13:10:38","modified_gmt":"2018-07-18T13:10:38","slug":"naucna-stezka-svetem-horskych-luk","status":"publish","type":"page","link":"https:\/\/www.podhorama.cz\/index.php\/naucna-stezka-svetem-horskych-luk\/","title":{"rendered":"Nau\u010dn\u00e1 stezka Sv\u011btem horsk\u00fdch luk"},"content":{"rendered":"<div id=\"pl-240\"  class=\"panel-layout\" ><div id=\"pg-240-0\"  class=\"panel-grid panel-no-style\" ><div id=\"pgc-240-0-0\"  class=\"panel-grid-cell\" ><div id=\"panel-240-0-0-0\" class=\"so-panel widget widget_sow-image panel-first-child\" data-index=\"0\" ><div\n\t\t\t\n\t\t\tclass=\"so-widget-sow-image so-widget-sow-image-default-dbf295114b96-240\"\n\t\t\t\n\t\t>\n<div class=\"sow-image-container\">\n\t\t<img \n\tsrc=\"https:\/\/www.podhorama.cz\/wp-content\/uploads\/2018\/07\/ns-h\u0159ebeny.jpeg\" width=\"667\" height=\"444\" srcset=\"https:\/\/www.podhorama.cz\/wp-content\/uploads\/2018\/07\/ns-h\u0159ebeny.jpeg 667w, https:\/\/www.podhorama.cz\/wp-content\/uploads\/2018\/07\/ns-h\u0159ebeny-300x200.jpeg 300w, https:\/\/www.podhorama.cz\/wp-content\/uploads\/2018\/07\/ns-h\u0159ebeny-272x182.jpeg 272w\" sizes=\"(max-width: 667px) 100vw, 667px\" alt=\"\" \t\tclass=\"so-widget-image\"\/>\n\t<\/div>\n\n<\/div><\/div><div id=\"panel-240-0-0-1\" class=\"so-panel widget widget_sow-editor panel-last-child\" data-index=\"1\" ><div\n\t\t\t\n\t\t\tclass=\"so-widget-sow-editor so-widget-sow-editor-base\"\n\t\t\t\n\t\t>\n<div class=\"siteorigin-widget-tinymce textwidget\">\n\t<p><iframe loading=\"lazy\" src=\"https:\/\/api.mapy.cz\/frame?params=%7B%22x%22%3A17.2392488115%2C%22y%22%3A50.0704192728%2C%22base%22%3A%222%22%2C%22layers%22%3A%5B7%5D%2C%22zoom%22%3A13%2C%22url%22%3A%22https%3A%2F%2Fmapy.cz%2Fs%2F2pYHw%22%2C%22mark%22%3A%7B%22x%22%3A%2217.2392488115%22%2C%22y%22%3A%2250.0704192728%22%2C%22title%22%3A%22Nau%C4%8Dn%C3%A1%20stezka%20Po%20h%C5%99ebenech%20-%20sv%C4%9Btem%20horsk%C3%BDch%20luk%22%7D%2C%22overview%22%3Afalse%7D&amp;width=400&amp;height=280&amp;lang=cs\" width=\"400\" height=\"280\" style=\"border:none\" frameBorder=\"0\"><\/iframe><\/p>\n<\/div>\n<\/div><\/div><\/div><div id=\"pgc-240-0-1\"  class=\"panel-grid-cell\" ><div id=\"panel-240-0-1-0\" class=\"so-panel widget widget_sow-editor panel-first-child panel-last-child\" data-index=\"2\" ><div\n\t\t\t\n\t\t\tclass=\"so-widget-sow-editor so-widget-sow-editor-base\"\n\t\t\t\n\t\t>\n<div class=\"siteorigin-widget-tinymce textwidget\">\n\t<p>Proch\u00e1zka po travnat\u00fdch pl\u00e1n\u00edch ve v\u00fd\u0161ce v\u00edce ne\u017e 1000 metr\u016f nad mo\u0159em sezn\u00e1m\u00ed vyznava\u010de vysokohorsk\u00e9 turistiky v Jesen\u00edk\u00e1ch s t\u011bmi nejhou\u017eevnat\u011bj\u0161\u00edmi obyvateli zdej\u0161\u00edch vrchol\u016f. Rostliny a \u017eivo\u010dichov\u00e9 ob\u00fdvaj\u00edc\u00ed louky od Ov\u010d\u00e1rny po Sk\u0159\u00edtek mus\u00ed sn\u00e1\u0161et dlouh\u00e1 zimn\u00ed obdob\u00ed a jen kr\u00e1tk\u00e9 a chladn\u00e9 l\u00e9to, a proto jich tady p\u0159\u00edli\u0161 mnoho nenajdeme.<\/p>\n<p>Dvan\u00e1ctikilometrov\u00e1 cesta za\u010d\u00edn\u00e1 u chaty Ov\u010d\u00e1rna, odkud se vyd\u00e1me p\u0159es Vysokou holi, Kamzi\u010dn\u00edk, Velk\u00fd M\u00e1j, Jelen\u00ed h\u0159bet, B\u0159idli\u010dnou horu, Pecn\u00fd a Zelen\u00e9 kameny a\u017e do sedla Sk\u0159\u00edtek. Po celou dobu se pohybujeme nad hranic\u00ed lesa na takzvan\u00fdch hol\u00edch a krom\u011b p\u0159\u00edrodn\u00edch zaj\u00edmavost\u00ed, jako jsou t\u0159eba poz\u016fstatky po posledn\u00ed dob\u011b ledov\u00e9, pozn\u00e1v\u00e1me, jak zdej\u0161\u00ed krajinu za posledn\u00ed stalet\u00ed p\u0159etv\u00e1\u0159\u00ed \u010dlov\u011bk. Cestou nemineme Jelen\u00ed stud\u00e1nku a p\u0159\u00edrodn\u00ed rezervaci B\u0159idli\u010dn\u00e1 a odm\u011bnou za pom\u011brn\u011b n\u00e1ro\u010dn\u00e9 v\u00fdstupy po jesenick\u00fdch h\u0159ebenech jsou n\u00e1m p\u0159ekr\u00e1sn\u00e9 v\u00fdhledy po okoln\u00ed krajin\u011b. Na konci nau\u010dn\u00e9 stezky po horsk\u00fdch louk\u00e1ch pak \u010dek\u00e1 tajemn\u00e9 mechov\u00e9 jez\u00edrko na Sk\u0159\u00edtku.<\/p>\n<p style=\"font-weight: 400;\"><strong>Zastaven\u00ed nau\u010dn\u00e9 stezky Sv\u011btem horsk\u00fdch luk<\/strong><\/p>\n<ol>\n<li style=\"font-weight: 400;\"><strong>Sv\u011btem horsk\u00fdch luk<\/strong><\/li>\n<\/ol>\n<p style=\"font-weight: 400;\">\u00davodn\u00ed zastaven\u00ed - Ov\u010d\u00e1rna<\/p>\n<ol start=\"2\">\n<li style=\"font-weight: 400;\"><strong>Z ov\u010d\u00e1ka chata\u0159em<\/strong><\/li>\n<\/ol>\n<p style=\"font-weight: 400;\">Minulost a sou\u010dasnost horsk\u00fdch chat - rozcest\u00ed zna\u010dek do Velk\u00e9 kotliny a na h\u0159eben<\/p>\n<ol start=\"3\">\n<li style=\"font-weight: 400;\"><strong>Pravda o \u010darod\u011bjnic\u00edch<\/strong><\/li>\n<\/ol>\n<p style=\"font-weight: 400;\">Petrovy kameny, tajemn\u00fd klenot jesenick\u00fdch hor - zat\u00e1\u010dka u Petrov\u00fdch kamen\u016f<\/p>\n<ol start=\"4\">\n<li style=\"font-weight: 400;\"><strong>Chyb\u011bj\u00edc\u00ed vrchol<\/strong><\/li>\n<\/ol>\n<p style=\"font-weight: 400;\">Nezahojen\u00e1 jizva na tv\u00e1\u0159i jesenick\u00e9 p\u0159\u00edrody - p\u0159ed Vysokou hol\u00ed, v\u00fdhledem na PVE Dlouh\u00e9 Str\u00e1n\u011b<\/p>\n<ol start=\"5\">\n<li style=\"font-weight: 400;\"><strong>Pozor! Tady p\u0159ist\u00e1vaj\u00ed letadla!<\/strong><\/li>\n<\/ol>\n<p style=\"font-weight: 400;\">Podivuhodn\u00e9 p\u0159\u00edb\u011bhy na hranici st\u0159edov\u011bk\u00fdch panstv\u00ed - Vysok\u00e1 hole<\/p>\n<ol start=\"6\">\n<li style=\"font-weight: 400;\"><strong>Co se d\u011bje v tr\u00e1v\u011b<\/strong><\/li>\n<\/ol>\n<p style=\"font-weight: 400;\">Pov\u00edd\u00e1n\u00ed o \u017eivot\u011b zv\u00ed\u0159at na jesenick\u00fdch hol\u00edch - Kamzi\u010dn\u00edk<\/p>\n<ol start=\"7\">\n<li style=\"font-weight: 400;\"><strong>Boj o p\u0159e\u017eit\u00ed<\/strong><\/li>\n<\/ol>\n<p style=\"font-weight: 400;\">Drsn\u00fd \u017eivot na horsk\u00fdch h\u0159ebenech - Velk\u00fd M\u00e1j<\/p>\n<ol start=\"8\">\n<li style=\"font-weight: 400;\"><strong>Prastar\u00e9 stopy b\u00fdval\u00fdch panovn\u00edk\u016f<\/strong><\/li>\n<\/ol>\n<p style=\"font-weight: 400;\">Jak se do jesenick\u00fdch hor (ne)zapsali lesn\u00edci barona Kleina - sedlo pod Velk\u00fdm M\u00e1jem<\/p>\n<ol start=\"9\">\n<li style=\"font-weight: 400;\"><strong>Jelen\u00ed stud\u00e1nka<\/strong><\/li>\n<\/ol>\n<p style=\"font-weight: 400;\">Na hranici t\u0159\u00ed rezervac\u00ed - Jelen\u00ed stud\u00e1nka<\/p>\n<ol start=\"10\">\n<li style=\"font-weight: 400;\"><strong>Ledovcov\u00e9 kr\u00e1lovstv\u00ed<\/strong><\/li>\n<\/ol>\n<p style=\"font-weight: 400;\">Posledn\u00ed doba ledov\u00e1 a jej\u00ed stopy v krajin\u011b - Pecn\u00fd<\/p>\n<ol start=\"11\">\n<li style=\"font-weight: 400;\"><strong>Ztracen\u00e9 kameny<\/strong><\/li>\n<\/ol>\n<p style=\"font-weight: 400;\">Sv\u011bt li\u0161ejn\u00edk\u016f - Ztracen\u00e9 kameny<\/p>\n<ol start=\"12\">\n<li style=\"font-weight: 400;\"><strong>Tajemstv\u00edm op\u0159eden\u00e1 zem<\/strong><\/li>\n<\/ol>\n<p style=\"font-weight: 400;\">Tajupln\u00e9 Sk\u0159\u00edtkovo ra\u0161elini\u0161t\u011b u d\u00e1vn\u00e9 zemsk\u00e9 cesty - Sk\u0159\u00edtek<\/p>\n<\/div>\n<\/div><\/div><\/div><\/div><\/div>","protected":false},"excerpt":{"rendered":"<p>Proch\u00e1zka po travnat\u00fdch pl\u00e1n\u00edch ve v\u00fd\u0161ce v\u00edce ne\u017e 1000 metr\u016f nad mo\u0159em sezn\u00e1m\u00ed vyznava\u010de vysokohorsk\u00e9 turistiky v Jesen\u00edk\u00e1ch s t\u011bmi nejhou\u017eevnat\u011bj\u0161\u00edmi obyvateli zdej\u0161\u00edch vrchol\u016f. Rostliny&hellip;<\/p>\n","protected":false},"author":1,"featured_media":0,"parent":0,"menu_order":0,"comment_status":"closed","ping_status":"closed","template":"","meta":{"ngg_post_thumbnail":0,"footnotes":""},"class_list":["post-240","page","type-page","status-publish","hentry"],"_links":{"self":[{"href":"https:\/\/www.podhorama.cz\/index.php\/wp-json\/wp\/v2\/pages\/240","targetHints":{"allow":["GET"]}}],"collection":[{"href":"https:\/\/www.podhorama.cz\/index.php\/wp-json\/wp\/v2\/pages"}],"about":[{"href":"https:\/\/www.podhorama.cz\/index.php\/wp-json\/wp\/v2\/types\/page"}],"author":[{"embeddable":true,"href":"https:\/\/www.podhorama.cz\/index.php\/wp-json\/wp\/v2\/users\/1"}],"replies":[{"embeddable":true,"href":"https:\/\/www.podhorama.cz\/index.php\/wp-json\/wp\/v2\/comments?post=240"}],"version-history":[{"count":4,"href":"https:\/\/www.podhorama.cz\/index.php\/wp-json\/wp\/v2\/pages\/240\/revisions"}],"predecessor-version":[{"id":603,"href":"https:\/\/www.podhorama.cz\/index.php\/wp-json\/wp\/v2\/pages\/240\/revisions\/603"}],"wp:attachment":[{"href":"https:\/\/www.podhorama.cz\/index.php\/wp-json\/wp\/v2\/media?parent=240"}],"curies":[{"name":"wp","href":"https:\/\/api.w.org\/{rel}","templated":true}]}}