{"id":234,"date":"2018-07-12T18:30:07","date_gmt":"2018-07-12T18:30:07","guid":{"rendered":"http:\/\/www.podhorama.cz\/?page_id=234"},"modified":"2018-07-18T12:55:01","modified_gmt":"2018-07-18T12:55:01","slug":"naucna-stezka-se-skritkem-okolim-pradedu","status":"publish","type":"page","link":"https:\/\/www.podhorama.cz\/index.php\/naucna-stezka-se-skritkem-okolim-pradedu\/","title":{"rendered":"Nau\u010dn\u00e1 stezka Se sk\u0159\u00edtkem okol\u00edm Prad\u011bdu"},"content":{"rendered":"<div id=\"pl-234\"  class=\"panel-layout\" ><div id=\"pg-234-0\"  class=\"panel-grid panel-no-style\" ><div id=\"pgc-234-0-0\"  class=\"panel-grid-cell\" ><div id=\"panel-234-0-0-0\" class=\"so-panel widget widget_sow-image panel-first-child\" data-index=\"0\" ><div\n\t\t\t\n\t\t\tclass=\"so-widget-sow-image so-widget-sow-image-default-dbf295114b96-234\"\n\t\t\t\n\t\t>\n<div class=\"sow-image-container\">\n\t\t<img \n\tsrc=\"https:\/\/www.podhorama.cz\/wp-content\/uploads\/2018\/07\/Nau\u010dn\u00e1-stezka-se-sk\u0159\u00edtkem-okol\u00edm-prad\u011bdu.jpg\" width=\"800\" height=\"600\" srcset=\"https:\/\/www.podhorama.cz\/wp-content\/uploads\/2018\/07\/Nau\u010dn\u00e1-stezka-se-sk\u0159\u00edtkem-okol\u00edm-prad\u011bdu.jpg 800w, https:\/\/www.podhorama.cz\/wp-content\/uploads\/2018\/07\/Nau\u010dn\u00e1-stezka-se-sk\u0159\u00edtkem-okol\u00edm-prad\u011bdu-300x225.jpg 300w, https:\/\/www.podhorama.cz\/wp-content\/uploads\/2018\/07\/Nau\u010dn\u00e1-stezka-se-sk\u0159\u00edtkem-okol\u00edm-prad\u011bdu-768x576.jpg 768w\" sizes=\"(max-width: 800px) 100vw, 800px\" alt=\"\" \t\tclass=\"so-widget-image\"\/>\n\t<\/div>\n\n<\/div><\/div><div id=\"panel-234-0-0-1\" class=\"so-panel widget widget_sow-editor panel-last-child\" data-index=\"1\" ><div\n\t\t\t\n\t\t\tclass=\"so-widget-sow-editor so-widget-sow-editor-base\"\n\t\t\t\n\t\t>\n<div class=\"siteorigin-widget-tinymce textwidget\">\n\t<p><iframe loading=\"lazy\" src=\"https:\/\/api.mapy.cz\/frame?params=%7B%22x%22%3A17.21222092364144%2C%22y%22%3A50.09585297071376%2C%22base%22%3A%222%22%2C%22layers%22%3A%5B7%5D%2C%22zoom%22%3A14%2C%22url%22%3A%22https%3A%2F%2Fmapy.cz%2Fs%2F2q7iE%22%2C%22mark%22%3A%7B%22x%22%3A%2217.2393434212%22%2C%22y%22%3A%2250.0707111089%22%2C%22title%22%3A%22Nau%C4%8Dn%C3%A1%20stezka%20Se%20sk%C5%99%C3%ADtkem%20okol%C3%ADm%20Prad%C4%9Bdu%22%7D%2C%22overview%22%3Afalse%7D&amp;width=400&amp;height=280&amp;lang=cs\" width=\"400\" height=\"280\" style=\"border:none\" frameBorder=\"0\"><\/iframe><\/p>\n<\/div>\n<\/div><\/div><\/div><div id=\"pgc-234-0-1\"  class=\"panel-grid-cell\" ><div id=\"panel-234-0-1-0\" class=\"so-panel widget widget_sow-editor panel-first-child panel-last-child\" data-index=\"2\" ><div\n\t\t\t\n\t\t\tclass=\"so-widget-sow-editor so-widget-sow-editor-base\"\n\t\t\t\n\t\t>\n<div class=\"siteorigin-widget-tinymce textwidget\">\n\t<p>\u0160est kilometr\u016f dlouh\u00e1 nau\u010dn\u00e1 stezka se sedmi zastaven\u00edmi z Ov\u010d\u00e1rny na vrchol Prad\u011bdu s odbo\u010dkami na Barborku a \u0160v\u00fdc\u00e1rnu s netradi\u010dn\u00edm pr\u016fvodcem sk\u0159\u00edtkem od Petrov\u00fdch kamen\u016f. Seznamuje n\u00e1v\u0161t\u011bvn\u00edky s geologick\u00fdm v\u00fdvojem Hrub\u00e9ho Jesen\u00edku i s m\u00edstn\u00ed faunou a florou, s glaci\u00e1ln\u00edmi relikty i endemity.<\/p>\n<\/div>\n<\/div><\/div><\/div><\/div><\/div>","protected":false},"excerpt":{"rendered":"<p>\u0160est kilometr\u016f dlouh\u00e1 nau\u010dn\u00e1 stezka se sedmi zastaven\u00edmi z Ov\u010d\u00e1rny na vrchol Prad\u011bdu s odbo\u010dkami na Barborku a \u0160v\u00fdc\u00e1rnu s netradi\u010dn\u00edm pr\u016fvodcem sk\u0159\u00edtkem od Petrov\u00fdch&hellip;<\/p>\n","protected":false},"author":1,"featured_media":0,"parent":0,"menu_order":0,"comment_status":"closed","ping_status":"closed","template":"","meta":{"ngg_post_thumbnail":0,"footnotes":""},"class_list":["post-234","page","type-page","status-publish","hentry"],"_links":{"self":[{"href":"https:\/\/www.podhorama.cz\/index.php\/wp-json\/wp\/v2\/pages\/234","targetHints":{"allow":["GET"]}}],"collection":[{"href":"https:\/\/www.podhorama.cz\/index.php\/wp-json\/wp\/v2\/pages"}],"about":[{"href":"https:\/\/www.podhorama.cz\/index.php\/wp-json\/wp\/v2\/types\/page"}],"author":[{"embeddable":true,"href":"https:\/\/www.podhorama.cz\/index.php\/wp-json\/wp\/v2\/users\/1"}],"replies":[{"embeddable":true,"href":"https:\/\/www.podhorama.cz\/index.php\/wp-json\/wp\/v2\/comments?post=234"}],"version-history":[{"count":6,"href":"https:\/\/www.podhorama.cz\/index.php\/wp-json\/wp\/v2\/pages\/234\/revisions"}],"predecessor-version":[{"id":585,"href":"https:\/\/www.podhorama.cz\/index.php\/wp-json\/wp\/v2\/pages\/234\/revisions\/585"}],"wp:attachment":[{"href":"https:\/\/www.podhorama.cz\/index.php\/wp-json\/wp\/v2\/media?parent=234"}],"curies":[{"name":"wp","href":"https:\/\/api.w.org\/{rel}","templated":true}]}}