{"id":213,"date":"2018-07-12T18:02:08","date_gmt":"2018-07-12T18:02:08","guid":{"rendered":"http:\/\/www.podhorama.cz\/?page_id=213"},"modified":"2018-07-18T12:59:12","modified_gmt":"2018-07-18T12:59:12","slug":"medvedska-hornatina","status":"publish","type":"page","link":"https:\/\/www.podhorama.cz\/index.php\/medvedska-hornatina\/","title":{"rendered":"Medv\u011bdsk\u00e1 hornatina"},"content":{"rendered":"<div id=\"pl-213\"  class=\"panel-layout\" ><div id=\"pg-213-0\"  class=\"panel-grid panel-no-style\" ><div id=\"pgc-213-0-0\"  class=\"panel-grid-cell\" ><div id=\"panel-213-0-0-0\" class=\"so-panel widget widget_sow-editor panel-first-child panel-last-child\" data-index=\"0\" ><div\n\t\t\t\n\t\t\tclass=\"so-widget-sow-editor so-widget-sow-editor-base\"\n\t\t\t\n\t\t>\n<div class=\"siteorigin-widget-tinymce textwidget\">\n\t<p>Na Medv\u011bdskou hornatinu turistick\u00e9 informa\u010dn\u00ed zdroje p\u0159\u00edli\u0161 neupozor\u0148uj\u00ed. Je to \u010d\u00e1st Hrub\u00e9ho Jesen\u00edku, kter\u00e1 se rozprost\u00edr\u00e1 v\u00fdchodn\u011b od Prad\u011bdu a Keprn\u00edku mezi Rejv\u00edzem, Vrbnem pod Prad\u011bdem a Videlsk\u00fdm sedlem. Nejvy\u0161\u0161\u00ed hora se jmenuje Medv\u011bd\u00ed vrch (1\u00a0216 m).<\/p>\n<p>Na rozs\u00e1hl\u00e9 zalesn\u011bn\u00e9 plo\u0161e mnoha des\u00edtek kilometr\u016f \u010dtvere\u010dn\u00edch prakticky nikdo ne\u017eije a nevede tudy ani mnoho zna\u010den\u00fdch tras. Chcete-li poznat pravou tv\u00e1\u0159 Medv\u011bdsk\u00e9 hornatiny, kterou charakterizuj\u00ed p\u0159edev\u0161\u00edm zalesn\u011bn\u00e9 kopce a h\u0159ebeny s \u010detn\u00fdmi skalisky, mus\u00edte se vydat na vlastn\u00ed p\u011bst vzh\u016fru do strm\u00fdch horsk\u00fdch svah\u016f.<\/p>\n<\/div>\n<\/div><\/div><\/div><\/div><div id=\"pg-213-1\"  class=\"panel-grid panel-no-style\" ><div id=\"pgc-213-1-0\"  class=\"panel-grid-cell\" ><div id=\"panel-213-1-0-0\" class=\"so-panel widget widget_sow-image panel-first-child\" data-index=\"1\" ><div\n\t\t\t\n\t\t\tclass=\"so-widget-sow-image so-widget-sow-image-default-dbf295114b96-213\"\n\t\t\t\n\t\t>\n<div class=\"sow-image-container\">\n\t\t<img \n\tsrc=\"https:\/\/www.podhorama.cz\/wp-content\/uploads\/2018\/07\/Karliny-kameny-700x300.jpg\" width=\"700\" height=\"300\" srcset=\"https:\/\/www.podhorama.cz\/wp-content\/uploads\/2018\/07\/Karliny-kameny-700x300.jpg 700w, https:\/\/www.podhorama.cz\/wp-content\/uploads\/2018\/07\/Karliny-kameny-700x300-300x129.jpg 300w\" sizes=\"(max-width: 700px) 100vw, 700px\" title=\"Karliny-kameny-700&#215;300\" alt=\"\" \t\tclass=\"so-widget-image\"\/>\n\t<\/div>\n\n<\/div><\/div><div id=\"panel-213-1-0-1\" class=\"so-panel widget widget_sow-image\" data-index=\"2\" ><div\n\t\t\t\n\t\t\tclass=\"so-widget-sow-image so-widget-sow-image-default-dbf295114b96-213\"\n\t\t\t\n\t\t>\n<div class=\"sow-image-container\">\n\t\t<img \n\tsrc=\"https:\/\/www.podhorama.cz\/wp-content\/uploads\/2018\/07\/karliny2.jpg\" width=\"264\" height=\"198\" sizes=\"(max-width: 264px) 100vw, 264px\" alt=\"\" \t\tclass=\"so-widget-image\"\/>\n\t<\/div>\n\n<\/div><\/div><div id=\"panel-213-1-0-2\" class=\"so-panel widget widget_sow-image\" data-index=\"3\" ><div\n\t\t\t\n\t\t\tclass=\"so-widget-sow-image so-widget-sow-image-default-dbf295114b96-213\"\n\t\t\t\n\t\t>\n<div class=\"sow-image-container\">\n\t\t<img \n\tsrc=\"https:\/\/www.podhorama.cz\/wp-content\/uploads\/2018\/07\/lyra.jpg\" width=\"264\" height=\"198\" sizes=\"(max-width: 264px) 100vw, 264px\" alt=\"\" \t\tclass=\"so-widget-image\"\/>\n\t<\/div>\n\n<\/div><\/div><div id=\"panel-213-1-0-3\" class=\"so-panel widget widget_sow-image\" data-index=\"4\" ><div\n\t\t\t\n\t\t\tclass=\"so-widget-sow-image so-widget-sow-image-default-dbf295114b96-213\"\n\t\t\t\n\t\t>\n<div class=\"sow-image-container\">\n\t\t<img \n\tsrc=\"https:\/\/www.podhorama.cz\/wp-content\/uploads\/2018\/07\/rov\u00fd-vrch-e1532000578867.jpg\" width=\"800\" height=\"534\" srcset=\"https:\/\/www.podhorama.cz\/wp-content\/uploads\/2018\/07\/rov\u00fd-vrch-e1532000578867.jpg 800w, https:\/\/www.podhorama.cz\/wp-content\/uploads\/2018\/07\/rov\u00fd-vrch-e1532000578867-300x200.jpg 300w, https:\/\/www.podhorama.cz\/wp-content\/uploads\/2018\/07\/rov\u00fd-vrch-e1532000578867-768x513.jpg 768w, https:\/\/www.podhorama.cz\/wp-content\/uploads\/2018\/07\/rov\u00fd-vrch-e1532000578867-272x182.jpg 272w\" sizes=\"(max-width: 800px) 100vw, 800px\" alt=\"\" \t\tclass=\"so-widget-image\"\/>\n\t<\/div>\n\n<\/div><\/div><div id=\"panel-213-1-0-4\" class=\"so-panel widget widget_sow-image\" data-index=\"5\" ><div\n\t\t\t\n\t\t\tclass=\"so-widget-sow-image so-widget-sow-image-default-dbf295114b96-213\"\n\t\t\t\n\t\t>\n<div class=\"sow-image-container\">\n\t\t<img \n\tsrc=\"https:\/\/www.podhorama.cz\/wp-content\/uploads\/2018\/07\/medv\u011bd\u00ed-vrch.jpg\" width=\"640\" height=\"480\" srcset=\"https:\/\/www.podhorama.cz\/wp-content\/uploads\/2018\/07\/medv\u011bd\u00ed-vrch.jpg 640w, https:\/\/www.podhorama.cz\/wp-content\/uploads\/2018\/07\/medv\u011bd\u00ed-vrch-300x225.jpg 300w\" sizes=\"(max-width: 640px) 100vw, 640px\" alt=\"\" \t\tclass=\"so-widget-image\"\/>\n\t<\/div>\n\n<\/div><\/div><div id=\"panel-213-1-0-5\" class=\"so-panel widget widget_sow-image\" data-index=\"6\" ><div\n\t\t\t\n\t\t\tclass=\"so-widget-sow-image so-widget-sow-image-default-dbf295114b96-213\"\n\t\t\t\n\t\t>\n<div class=\"sow-image-container\">\n\t\t<img \n\tsrc=\"https:\/\/www.podhorama.cz\/wp-content\/uploads\/2018\/07\/Medvedi-vrch2.jpg\" width=\"640\" height=\"480\" srcset=\"https:\/\/www.podhorama.cz\/wp-content\/uploads\/2018\/07\/Medvedi-vrch2.jpg 640w, https:\/\/www.podhorama.cz\/wp-content\/uploads\/2018\/07\/Medvedi-vrch2-300x225.jpg 300w\" sizes=\"(max-width: 640px) 100vw, 640px\" alt=\"\" \t\tclass=\"so-widget-image\"\/>\n\t<\/div>\n\n<\/div><\/div><div id=\"panel-213-1-0-6\" class=\"so-panel widget widget_sow-editor panel-last-child\" data-index=\"7\" ><div\n\t\t\t\n\t\t\tclass=\"so-widget-sow-editor so-widget-sow-editor-base\"\n\t\t\t\n\t\t>\n<div class=\"siteorigin-widget-tinymce textwidget\">\n\t<p><iframe loading=\"lazy\" style=\"border: none;\" src=\"https:\/\/api.mapy.cz\/frame?params=%7B%22x%22%3A17.309705103120905%2C%22y%22%3A50.11736462210489%2C%22base%22%3A%222%22%2C%22layers%22%3A%5B7%5D%2C%22zoom%22%3A14%2C%22url%22%3A%22https%3A%2F%2Fmapy.cz%2Fs%2F2q7nz%22%2C%22mark%22%3A%7B%22x%22%3A%2217.311421716890422%22%2C%22y%22%3A%2250.12303300532561%22%2C%22title%22%3A%22Medv%C4%9Bdsk%C3%A1%20hornatina%22%7D%2C%22overview%22%3Afalse%7D&amp;width=400&amp;height=280&amp;lang=cs\" width=\"400\" height=\"280\" frameborder=\"0\"><\/iframe><\/p>\n<\/div>\n<\/div><\/div><\/div><div id=\"pgc-213-1-1\"  class=\"panel-grid-cell\" ><div id=\"panel-213-1-1-0\" class=\"so-panel widget widget_sow-editor panel-first-child\" data-index=\"8\" ><div\n\t\t\t\n\t\t\tclass=\"so-widget-sow-editor so-widget-sow-editor-base\"\n\t\t\t\n\t\t><h3 class=\"widget-title\">Zapomenut\u00e9 Karliny kameny<\/h3>\n<div class=\"siteorigin-widget-tinymce textwidget\">\n\t<p>V\u00fdstup na Karliny kameny zahajte na parkovi\u0161ti p\u0159i \u00fast\u00ed p\u0159\u00edzna\u010dn\u011b pojmenovan\u00e9ho Skaln\u00edho potoka, kter\u00fd je levostrann\u00fdm p\u0159\u00edtokem St\u0159edn\u00ed Opavy. Vede kolem n\u011bj silnice Jesen\u00edk\u2013Vrbno pod Prad\u011bdem. Nezna\u010den\u00e1 lesn\u00ed cesta se nejprve vine hlubok\u00fdm \u00fadol\u00edm, v n\u011bm\u017e horsk\u00e1 byst\u0159ina vyhloubila divok\u00e9 skaln\u00ed koryto. Pe\u0159eje, kask\u00e1dy a drobn\u00e9 vodop\u00e1dy jsou k vid\u011bn\u00ed t\u00e9m\u011b\u0159 neust\u00e1le. Skaln\u00ed potok byl vyhl\u00e1\u0161en p\u0159\u00edrodn\u00ed rezervac\u00ed, kter\u00e1 zahrnuje i zachoval\u00e9 listnat\u00e9 porosty a \u010detn\u00e1 skaliska na okoln\u00edch velmi strm\u00fdch a nep\u0159\u00edstupn\u00fdch svaz\u00edch.N\u00e1zornou p\u0159edstavu o typick\u00fdch krajinn\u00fdch rysech Medv\u011bdsk\u00e9 hornatiny v\u00e1m zprost\u0159edkuje v\u00fdlet na vrch Karliny kameny (1\u00a0079 m), jen\u017e \u010dn\u00ed vysoko nad \u00fadol\u00edm B\u00edl\u00e9ho potoka a z d\u00e1lky p\u0159ipom\u00edn\u00e1 pov\u011bstmi op\u0159eden\u00e9 Petrovy kameny nebo sk\u00e1ly na vrcholu Vozky. Seskupen\u00ed roztodivn\u011b tvarovan\u00fdch skal vystupuj\u00edc\u00ed nad okoln\u00ed les je nav\u0161t\u011bvovan\u00e9 jen velmi sporadicky. Chyb\u00ed vy\u0161lapan\u00e9 chodn\u00ed\u010dky, tak\u017ee pohyb je zde obt\u00ed\u017en\u00fd, zato v\u0161ak svobodn\u00fd a bez omezen\u00ed. A v\u00fdhledy do okol\u00ed skv\u011bl\u00e9. Tak n\u011bjak vypad\u00e1 v \u010cesku divok\u00e1 p\u0159\u00edroda a neporu\u0161en\u00e1 krajina.<\/p>\n<p>Po necel\u00fdch dvou kilometrech odbo\u010duje z \u00fadol\u00ed vpravo zp\u011bt do svahu star\u00e1 a dnes ji\u017e zna\u010dn\u011b zarostl\u00e1 sv\u00e1\u017enicov\u00e1 cesta. Pokud se j\u00ed budete dr\u017eet a nikam neodbo\u010d\u00edte, dovede v\u00e1s po zhruba 2,5 km a\u017e ke k\u00fd\u017een\u00e9mu c\u00edli (asi v polovin\u011b v\u00fdstupu cesta k\u0159\u00ed\u017e\u00ed asfaltovou lesn\u00ed sv\u00e1\u017enici).<\/p>\n<\/div>\n<\/div><\/div><div id=\"panel-213-1-1-1\" class=\"so-panel widget widget_sow-editor\" data-index=\"9\" ><div\n\t\t\t\n\t\t\tclass=\"so-widget-sow-editor so-widget-sow-editor-base\"\n\t\t\t\n\t\t><h3 class=\"widget-title\">Poetick\u00e1 Lyra<\/h3>\n<div class=\"siteorigin-widget-tinymce textwidget\">\n\t<p>Jedn\u00edm z nejkr\u00e1sn\u011bj\u0161\u00edch vrchol\u016f Medv\u011bdsk\u00e9 hornatiny je nen\u00e1padn\u00e9 n\u00e1vr\u0161\u00ed, poeticky pojmenovan\u00e9 Lyra (1\u00a0092 m). Sp\u00ed\u0161e ne\u017e v ter\u00e9nu si j\u00ed \u010dlov\u011bk v\u0161imne v map\u00e1ch, kde b\u00fdv\u00e1 ji\u017e n\u011bkolik desetilet\u00ed zv\u00fdraz\u0148ov\u00e1na zna\u010dkou dalek\u00e9ho rozhledu. P\u0159esto\u017ee les je zde pon\u011bkud vzrostlej\u0161\u00ed ne\u017e d\u0159\u00edve, mapa nel\u017ee: vyhl\u00eddka z Lyry je opravdu par\u00e1dn\u00ed a nezapomenuteln\u00e1. A je\u0161t\u011b p\u00e1r let vydr\u017e\u00ed.<\/p>\n<p>V\u00fdchodiskem je sedlo Lyry (1\u00a0002 m), kam se dostanete bu\u010f p\u011b\u0161ky, nebo autem z Karlovy Stud\u00e1nky vzd\u00e1len\u00e9 t\u0159i kilometry. Ze sedla se vyd\u00e1te po lesn\u00ed asfaltce sm\u011brem na sever a v m\u00edst\u011b jej\u00edho rozdvojen\u00ed po asi 200 metrech pokra\u010dujete p\u0159\u00edmo do lesa na zar\u016fstaj\u00edc\u00ed cestu. Jakmile v\u00fdstup kon\u010d\u00ed, je t\u0159eba se sm\u011brovat vlevo a hledat vrchol. Pozn\u00e1te jej podle mlad\u00e9ho smrkov\u00e9ho lesa a skaln\u00edho h\u0159betu, kter\u00fd nad n\u011bj \u010d\u00e1ste\u010dn\u011b vy\u010dn\u00edv\u00e1.<\/p>\n<p>Prot\u00e1hl\u00fd skaln\u00ed h\u0159bet porostl\u00fd brusinkami a bor\u016fv\u010d\u00edm poskytuje n\u00e1dhern\u00fd zp\u011btn\u00fd pohled na Prad\u011bd z pon\u011bkud neobvykl\u00e9 v\u00fdchodn\u00ed strany. Nejvy\u0161\u0161\u00ed hora Jesen\u00edk\u016f se ty\u010d\u00ed hned naproti a nejhez\u010d\u00ed je r\u00e1no nebo dopoledne, kdy\u017e na ni sv\u00edt\u00ed slunce. To v\u0161ak nen\u00ed zdaleka v\u0161e. Dal\u0161\u00ed skalisko vzd\u00e1len\u00e9 asi 50 metr\u016f \u010dn\u00ed z\u00e1vratn\u011b vysoko nad okoln\u00ed les. Je roz\u010d\u00edsnut\u00e9 mohutnou puklinou, kterou mus\u00edte p\u0159esko\u010dit, chcete-li se dostat a\u017e k nejvy\u0161\u0161\u00edmu bodu. Z n\u011bj je vid\u011bt cel\u00fd komplex Medv\u011bdsk\u00e9 hornatiny jako na dlani.<\/p>\n<\/div>\n<\/div><\/div><div id=\"panel-213-1-1-2\" class=\"so-panel widget widget_sow-editor\" data-index=\"10\" ><div\n\t\t\t\n\t\t\tclass=\"so-widget-sow-editor so-widget-sow-editor-base\"\n\t\t\t\n\t\t><h3 class=\"widget-title\">Romantick\u00fd \u017d\u00e1rov\u00fd vrch<\/h3>\n<div class=\"siteorigin-widget-tinymce textwidget\">\n\t<p>Dal\u0161\u00ed zna\u010dka dalek\u00e9ho rozhledu zv\u00fdraz\u0148uje v map\u011b sousedn\u00ed kopec jm\u00e9nem \u017d\u00e1rov\u00fd vrch (1\u00a0094 m), odd\u011blen\u00fd od Lyry zalesn\u011bn\u00fdm sedlem s loveckou chatou Sedlov\u00e1 bouda (948 m). Jej\u00ed leskl\u00e1 st\u0159echa je z Lyry patrn\u00e1 stejn\u011b jako pr\u016fsek s nezna\u010denou v\u00fdstupovou cestou na \u017d\u00e1rov\u00fd vrch. Ani tento kopec si nenechte uj\u00edt.<\/p>\n<p>Sestup k Sedlov\u00e9 boud\u011b, kter\u00e1 je pro ve\u0159ejnost uzav\u0159en\u00e1, je od\u00a0skal na Ly\u0159e zpo\u010d\u00e1tku trochu divok\u00fd, ale jakmile naraz\u00edte na lesn\u00ed cestu, jde se v pohod\u011b. V sedle se op\u011bt k\u0159\u00ed\u017e\u00ed n\u011bkolik lesn\u00edch asfaltek. Na \u017d\u00e1rov\u00fd vrch se nejde po \u017e\u00e1dn\u00e9 z nich, ale p\u0159\u00edmo po z\u0159eteln\u011b vy\u0161lapan\u00e9 stezce. T\u00e1hl\u00fd v\u00fdstup z\u00edsk\u00e1v\u00e1 gr\u00e1dy t\u011bsn\u011b pod vrcholov\u00fdm platem, kdy\u017e se vlevo objevuj\u00ed prvn\u00ed skaliska.<\/p>\n<p>\u017d\u00e1rov\u00fd vrch pat\u0159\u00ed ur\u010dit\u011b k \u201enejskalnat\u011bj\u0161\u00edm vrch\u016fm\u201c v Jesen\u00edk\u00e1ch. Z ne\u010dekan\u011b rozlehl\u00e9ho komplexu plotnov\u00fdch skal se znovu otev\u00edraj\u00ed neokoukan\u00e1 panoramata hlavn\u00edho jesenick\u00e9ho h\u0159ebene s dominuj\u00edc\u00edm Prad\u011bdem z m\u00e9n\u011b obvykl\u00e9 v\u00fdchodn\u00ed strany. Projdete-li okoln\u00ed \u0159\u00eddk\u00fd lesn\u00ed porost, objev\u00edte dal\u0161\u00ed roztodivn\u011b tvarovan\u00e9 skaln\u00ed \u00fatvary. Pod p\u0159evisem jednoho z nich je dokonce mal\u00e1 trampsk\u00e1 z\u00e1kladna a v nouzi se tu lze schovat p\u0159ed de\u0161t\u011bm, p\u0159\u00edpadn\u011b i p\u0159espat.<\/p>\n<\/div>\n<\/div><\/div><div id=\"panel-213-1-1-3\" class=\"so-panel widget widget_sow-editor\" data-index=\"11\" ><div\n\t\t\t\n\t\t\tclass=\"so-widget-sow-editor so-widget-sow-editor-base\"\n\t\t\t\n\t\t><h3 class=\"widget-title\">H\u0159ebenovkou do Vrbna<\/h3>\n<div class=\"siteorigin-widget-tinymce textwidget\">\n\t<p>Nejste-li v\u00e1z\u00e1ni na zaparkovan\u00fd automobil, pak pokra\u010dujte ze \u017d\u00e1rov\u00e9ho vrchu po p\u011b\u0161ince d\u00e1l. P\u0159i dobr\u00fdch orienta\u010dn\u00edch schopnostech a za p\u0159\u00edzniv\u00e9ho po\u010das\u00ed absolvujete kr\u00e1snou h\u0159ebenovku, kter\u00e1 kon\u010d\u00ed na Z\u00e1meck\u00e9 ho\u0159e (954 m) nad Vrbnem. Cesta pochopiteln\u011b nen\u00ed zna\u010dena a mnohdy nen\u00ed jasn\u00e9, kudy d\u00e1l. Zvl\u00e1\u0161t\u011b pak v okol\u00ed p\u0159\u00edzna\u010dn\u011b pojmenovan\u00e9 k\u00f3ty Plo\u0161ina (1\u00a0015 m), kde je t\u0159eba m\u00edrn\u011b zm\u011bnit sm\u011br. V okol\u00ed Plo\u0161iny jsou po lese op\u011bt rozseta hejna roztodivn\u00fdch skalisek, z nich\u017e n\u011bkter\u00e1 stoj\u00ed za vid\u011bn\u00ed. Ne v\u0161echna v\u0161ak lze bezpe\u010dn\u011b zdolat.<\/p>\n<p>M\u00edstn\u00ed turistick\u00e9 zna\u010den\u00ed se objev\u00ed a\u017e v sedle pod Z\u00e1meckou horou. Nab\u00eddne v\u00e1m sestup do Vrbna nebo posledn\u00ed v\u00fdstup k velmi skromn\u00fdm zbytk\u016fm st\u0159edov\u011bk\u00e9ho hradu F\u00fcrstenwalde, kter\u00fd pat\u0159\u00ed spolu s dal\u0161\u00edmi bl\u00edzk\u00fdmi a podivn\u011b pojmenovan\u00fdmi hr\u00e1dky Veisen\u0161tejn, Raben\u0161tejn, Kober\u0161tejn a Quinburk\u00a0k nejv\u00fd\u0161e polo\u017een\u00fdm objekt\u016fm sv\u00e9ho druhu u n\u00e1s. Tyto jesenick\u00e9 str\u00e1\u017en\u00ed hr\u00e1dky vysoko v hor\u00e1ch chr\u00e1nily ve 14. stolet\u00ed hranice vratislavsk\u00e9ho biskupstv\u00ed. Jejich p\u0159\u00edpadn\u00e1 n\u00e1v\u0161t\u011bva je dal\u0161\u00edm dobrodru\u017en\u011b lad\u011bn\u00fdm podnikem v pozn\u00e1v\u00e1n\u00ed m\u00e1lo zn\u00e1m\u00e9 Medv\u011bdsk\u00e9 hornatiny.<\/p>\n<\/div>\n<\/div><\/div><div id=\"panel-213-1-1-4\" class=\"so-panel widget widget_sow-editor panel-last-child\" data-index=\"12\" ><div\n\t\t\t\n\t\t\tclass=\"so-widget-sow-editor so-widget-sow-editor-base\"\n\t\t\t\n\t\t><h3 class=\"widget-title\">Medv\u011bd\u00ed vrch a Orl\u00edk<\/h3>\n<div class=\"siteorigin-widget-tinymce textwidget\">\n\t<p>Skv\u011bl\u00fd rozhled nab\u00edz\u00ed tak\u00e9 vrchol nejvy\u0161\u0161\u00edho Medv\u011bd\u00edho vrchu (1\u00a0216 m). Zna\u010dky ov\u0161em na n\u011bj tak\u00e9 \u017e\u00e1dn\u00e9 nevedou. Orienta\u010dn\u011b nejsnaz\u0161\u00ed je p\u0159\u00edstup od loveck\u00e9 Soln\u00e9 chaty p\u0159\u00edmo vzh\u016fru lesn\u00edm ter\u00e9nem. Vrchol zdob\u00ed men\u0161\u00ed skalisko vy\u010duhuj\u00edc\u00ed nad \u0159\u00eddk\u00e9 porosty smrk\u016f.<\/p>\n<p>Z Medv\u011bd\u00edho vrchu je jako na dlani vid\u011bt masiv Orl\u00edku (1\u00a0204 m), kter\u00fd pat\u0159\u00ed k nejzn\u00e1m\u011bj\u0161\u00edm vrchol\u016fm v t\u00e9to \u010d\u00e1sti Jesen\u00edk\u016f. S Medv\u011bd\u00edm vrchem jej spojuje h\u0159eben, po n\u011bm\u017e vede z\u0159eteln\u00e1 stezka.<\/p>\n<\/div>\n<\/div><\/div><\/div><\/div><div id=\"pg-213-2\"  class=\"panel-grid panel-no-style\" ><div id=\"pgc-213-2-0\"  class=\"panel-grid-cell\" ><div id=\"panel-213-2-0-0\" class=\"so-panel widget widget_sow-editor panel-first-child panel-last-child\" data-index=\"13\" ><div\n\t\t\t\n\t\t\tclass=\"so-widget-sow-editor so-widget-sow-editor-base\"\n\t\t\t\n\t\t>\n<div class=\"siteorigin-widget-tinymce textwidget\">\n\t<p>Karlova Stud\u00e1nka \u2013 sedlo Lyry; 2,5 km \u2013 Lyra; 4 km \u2013 Sedlov\u00e1 bouda; 5 km \u2013 \u017d\u00e1rov\u00fd vrch; 6 km \u2013 Plo\u0161ina; 7 km \u2013 Z\u00e1meck\u00fd vrch; 9,5 km \u2013 Vrbno pod Prad\u011bdem; 13 km<\/p>\n<\/div>\n<\/div><\/div><\/div><\/div><\/div>","protected":false},"excerpt":{"rendered":"<p>Na Medv\u011bdskou hornatinu turistick\u00e9 informa\u010dn\u00ed zdroje p\u0159\u00edli\u0161 neupozor\u0148uj\u00ed. Je to \u010d\u00e1st Hrub\u00e9ho Jesen\u00edku, kter\u00e1 se rozprost\u00edr\u00e1 v\u00fdchodn\u011b od Prad\u011bdu a Keprn\u00edku mezi Rejv\u00edzem, Vrbnem pod&hellip;<\/p>\n","protected":false},"author":1,"featured_media":0,"parent":0,"menu_order":0,"comment_status":"closed","ping_status":"closed","template":"","meta":{"ngg_post_thumbnail":0,"footnotes":""},"class_list":["post-213","page","type-page","status-publish","hentry"],"_links":{"self":[{"href":"https:\/\/www.podhorama.cz\/index.php\/wp-json\/wp\/v2\/pages\/213","targetHints":{"allow":["GET"]}}],"collection":[{"href":"https:\/\/www.podhorama.cz\/index.php\/wp-json\/wp\/v2\/pages"}],"about":[{"href":"https:\/\/www.podhorama.cz\/index.php\/wp-json\/wp\/v2\/types\/page"}],"author":[{"embeddable":true,"href":"https:\/\/www.podhorama.cz\/index.php\/wp-json\/wp\/v2\/users\/1"}],"replies":[{"embeddable":true,"href":"https:\/\/www.podhorama.cz\/index.php\/wp-json\/wp\/v2\/comments?post=213"}],"version-history":[{"count":13,"href":"https:\/\/www.podhorama.cz\/index.php\/wp-json\/wp\/v2\/pages\/213\/revisions"}],"predecessor-version":[{"id":597,"href":"https:\/\/www.podhorama.cz\/index.php\/wp-json\/wp\/v2\/pages\/213\/revisions\/597"}],"wp:attachment":[{"href":"https:\/\/www.podhorama.cz\/index.php\/wp-json\/wp\/v2\/media?parent=213"}],"curies":[{"name":"wp","href":"https:\/\/api.w.org\/{rel}","templated":true}]}}