{"id":209,"date":"2018-07-12T17:06:42","date_gmt":"2018-07-12T17:06:42","guid":{"rendered":"http:\/\/www.podhorama.cz\/?page_id=209"},"modified":"2018-07-18T13:46:27","modified_gmt":"2018-07-18T13:46:27","slug":"lyzarska-bezecka-trat-ovcarna-praded-svycarna","status":"publish","type":"page","link":"https:\/\/www.podhorama.cz\/index.php\/lyzarska-bezecka-trat-ovcarna-praded-svycarna\/","title":{"rendered":"Ly\u017ea\u0159sk\u00e1 b\u011b\u017eeck\u00e1 tra\u0165 Ov\u010d\u00e1rna \u2013 Prad\u011bd \u2013 \u0160v\u00fdc\u00e1rna"},"content":{"rendered":"<div id=\"pl-209\"  class=\"panel-layout\" ><div id=\"pg-209-0\"  class=\"panel-grid panel-no-style\" ><div id=\"pgc-209-0-0\"  class=\"panel-grid-cell\" ><div id=\"panel-209-0-0-0\" class=\"so-panel widget widget_sow-image panel-first-child\" data-index=\"0\" ><div\n\t\t\t\n\t\t\tclass=\"so-widget-sow-image so-widget-sow-image-default-8b5b6f678277-209\"\n\t\t\t\n\t\t>\n<div class=\"sow-image-container\">\n\t\t<img \n\tsrc=\"https:\/\/www.podhorama.cz\/wp-content\/uploads\/2018\/07\/\u0161v\u00fdc\u00e1rna-rozcestn\u00edk-zima.jpg\" width=\"2000\" height=\"1500\" srcset=\"https:\/\/www.podhorama.cz\/wp-content\/uploads\/2018\/07\/\u0161v\u00fdc\u00e1rna-rozcestn\u00edk-zima.jpg 2000w, https:\/\/www.podhorama.cz\/wp-content\/uploads\/2018\/07\/\u0161v\u00fdc\u00e1rna-rozcestn\u00edk-zima-300x225.jpg 300w, https:\/\/www.podhorama.cz\/wp-content\/uploads\/2018\/07\/\u0161v\u00fdc\u00e1rna-rozcestn\u00edk-zima-768x576.jpg 768w, https:\/\/www.podhorama.cz\/wp-content\/uploads\/2018\/07\/\u0161v\u00fdc\u00e1rna-rozcestn\u00edk-zima-1024x768.jpg 1024w\" sizes=\"(max-width: 2000px) 100vw, 2000px\" alt=\"\" \t\tclass=\"so-widget-image\"\/>\n\t<\/div>\n\n<\/div><\/div><div id=\"panel-209-0-0-1\" class=\"so-panel widget widget_sow-editor panel-last-child\" data-index=\"1\" ><div\n\t\t\t\n\t\t\tclass=\"so-widget-sow-editor so-widget-sow-editor-base\"\n\t\t\t\n\t\t>\n<div class=\"siteorigin-widget-tinymce textwidget\">\n\t<p><iframe loading=\"lazy\" src=\"https:\/\/api.mapy.cz\/frame?params=%7B%22x%22%3A17.2140580556%2C%22y%22%3A50.1015022222%2C%22base%22%3A%2219%22%2C%22layers%22%3A%5B%5D%2C%22zoom%22%3A13%2C%22url%22%3A%22https%3A%2F%2Fmapy.cz%2Fs%2F2mI2M%22%2C%22mark%22%3A%7B%22x%22%3A%2217.2140580556%22%2C%22y%22%3A%2250.1015022222%22%2C%22title%22%3A%22%C5%A0v%C3%BDc%C3%A1rna%20-%20tur.%20chata%22%7D%2C%22overview%22%3Atrue%7D&amp;width=400&amp;height=280&amp;lang=cs\" width=\"400\" height=\"280\" style=\"border:none\" frameBorder=\"0\"><\/iframe><\/p>\n<\/div>\n<\/div><\/div><\/div><div id=\"pgc-209-0-1\"  class=\"panel-grid-cell\" ><div id=\"panel-209-0-1-0\" class=\"so-panel widget widget_sow-editor panel-first-child panel-last-child\" data-index=\"2\" ><div\n\t\t\t\n\t\t\tclass=\"so-widget-sow-editor so-widget-sow-editor-base\"\n\t\t\t\n\t\t>\n<div class=\"siteorigin-widget-tinymce textwidget\">\n\t<p>Tra\u0165 v bl\u00edzkosti nejvy\u0161\u0161\u00ed hory Jesen\u00edk\u016f <\/p>\n<p> Trasa 7 (7,2 km): Ov\u010d\u00e1rna \u2013 chata Barborka \u2013 Sporthotel Kurzovn\u00ed \u2013 Pod Prad\u011bdem \u2013 Prad\u011bd \u2013 Pod Prad\u011bdem \u2013 \u0160v\u00fdc\u00e1rna<\/p>\n<\/div>\n<\/div><\/div><\/div><\/div><\/div>","protected":false},"excerpt":{"rendered":"<p>Tra\u0165 v bl\u00edzkosti nejvy\u0161\u0161\u00ed hory Jesen\u00edk\u016f Trasa 7 (7,2 km): Ov\u010d\u00e1rna \u2013 chata Barborka \u2013 Sporthotel Kurzovn\u00ed \u2013 Pod Prad\u011bdem \u2013 Prad\u011bd \u2013 Pod Prad\u011bdem&hellip;<\/p>\n","protected":false},"author":1,"featured_media":0,"parent":0,"menu_order":0,"comment_status":"closed","ping_status":"closed","template":"","meta":{"ngg_post_thumbnail":0,"footnotes":""},"class_list":["post-209","page","type-page","status-publish","hentry"],"_links":{"self":[{"href":"https:\/\/www.podhorama.cz\/index.php\/wp-json\/wp\/v2\/pages\/209","targetHints":{"allow":["GET"]}}],"collection":[{"href":"https:\/\/www.podhorama.cz\/index.php\/wp-json\/wp\/v2\/pages"}],"about":[{"href":"https:\/\/www.podhorama.cz\/index.php\/wp-json\/wp\/v2\/types\/page"}],"author":[{"embeddable":true,"href":"https:\/\/www.podhorama.cz\/index.php\/wp-json\/wp\/v2\/users\/1"}],"replies":[{"embeddable":true,"href":"https:\/\/www.podhorama.cz\/index.php\/wp-json\/wp\/v2\/comments?post=209"}],"version-history":[{"count":5,"href":"https:\/\/www.podhorama.cz\/index.php\/wp-json\/wp\/v2\/pages\/209\/revisions"}],"predecessor-version":[{"id":675,"href":"https:\/\/www.podhorama.cz\/index.php\/wp-json\/wp\/v2\/pages\/209\/revisions\/675"}],"wp:attachment":[{"href":"https:\/\/www.podhorama.cz\/index.php\/wp-json\/wp\/v2\/media?parent=209"}],"curies":[{"name":"wp","href":"https:\/\/api.w.org\/{rel}","templated":true}]}}