{"id":195,"date":"2018-07-11T22:01:01","date_gmt":"2018-07-11T22:01:01","guid":{"rendered":"http:\/\/www.podhorama.cz\/?page_id=195"},"modified":"2018-07-18T13:38:57","modified_gmt":"2018-07-18T13:38:57","slug":"koprivna","status":"publish","type":"page","link":"https:\/\/www.podhorama.cz\/index.php\/koprivna\/","title":{"rendered":"Kop\u0159ivn\u00e1"},"content":{"rendered":"<div id=\"pl-195\"  class=\"panel-layout\" ><div id=\"pg-195-0\"  class=\"panel-grid panel-no-style\" ><div id=\"pgc-195-0-0\"  class=\"panel-grid-cell\" ><div id=\"panel-195-0-0-0\" class=\"so-panel widget widget_sow-image panel-first-child\" data-index=\"0\" ><div\n\t\t\t\n\t\t\tclass=\"so-widget-sow-image so-widget-sow-image-default-8b5b6f678277-195\"\n\t\t\t\n\t\t>\n<div class=\"sow-image-container\">\n\t\t<img \n\tsrc=\"https:\/\/www.podhorama.cz\/wp-content\/uploads\/2018\/07\/Kop\u0159ivn\u00e1.jpg\" width=\"960\" height=\"720\" srcset=\"https:\/\/www.podhorama.cz\/wp-content\/uploads\/2018\/07\/Kop\u0159ivn\u00e1.jpg 960w, https:\/\/www.podhorama.cz\/wp-content\/uploads\/2018\/07\/Kop\u0159ivn\u00e1-300x225.jpg 300w, https:\/\/www.podhorama.cz\/wp-content\/uploads\/2018\/07\/Kop\u0159ivn\u00e1-768x576.jpg 768w\" sizes=\"(max-width: 960px) 100vw, 960px\" alt=\"\" \t\tclass=\"so-widget-image\"\/>\n\t<\/div>\n\n<\/div><\/div><div id=\"panel-195-0-0-1\" class=\"so-panel widget widget_sow-editor panel-last-child\" data-index=\"1\" ><div\n\t\t\t\n\t\t\tclass=\"so-widget-sow-editor so-widget-sow-editor-base\"\n\t\t\t\n\t\t>\n<div class=\"siteorigin-widget-tinymce textwidget\">\n\t<p><iframe loading=\"lazy\" src=\"https:\/\/www.google.com\/maps\/embed?pb=!1m16!1m12!1m3!1d2562.7812910298258!2d17.3056711651488!3d50.034193879420066!2m3!1f0!2f0!3f0!3m2!1i1024!2i768!4f13.1!2m1!1zU2tpIGFyZcOhbCBrb3DFmWl2bsOh!5e0!3m2!1scs!2scz!4v1510595670220\" width=\"400\" height=\"300\" frameborder=\"0\" style=\"border:0\" allowfullscreen><\/iframe><\/p>\n<\/div>\n<\/div><\/div><\/div><div id=\"pgc-195-0-1\"  class=\"panel-grid-cell\" ><div id=\"panel-195-0-1-0\" class=\"so-panel widget widget_sow-editor panel-first-child panel-last-child\" data-index=\"2\" ><div\n\t\t\t\n\t\t\tclass=\"so-widget-sow-editor so-widget-sow-editor-base\"\n\t\t\t\n\t\t>\n<div class=\"siteorigin-widget-tinymce textwidget\">\n\t<p>Ski are\u00e1l Kop\u0159ivn\u00e1\u00a0je provozovatelem nejdel\u0161\u00ed sjezdovky (d\u00e9lka trati je 1350 m)<\/p>\n<p>NEJMODERN\u011aJ\u0160\u00cd ODPOJITELN\u00c1 6TI-SEDA\u010cKA V \u010cR<\/p>\n<p>NOV\u00c1 \u010cERVEN\u00c1 SJEZDOVKA\u00a0 - 920m<\/p>\n<p>d\u011btsk\u00e1 sjezdovka<\/p>\n<p>ly\u017ea\u0159sk\u00e1 \u0161kola<\/p>\n<p>d\u011btsk\u00fd zimn\u00ed park<\/p>\n<p>snowtubingov\u00e1 dr\u00e1ha<\/p>\n<p>4 GASTRO-ZA\u0158\u00cdZEN\u00cd P\u0158\u00cdMO NA SJEZDOVCE<\/p>\n<\/div>\n<\/div><\/div><\/div><\/div><\/div>","protected":false},"excerpt":{"rendered":"<p>Ski are\u00e1l Kop\u0159ivn\u00e1\u00a0je provozovatelem nejdel\u0161\u00ed sjezdovky (d\u00e9lka trati je 1350 m) NEJMODERN\u011aJ\u0160\u00cd ODPOJITELN\u00c1 6TI-SEDA\u010cKA V \u010cR NOV\u00c1 \u010cERVEN\u00c1 SJEZDOVKA\u00a0 &#8211; 920m d\u011btsk\u00e1 sjezdovka ly\u017ea\u0159sk\u00e1 \u0161kola&hellip;<\/p>\n","protected":false},"author":1,"featured_media":0,"parent":0,"menu_order":0,"comment_status":"closed","ping_status":"closed","template":"","meta":{"ngg_post_thumbnail":0,"footnotes":""},"class_list":["post-195","page","type-page","status-publish","hentry"],"_links":{"self":[{"href":"https:\/\/www.podhorama.cz\/index.php\/wp-json\/wp\/v2\/pages\/195","targetHints":{"allow":["GET"]}}],"collection":[{"href":"https:\/\/www.podhorama.cz\/index.php\/wp-json\/wp\/v2\/pages"}],"about":[{"href":"https:\/\/www.podhorama.cz\/index.php\/wp-json\/wp\/v2\/types\/page"}],"author":[{"embeddable":true,"href":"https:\/\/www.podhorama.cz\/index.php\/wp-json\/wp\/v2\/users\/1"}],"replies":[{"embeddable":true,"href":"https:\/\/www.podhorama.cz\/index.php\/wp-json\/wp\/v2\/comments?post=195"}],"version-history":[{"count":4,"href":"https:\/\/www.podhorama.cz\/index.php\/wp-json\/wp\/v2\/pages\/195\/revisions"}],"predecessor-version":[{"id":651,"href":"https:\/\/www.podhorama.cz\/index.php\/wp-json\/wp\/v2\/pages\/195\/revisions\/651"}],"wp:attachment":[{"href":"https:\/\/www.podhorama.cz\/index.php\/wp-json\/wp\/v2\/media?parent=195"}],"curies":[{"name":"wp","href":"https:\/\/api.w.org\/{rel}","templated":true}]}}