{"id":191,"date":"2018-07-11T21:56:37","date_gmt":"2018-07-11T21:56:37","guid":{"rendered":"http:\/\/www.podhorama.cz\/?page_id=191"},"modified":"2018-07-18T12:42:56","modified_gmt":"2018-07-18T12:42:56","slug":"karlova-studanka","status":"publish","type":"page","link":"https:\/\/www.podhorama.cz\/index.php\/karlova-studanka\/","title":{"rendered":"Karlova Stud\u00e1nka"},"content":{"rendered":"<div id=\"pl-191\"  class=\"panel-layout\" ><div id=\"pg-191-0\"  class=\"panel-grid panel-no-style\" ><div id=\"pgc-191-0-0\"  class=\"panel-grid-cell\" ><div id=\"panel-191-0-0-0\" class=\"so-panel widget widget_sow-image panel-first-child panel-last-child\" data-index=\"0\" ><div\n\t\t\t\n\t\t\tclass=\"so-widget-sow-image so-widget-sow-image-default-8b5b6f678277-191\"\n\t\t\t\n\t\t>\n<div class=\"sow-image-container\">\n\t\t<img \n\tsrc=\"https:\/\/www.podhorama.cz\/wp-content\/uploads\/2018\/07\/2133-karlova-studanka.jpg\" width=\"697\" height=\"600\" srcset=\"https:\/\/www.podhorama.cz\/wp-content\/uploads\/2018\/07\/2133-karlova-studanka.jpg 697w, https:\/\/www.podhorama.cz\/wp-content\/uploads\/2018\/07\/2133-karlova-studanka-300x258.jpg 300w\" sizes=\"(max-width: 697px) 100vw, 697px\" alt=\"\" \t\tclass=\"so-widget-image\"\/>\n\t<\/div>\n\n<\/div><\/div><\/div><div id=\"pgc-191-0-1\"  class=\"panel-grid-cell\" ><div id=\"panel-191-0-1-0\" class=\"so-panel widget widget_text panel-first-child panel-last-child\" data-index=\"1\" >\t\t\t<div class=\"textwidget\"><p>Modern\u00ed a p\u0159itom starobyl\u00e9, ojedin\u011ble p\u0159ebudovan\u00e9 l\u00e1zn\u011b obklopen\u00e9 horskou p\u0159\u00edrodou \u2013 to je Karlova Stud\u00e1nka. Le\u017e\u00ed v panensk\u00e9 p\u0159\u00edrod\u011b na v\u00fdchodn\u00ed stran\u011b nejvy\u0161\u0161\u00ed hory Jesen\u00edk\u016f Prad\u011bdu, v \u00fadol\u00ed horsk\u00e9 \u0159\u00ed\u010dky B\u00edl\u00e9 Opavy, a py\u0161n\u00ed se nej\u010dist\u0161\u00edm vzduchem ve st\u0159edn\u00ed Evrop\u011b.<br \/>\nL\u00e1zn\u011b jako z poh\u00e1dky<br \/>\nRouben\u00e9 budovy ovlivn\u011bn\u00e9 emp\u00edrem, kter\u00e9 pamatuj\u00ed zalo\u017een\u00ed l\u00e1zn\u00ed, stoj\u00ed v Karlov\u011b Stud\u00e1nce dodnes. V parc\u00edch a na \u00fabo\u010d\u00edch zalesn\u011bn\u00fdch svah\u016f najdete l\u00e1ze\u0148sk\u00e9 penziony a pavilony, geologickou expozici hornin z oblasti Jesen\u00edk\u016f, um\u011bl\u00fd vodop\u00e1d, kav\u00e1rny i v\u00fdletn\u00ed restaurace.<\/p>\n<\/div>\n\t\t<\/div><\/div><\/div><div id=\"pg-191-1\"  class=\"panel-grid panel-no-style\" ><div id=\"pgc-191-1-0\"  class=\"panel-grid-cell\" ><div id=\"panel-191-1-0-0\" class=\"so-panel widget widget_sow-image panel-first-child panel-last-child\" data-index=\"2\" ><div\n\t\t\t\n\t\t\tclass=\"so-widget-sow-image so-widget-sow-image-default-8b5b6f678277-191\"\n\t\t\t\n\t\t>\n<div class=\"sow-image-container\">\n\t\t<img \n\tsrc=\"https:\/\/www.podhorama.cz\/wp-content\/uploads\/2018\/07\/geologick\u00e1-v-karlov\u011b-stud-1024x768.jpg\" width=\"1024\" height=\"768\" srcset=\"https:\/\/www.podhorama.cz\/wp-content\/uploads\/2018\/07\/geologick\u00e1-v-karlov\u011b-stud-1024x768.jpg 1024w, https:\/\/www.podhorama.cz\/wp-content\/uploads\/2018\/07\/geologick\u00e1-v-karlov\u011b-stud-1024x768-300x225.jpg 300w, https:\/\/www.podhorama.cz\/wp-content\/uploads\/2018\/07\/geologick\u00e1-v-karlov\u011b-stud-1024x768-768x576.jpg 768w\" sizes=\"(max-width: 1024px) 100vw, 1024px\" title=\"geologick\u00e1-v-karlov\u011b-stud-1024&#215;768\" alt=\"\" \t\tclass=\"so-widget-image\"\/>\n\t<\/div>\n\n<\/div><\/div><\/div><div id=\"pgc-191-1-1\"  class=\"panel-grid-cell\" ><div id=\"panel-191-1-1-0\" class=\"so-panel widget widget_text panel-first-child panel-last-child\" data-index=\"3\" >\t\t\t<div class=\"textwidget\"><p>Prvn\u00ed p\u0159\u00edrodn\u00ed expozici v \u010cR vybudovanou v roce 1991 najdete v are\u00e1lu l\u00e9\u010debn\u00fdch l\u00e1zn\u00ed Karlova Stud\u00e1nka, kde si prohl\u00e9dnete geologick\u00fd v\u00fdvoj cel\u00e9ho Jesenicka. Na za\u010d\u00e1tku nau\u010dn\u00e9 stezky u dome\u010dku se suven\u00fdry si na informa\u010dn\u00ed tabuli p\u0159e\u010dtete zaj\u00edmavosti o geologii cel\u00e9 Jesenick\u00e9 oblasti. Je zde um\u00edst\u011bno 310 expon\u00e1t\u016f na jednom m\u00edst\u011b, na plo\u0161e p\u016fl hektaru, v d\u00e9lce 0,2 km. Zaujmou zde n\u011bkolikatunov\u00e9 balvany a jin\u00e9 horniny, kter\u00e9 jsou upraveny v par\u010d\u00edku v bl\u00edzkosti b\u00fdval\u00e9ho hotelu Hubert, naproti parkovi\u0161t\u011b nad vodop\u00e1dem. V obch\u016fdku s miner\u00e1ly a drahokami si na pam\u00e1tku m\u016f\u017eete vybrat n\u011bjak\u00fd suven\u00fdr nebo kam\u00ednek sebou dom\u016f, opravdu najdete zde mnoho zaj\u00edmav\u00e9ho.<\/p>\n<\/div>\n\t\t<\/div><\/div><\/div><div id=\"pg-191-2\"  class=\"panel-grid panel-no-style\" ><div id=\"pgc-191-2-0\"  class=\"panel-grid-cell\" ><div id=\"panel-191-2-0-0\" class=\"so-panel widget widget_sow-image panel-first-child panel-last-child\" data-index=\"4\" ><div\n\t\t\t\n\t\t\tclass=\"so-widget-sow-image so-widget-sow-image-default-8b5b6f678277-191\"\n\t\t\t\n\t\t>\n<div class=\"sow-image-container\">\n\t\t<img \n\tsrc=\"https:\/\/www.podhorama.cz\/wp-content\/uploads\/2018\/07\/karlova-stud\u00e1nka-vodop\u00e1d-768x1024.jpg\" width=\"768\" height=\"1024\" srcset=\"https:\/\/www.podhorama.cz\/wp-content\/uploads\/2018\/07\/karlova-stud\u00e1nka-vodop\u00e1d-768x1024.jpg 768w, https:\/\/www.podhorama.cz\/wp-content\/uploads\/2018\/07\/karlova-stud\u00e1nka-vodop\u00e1d-768x1024-225x300.jpg 225w\" sizes=\"(max-width: 768px) 100vw, 768px\" title=\"karlova-stud\u00e1nka-vodop\u00e1d-768&#215;1024\" alt=\"\" \t\tclass=\"so-widget-image\"\/>\n\t<\/div>\n\n<\/div><\/div><\/div><div id=\"pgc-191-2-1\"  class=\"panel-grid-cell\" ><div id=\"panel-191-2-1-0\" class=\"so-panel widget widget_text panel-first-child panel-last-child\" data-index=\"5\" >\t\t\t<div class=\"textwidget\"><p>Um\u011bl\u00fd vodop\u00e1d, kter\u00fd je jednou ze zaj\u00edmavost\u00ed Karlovy Stud\u00e1nky, byl vybudov\u00e1n koncem 19. stolet\u00ed pro pot\u0159ebu l\u00e1zn\u00ed. Vodop\u00e1d vznikl odklon\u011bn\u00edm toku \u0159eky B\u00edl\u00e9 Opavy do nezpevn\u011bn\u00e9ho a otev\u0159en\u00e9ho koryta o d\u00e9lca cca 850 metr\u016f. Vodop\u00e1d, jeho\u017e v\u00fd\u0161ka je cca 20 metr\u016f se nal\u00e9z\u00e1 v lokalit\u011b \u201eU Huberta\u201c na okraji Karlovy Stud\u00e1nky. V m\u00edst\u011b je um\u00edst\u011bna infotabule Nau\u010dn\u00e9 stezky B\u00edl\u00e1 Opava.<\/p>\n<\/div>\n\t\t<\/div><\/div><\/div><div id=\"pg-191-3\"  class=\"panel-grid panel-no-style\" ><div id=\"pgc-191-3-0\"  class=\"panel-grid-cell panel-grid-cell-mobile-last\" ><div id=\"panel-191-3-0-0\" class=\"so-panel widget widget_sow-editor panel-first-child panel-last-child\" data-index=\"6\" ><div\n\t\t\t\n\t\t\tclass=\"so-widget-sow-editor so-widget-sow-editor-base\"\n\t\t\t\n\t\t>\n<div class=\"siteorigin-widget-tinymce textwidget\">\n\t<p><iframe loading=\"lazy\" src=\"https:\/\/api.mapy.cz\/frame?params=%7B%22x%22%3A17.30403299355538%2C%22y%22%3A50.075088965500285%2C%22base%22%3A%222%22%2C%22layers%22%3A%5B7%5D%2C%22zoom%22%3A15%2C%22url%22%3A%22https%3A%2F%2Fmapy.cz%2Fs%2F2q4Ie%22%2C%22mark%22%3A%7B%22x%22%3A%2217.3063075068%22%2C%22y%22%3A%2250.0734639397%22%2C%22title%22%3A%22Karlova%20Stud%C3%A1nka%22%7D%2C%22overview%22%3Afalse%7D&amp;width=400&amp;height=280&amp;lang=cs\" width=\"400\" height=\"280\" style=\"border:none\" frameBorder=\"0\"><\/iframe><\/p>\n<\/div>\n<\/div><\/div><\/div><div id=\"pgc-191-3-1\"  class=\"panel-grid-cell panel-grid-cell-empty\" ><\/div><\/div><\/div>","protected":false},"excerpt":{"rendered":"<p>Modern\u00ed a p\u0159itom starobyl\u00e9, ojedin\u011ble p\u0159ebudovan\u00e9 l\u00e1zn\u011b obklopen\u00e9 horskou p\u0159\u00edrodou \u2013 to je Karlova Stud\u00e1nka. Le\u017e\u00ed v panensk\u00e9 p\u0159\u00edrod\u011b na v\u00fdchodn\u00ed stran\u011b nejvy\u0161\u0161\u00ed hory Jesen\u00edk\u016f&hellip;<\/p>\n","protected":false},"author":1,"featured_media":0,"parent":0,"menu_order":0,"comment_status":"closed","ping_status":"closed","template":"","meta":{"ngg_post_thumbnail":0,"footnotes":""},"class_list":["post-191","page","type-page","status-publish","hentry"],"_links":{"self":[{"href":"https:\/\/www.podhorama.cz\/index.php\/wp-json\/wp\/v2\/pages\/191","targetHints":{"allow":["GET"]}}],"collection":[{"href":"https:\/\/www.podhorama.cz\/index.php\/wp-json\/wp\/v2\/pages"}],"about":[{"href":"https:\/\/www.podhorama.cz\/index.php\/wp-json\/wp\/v2\/types\/page"}],"author":[{"embeddable":true,"href":"https:\/\/www.podhorama.cz\/index.php\/wp-json\/wp\/v2\/users\/1"}],"replies":[{"embeddable":true,"href":"https:\/\/www.podhorama.cz\/index.php\/wp-json\/wp\/v2\/comments?post=191"}],"version-history":[{"count":7,"href":"https:\/\/www.podhorama.cz\/index.php\/wp-json\/wp\/v2\/pages\/191\/revisions"}],"predecessor-version":[{"id":579,"href":"https:\/\/www.podhorama.cz\/index.php\/wp-json\/wp\/v2\/pages\/191\/revisions\/579"}],"wp:attachment":[{"href":"https:\/\/www.podhorama.cz\/index.php\/wp-json\/wp\/v2\/media?parent=191"}],"curies":[{"name":"wp","href":"https:\/\/api.w.org\/{rel}","templated":true}]}}