{"id":188,"date":"2018-07-11T21:48:23","date_gmt":"2018-07-11T21:48:23","guid":{"rendered":"http:\/\/www.podhorama.cz\/?page_id=188"},"modified":"2018-07-18T13:34:36","modified_gmt":"2018-07-18T13:34:36","slug":"karlov","status":"publish","type":"page","link":"https:\/\/www.podhorama.cz\/index.php\/karlov\/","title":{"rendered":"Karlov"},"content":{"rendered":"<div id=\"pl-188\"  class=\"panel-layout\" ><div id=\"pg-188-0\"  class=\"panel-grid panel-no-style\" ><div id=\"pgc-188-0-0\"  class=\"panel-grid-cell\" ><div id=\"panel-188-0-0-0\" class=\"so-panel widget widget_sow-image panel-first-child\" data-index=\"0\" ><div\n\t\t\t\n\t\t\tclass=\"so-widget-sow-image so-widget-sow-image-default-8b5b6f678277-188\"\n\t\t\t\n\t\t>\n<div class=\"sow-image-container\">\n\t\t<img \n\tsrc=\"https:\/\/www.podhorama.cz\/wp-content\/uploads\/2018\/07\/karlov-mapa2017-mala.jpg\" width=\"800\" height=\"494\" srcset=\"https:\/\/www.podhorama.cz\/wp-content\/uploads\/2018\/07\/karlov-mapa2017-mala.jpg 800w, https:\/\/www.podhorama.cz\/wp-content\/uploads\/2018\/07\/karlov-mapa2017-mala-300x185.jpg 300w, https:\/\/www.podhorama.cz\/wp-content\/uploads\/2018\/07\/karlov-mapa2017-mala-768x474.jpg 768w\" sizes=\"(max-width: 800px) 100vw, 800px\" alt=\"\" \t\tclass=\"so-widget-image\"\/>\n\t<\/div>\n\n<\/div><\/div><div id=\"panel-188-0-0-1\" class=\"so-panel widget widget_sow-editor panel-last-child\" data-index=\"1\" ><div\n\t\t\t\n\t\t\tclass=\"so-widget-sow-editor so-widget-sow-editor-base\"\n\t\t\t\n\t\t>\n<div class=\"siteorigin-widget-tinymce textwidget\">\n\t<p><iframe loading=\"lazy\" src=\"https:\/\/www.google.com\/maps\/embed?pb=!1m18!1m12!1m3!1d10253.708391604!2d17.271977325601156!3d50.022092376792365!2m3!1f0!2f0!3f0!3m2!1i1024!2i768!4f13.1!3m3!1m2!1s0x471220c51a2b1847%3A0xe3da52e21316e99d!2sSki+Ar%C3%A9na+Karlov!5e0!3m2!1scs!2scz!4v1510594707432\" width=\"400\" height=\"300\" frameborder=\"0\" style=\"border:0\" allowfullscreen><\/iframe><\/p>\n<\/div>\n<\/div><\/div><\/div><div id=\"pgc-188-0-1\"  class=\"panel-grid-cell\" ><div id=\"panel-188-0-1-0\" class=\"so-panel widget widget_sow-editor panel-first-child panel-last-child\" data-index=\"2\" ><div\n\t\t\t\n\t\t\tclass=\"so-widget-sow-editor so-widget-sow-editor-base\"\n\t\t\t\n\t\t>\n<div class=\"siteorigin-widget-tinymce textwidget\">\n\t<p><strong>14 sjezdovek<\/strong>\u00a0v d\u00e9lce 12 km v\u0161ech obt\u00ed\u017enost\u00ed. Modr\u00e9 pro rodiny a za\u010d\u00e1te\u010dn\u00edky, \u010derven\u00e9 pro sportovce a \u010dern\u00e1 pro z\u00e1vodn\u00edky. 3 seda\u010dkov\u00e9 lanovky a dal\u0161\u00ed vleky garantuj\u00ed rychlou p\u0159epravu ly\u017ea\u0159\u016f. Pro n\u00e1v\u0161t\u011bvn\u00edky je k dispozici v\u00edce ne\u017e 900 parkovac\u00edch m\u00edst zdarma. A prvn\u00ed kryt\u00e1 expresn\u00ed 4-seda\u010dka s bublinami v Jesen\u00edk\u00e1ch!<\/p>\n<p>Vzd\u00e1lenost 5 minut autem.<\/p>\n<p>http:\/\/www.skikarlov.cz\/<\/p>\n<p>&nbsp;<\/p>\n<\/div>\n<\/div><\/div><\/div><\/div><\/div>","protected":false},"excerpt":{"rendered":"<p>14 sjezdovek\u00a0v d\u00e9lce 12 km v\u0161ech obt\u00ed\u017enost\u00ed. Modr\u00e9 pro rodiny a za\u010d\u00e1te\u010dn\u00edky, \u010derven\u00e9 pro sportovce a \u010dern\u00e1 pro z\u00e1vodn\u00edky. 3 seda\u010dkov\u00e9 lanovky a dal\u0161\u00ed vleky&hellip;<\/p>\n","protected":false},"author":1,"featured_media":0,"parent":0,"menu_order":0,"comment_status":"closed","ping_status":"closed","template":"","meta":{"ngg_post_thumbnail":0,"footnotes":""},"class_list":["post-188","page","type-page","status-publish","hentry"],"_links":{"self":[{"href":"https:\/\/www.podhorama.cz\/index.php\/wp-json\/wp\/v2\/pages\/188","targetHints":{"allow":["GET"]}}],"collection":[{"href":"https:\/\/www.podhorama.cz\/index.php\/wp-json\/wp\/v2\/pages"}],"about":[{"href":"https:\/\/www.podhorama.cz\/index.php\/wp-json\/wp\/v2\/types\/page"}],"author":[{"embeddable":true,"href":"https:\/\/www.podhorama.cz\/index.php\/wp-json\/wp\/v2\/users\/1"}],"replies":[{"embeddable":true,"href":"https:\/\/www.podhorama.cz\/index.php\/wp-json\/wp\/v2\/comments?post=188"}],"version-history":[{"count":5,"href":"https:\/\/www.podhorama.cz\/index.php\/wp-json\/wp\/v2\/pages\/188\/revisions"}],"predecessor-version":[{"id":643,"href":"https:\/\/www.podhorama.cz\/index.php\/wp-json\/wp\/v2\/pages\/188\/revisions\/643"}],"wp:attachment":[{"href":"https:\/\/www.podhorama.cz\/index.php\/wp-json\/wp\/v2\/media?parent=188"}],"curies":[{"name":"wp","href":"https:\/\/api.w.org\/{rel}","templated":true}]}}