{"id":182,"date":"2018-07-11T21:41:44","date_gmt":"2018-07-11T21:41:44","guid":{"rendered":"http:\/\/www.podhorama.cz\/?page_id=182"},"modified":"2018-07-18T13:41:13","modified_gmt":"2018-07-18T13:41:13","slug":"jesenicka-magistrala","status":"publish","type":"page","link":"https:\/\/www.podhorama.cz\/index.php\/jesenicka-magistrala\/","title":{"rendered":"Jesenick\u00e1 magistr\u00e1la"},"content":{"rendered":"<div id=\"pl-182\"  class=\"panel-layout\" ><div id=\"pg-182-0\"  class=\"panel-grid panel-no-style\" ><div id=\"pgc-182-0-0\"  class=\"panel-grid-cell\" ><div id=\"panel-182-0-0-0\" class=\"so-panel widget widget_sow-image panel-first-child\" data-index=\"0\" ><div\n\t\t\t\n\t\t\tclass=\"so-widget-sow-image so-widget-sow-image-default-8b5b6f678277-182\"\n\t\t\t\n\t\t>\n<div class=\"sow-image-container\">\n\t\t<img \n\tsrc=\"https:\/\/www.podhorama.cz\/wp-content\/uploads\/2018\/07\/magistr\u00e1la-1.jpg\" width=\"540\" height=\"360\" srcset=\"https:\/\/www.podhorama.cz\/wp-content\/uploads\/2018\/07\/magistr\u00e1la-1.jpg 540w, https:\/\/www.podhorama.cz\/wp-content\/uploads\/2018\/07\/magistr\u00e1la-1-300x200.jpg 300w, https:\/\/www.podhorama.cz\/wp-content\/uploads\/2018\/07\/magistr\u00e1la-1-272x182.jpg 272w\" sizes=\"(max-width: 540px) 100vw, 540px\" title=\"magistr\u00e1la\" alt=\"\" \t\tclass=\"so-widget-image\"\/>\n\t<\/div>\n\n<\/div><\/div><div id=\"panel-182-0-0-1\" class=\"so-panel widget widget_sow-editor panel-last-child\" data-index=\"1\" ><div\n\t\t\t\n\t\t\tclass=\"so-widget-sow-editor so-widget-sow-editor-base\"\n\t\t\t\n\t\t>\n<div class=\"siteorigin-widget-tinymce textwidget\">\n\t<p><iframe loading=\"lazy\" src=\"https:\/\/api.mapy.cz\/frame?params=%7B%22x%22%3A17.329016849398613%2C%22y%22%3A50.02206391515192%2C%22base%22%3A%2219%22%2C%22layers%22%3A%5B%5D%2C%22zoom%22%3A13%2C%22url%22%3A%22https%3A%2F%2Fmapy.cz%2Fs%2F2myKY%22%2C%22mark%22%3Anull%2C%22overview%22%3Atrue%7D&amp;width=400&amp;height=280&amp;lang=cs\" width=\"400\" height=\"280\" style=\"border:none\" frameBorder=\"0\"><\/iframe><\/p>\n<\/div>\n<\/div><\/div><\/div><div id=\"pgc-182-0-1\"  class=\"panel-grid-cell\" ><div id=\"panel-182-0-1-0\" class=\"so-panel widget widget_sow-editor panel-first-child panel-last-child\" data-index=\"2\" ><div\n\t\t\t\n\t\t\tclass=\"so-widget-sow-editor so-widget-sow-editor-base\"\n\t\t\t\n\t\t>\n<div class=\"siteorigin-widget-tinymce textwidget\">\n\t<p>Jesenick\u00e1 b\u011b\u017eeck\u00e1 Magistr\u00e1la nab\u00edz\u00ed snad v\u0161e, co je pro milovn\u00edky b\u00edl\u00e9 stopy p\u0159ita\u017eliv\u00e9 - hol\u00e9 pl\u00e1n\u011b, hlubok\u00e9 lesy, dalek\u00e9 v\u00fdhledy, sjezdy i v\u00fdstupy a ob\u010derstven\u00ed. Trasa je dob\u0159e zna\u010dena turistick\u00fdmi zna\u010dkami a zimn\u00edm ty\u010dov\u00fdm zna\u010den\u00edm.Nejvhodn\u011bj\u0161\u00edm n\u00e1stupn\u00edm m\u00edstem je Ramzovsk\u00e9 sedlo (snadno dostupn\u00e9 vlakem). Pro v\u00fdstup na \u0160er\u00e1k (1 351 m.n.m.) se nab\u00edz\u00ed lanov\u00e1 dr\u00e1ha Bonera a pro zdatn\u011bj\u0161\u00ed b\u011b\u017eka\u0159e je k dispozici \u00fasek na \u010cernavu a d\u00e1le na rozcest\u00ed pod \u0160er\u00e1kem. Odm\u011bnou jim jsou n\u00e1dhern\u00e9 v\u00fdhledy na Keprn\u00edk, Vozku a do \u00fadol\u00ed \u0159\u00ed\u010dky Brann\u00e1. Pod vrcholem \u0160er\u00e1ku se nach\u00e1z\u00ed prvn\u00ed \u201eob\u010derstvovac\u00ed stanice\u201c - Chata Ji\u0159\u00edho. H\u0159ebenovka d\u00e1le pokra\u010duje na Keprn\u00edk (1 423 m.n.m., na vrcholu je n\u00e1dhern\u00fd kruhov\u00fd v\u00fdhled na Jesen\u00edky, Beskydy i Krkono\u0161e.) Z hol\u00e9ho temene vede sjezd po n\u00e1ro\u010dn\u00e9m, \u010dasto namrzl\u00e9m ter\u00e9nu k rozcest\u00ed Trojmez\u00ed, odtud je ji\u017e jen kousek k V\u0159esov\u00e9 stud\u00e1nce pod vrcholem \u010cerven\u00e9 hory (1 333 m.n.m.) a d\u00e1le na \u010cervenohorsk\u00e9 sedlo.<br \/>\nZe sedla lze zvolit na \u0160v\u00fdc\u00e1rnu dv\u011b trasy. Po \u010derven\u00e9 turistick\u00e9 vede cesta p\u0159es sjezdovky severn\u00edch svah\u016f Skiare\u00e1lu \u010cervenohorsk\u00e9 sedlo (bu\u010fte zde proto opatrn\u00ed) na Kl\u00ednovec a V\u00fdrovku (v zim\u011b m\u016f\u017ee b\u00fdt tento \u00fasek uzav\u0159en). \u00dasek je v oblasti Mal\u00e9ho a Velk\u00e9ho Jezern\u00edku (1 304 m.n.m.) \u010dlenit\u00fd, s rovinat\u00fdmi \u00faseky a prudk\u00fdm stoup\u00e1n\u00edm. Za v\u011btrn\u00e9ho po\u010das\u00ed zde velmi siln\u011b fouk\u00e1! Tato trasa se setk\u00e1v\u00e1 s tzv. starou cestou ze sedla (b\u00fdv\u00e1 strojov\u011b upravena a\u017e na Ov\u010d\u00e1rnu), kter\u00e1 vede po modr\u00e9 turistick\u00e9 trase, p\u0159es rozcest\u00ed Kamz\u00edk.Na Kamz\u00edk se lze dostat zkratkou, ze spoje mezi \u010dervenou a modrou pod V\u00fdrovkou. Tuto zkratku doporu\u010dujeme jen v p\u0159\u00edpad\u011b projet\u00ed a zdatn\u011bj\u0161\u00edm b\u011b\u017eka\u0159\u016fm. Za nep\u0159\u00edzniv\u00e9ho po\u010das\u00ed V\u00e1s toti\u017e skute\u010dn\u011b prov\u011b\u0159\u00ed. Ze Slat\u00ed je to ji\u017e kousek na chatu \u0160v\u00fdc\u00e1rna, kter\u00e1 znaven\u00fdm b\u011b\u017eka\u0159\u016fm poskytuje \u00fatuln\u00e9 prost\u0159ed\u00ed. K Prad\u011bdu V\u00e1m v tuto chv\u00edli zb\u00fdv\u00e1 3,5 km.<br \/>\nPo pohodov\u00e9m sjezdu na Ov\u010d\u00e1rnu (nezapome\u0148te se pod\u00edvat na Prad\u011bd, je to z rozcest\u00ed jen kilometr) V\u00e1s \u010dek\u00e1 strm\u00fd v\u00fdstup na Petrovy kameny (1 446 m. n.m.) a n\u00e1sleduje nejkr\u00e1sn\u011bj\u0161\u00ed \u010d\u00e1st magistr\u00e1ly po ji\u017en\u00edm h\u0159ebeni. Z jeho hol\u00fdch pl\u00e1n\u00ed se nask\u00fdtaj\u00ed \u00fachvatn\u00e9 pohledy. Cel\u00fd \u00fasek je v exponovan\u00fdch m\u00edstech ozna\u010den ty\u010demi, zejm\u00e9na za mlhy a nep\u0159\u00edzniv\u00e9ho po\u010das\u00ed se vyplat\u00ed je sledovat a vyvarovat se odbo\u010den\u00ed. Po lev\u00e9 stran\u011b toti\u017e \u010d\u00edhaj\u00ed na nepozorn\u00e9 \u010di nezodpov\u011bdn\u00e9 b\u011b\u017eka\u0159e lavinov\u00e9 svahy Velk\u00e9 a Mal\u00e9 Kotliny.H\u0159ebenovka vede p\u0159es Vysokou holi (1 462 m.n.m.), Kamzi\u010dn\u00edk, M\u00e1j a Jelen\u00ed h\u0159bet na Bridli\u010dnou horu, Jelen\u00ed stud\u00e1nku, Pecn\u00fd (1 333 m.n.m.), Ztracen\u00e9 kameny (ke kter\u00fdm se v\u00e1\u017ee pov\u011bst) a d\u00e1le na Sk\u0159\u00edtek. Od Jelen\u00ed stud\u00e1nky kon\u010d\u00ed \u010derven\u00e9 zna\u010den\u00ed a d\u00e1le pokra\u010duje zelen\u00e1. Sjezd od Ztracen\u00fdch kamen\u016f na Sk\u0159\u00edtkek je m\u00edsty velmi prudk\u00fd a n\u00e1ro\u010dn\u00fd. P\u0159es Sk\u0159\u00edtek proj\u00ed\u017ed\u00ed autobusov\u00e9 spoje (v sez\u00f3n\u011b lze vyu\u017e\u00edt k doprav\u011b tzv. skibusy. Ze Sk\u0159\u00edtku n\u00e1s magistr\u00e1la zavede na Rab\u0161tejn a d\u00e1le po h\u0159ebeni Hrab\u011b\u0161ick\u00e9 hornatiny vede lesy zelen\u00e1 zna\u010dka. Po \u00fabo\u010d\u00ed \u010cern\u00fdch kamen\u016f (952 m.n.m.) se spou\u0161t\u00ed Mal\u00ednsk\u00fdm lesem k silnici a do Nov\u00e9ho Mal\u00edna, kter\u00fd le\u017e\u00ed 4 km na jihov\u00fdchod od \u0160umperka.Pro zakon\u010den\u00ed h\u0159ebenovky je mo\u017eno vyu\u017e\u00edt od sedla Hv\u011bzda \u017elutou zna\u010dku do \u0160umperka, kter\u00e1 je zna\u010den\u00e1 zimn\u00edmi ly\u017ea\u0159sk\u00fdmi sm\u011brovkami jako zimn\u00ed cesta Sk\u0159\u00edtek - \u0160umperk. Jde o m\u00edrn\u00fd \u00fasek vedouc\u00ed po \u0161irok\u00fdch lesn\u00edch cest\u00e1ch a b\u00fdv\u00e1 \u010dast\u011bji projet.<\/p>\n<\/div>\n<\/div><\/div><\/div><\/div><\/div>","protected":false},"excerpt":{"rendered":"<p>Jesenick\u00e1 b\u011b\u017eeck\u00e1 Magistr\u00e1la nab\u00edz\u00ed snad v\u0161e, co je pro milovn\u00edky b\u00edl\u00e9 stopy p\u0159ita\u017eliv\u00e9 &#8211; hol\u00e9 pl\u00e1n\u011b, hlubok\u00e9 lesy, dalek\u00e9 v\u00fdhledy, sjezdy i v\u00fdstupy a ob\u010derstven\u00ed.&hellip;<\/p>\n","protected":false},"author":1,"featured_media":0,"parent":0,"menu_order":0,"comment_status":"closed","ping_status":"closed","template":"","meta":{"ngg_post_thumbnail":0,"footnotes":""},"class_list":["post-182","page","type-page","status-publish","hentry"],"_links":{"self":[{"href":"https:\/\/www.podhorama.cz\/index.php\/wp-json\/wp\/v2\/pages\/182","targetHints":{"allow":["GET"]}}],"collection":[{"href":"https:\/\/www.podhorama.cz\/index.php\/wp-json\/wp\/v2\/pages"}],"about":[{"href":"https:\/\/www.podhorama.cz\/index.php\/wp-json\/wp\/v2\/types\/page"}],"author":[{"embeddable":true,"href":"https:\/\/www.podhorama.cz\/index.php\/wp-json\/wp\/v2\/users\/1"}],"replies":[{"embeddable":true,"href":"https:\/\/www.podhorama.cz\/index.php\/wp-json\/wp\/v2\/comments?post=182"}],"version-history":[{"count":6,"href":"https:\/\/www.podhorama.cz\/index.php\/wp-json\/wp\/v2\/pages\/182\/revisions"}],"predecessor-version":[{"id":657,"href":"https:\/\/www.podhorama.cz\/index.php\/wp-json\/wp\/v2\/pages\/182\/revisions\/657"}],"wp:attachment":[{"href":"https:\/\/www.podhorama.cz\/index.php\/wp-json\/wp\/v2\/media?parent=182"}],"curies":[{"name":"wp","href":"https:\/\/api.w.org\/{rel}","templated":true}]}}