{"id":179,"date":"2018-07-11T21:39:01","date_gmt":"2018-07-11T21:39:01","guid":{"rendered":"http:\/\/www.podhorama.cz\/?page_id=179"},"modified":"2018-07-11T21:39:01","modified_gmt":"2018-07-11T21:39:01","slug":"hrebenem-hrubeho-jeseniku","status":"publish","type":"page","link":"https:\/\/www.podhorama.cz\/index.php\/hrebenem-hrubeho-jeseniku\/","title":{"rendered":"h\u0159ebenem Hrub\u00e9ho Jesen\u00edku"},"content":{"rendered":"<div id=\"pl-179\"  class=\"panel-layout\" ><div id=\"pg-179-0\"  class=\"panel-grid panel-no-style\" ><div id=\"pgc-179-0-0\"  class=\"panel-grid-cell\" ><div id=\"panel-179-0-0-0\" class=\"so-panel widget widget_sow-editor panel-first-child panel-last-child\" data-index=\"0\" ><div\n\t\t\t\n\t\t\tclass=\"so-widget-sow-editor so-widget-sow-editor-base\"\n\t\t\t\n\t\t>\n<div class=\"siteorigin-widget-tinymce textwidget\">\n\t<p><strong>P\u016fsobiv\u00e1 t\u00fara h\u0159ebenem Hrub\u00e9ho Jesen\u00edku s mnoha v\u00fdhledy<\/strong><br \/>\n<em>Sedlo Sk\u0159\u00edtek \u2013 Jelen\u00ed stud\u00e1nka \u2013 Vysok\u00e1 hole \u2013 Prad\u011bd \u2013 chata \u0160v\u00fdc\u00e1rna \u2013 \u010cervenohorsk\u00e9 sedlo<\/em><\/p>\n<p><strong>V\u00fdchoz\u00ed bod:<\/strong> sedlo Sk\u0159\u00edtek, mo\u017enost parkov\u00e1n\u00ed na parkovi\u0161ti u motorestu Sk\u0159\u00edtek, zast\u00e1vka autobus\u016f.<\/p>\n<p><strong>\u010casov\u00fd rozvrh:<\/strong> sedlo Sk\u0159\u00edtek \u2013 Jelen\u00ed stud\u00e1nka 6,5 km (2 hod.) \u2013 Vysok\u00e1 hole 4 km (1,25 hod.) \u2013 Prad\u011bd rozc. 4,5 km (1,25 hod.) + 2 km na vrchol Prad\u011bdu a zp\u011bt \u2013 chata \u0160v\u00fdc\u00e1rna 2,5 km (0,75 hod.) \u2013 \u010cervenohorsk\u00e9 sedlo 6,5 km (2,25 hod.), celkem 26 km (7,5 hod.)<br \/>\n<strong><br \/>\nP\u0159ev\u00fd\u0161en\u00ed: 624 m<\/strong><\/p>\n<p><strong>N\u00e1ro\u010dnost:<\/strong> n\u00e1ro\u010dn\u011bj\u0161\u00ed stoup\u00e1n\u00ed na Ztracen\u00e9 kameny a od Jelen\u00ed stud\u00e1nky na Vysokou holi, t\u00e1hlej\u0161\u00ed, ale pohodln\u00e9 stoup\u00e1n\u00ed po silnici od odbo\u010dky k chat\u011b Barborka a\u017e na vrchol Prad\u011bdu.<\/p>\n<p><strong>Nejvy\u0161\u0161\u00ed bod:<\/strong> vrchol Prad\u011bdu 1491 m, nejvy\u0161\u0161\u00ed hora Moravy a Slezska.<\/p>\n<p><strong>Mo\u017enost ob\u010derstven\u00ed:<\/strong> motorest Sk\u0159\u00edtek, chata Ov\u010d\u00e1rna, chata Barborka, Sporthotel Kurzovn\u00ed, restaurace na vrcholu Prad\u011bdu, chata \u0160v\u00fdc\u00e1rna, chata \u010cervenohorsk\u00e9 sedlo.<\/p>\n<p><strong>Pozoruhodnosti: Ztracen\u00e9 kameny<\/strong> (1250 m) \u2013 v\u00fdhled do \u00fadol\u00ed \u0159\u00ed\u010dky Merty a na Sobot\u00ednsko; m\u00edsta rozhledu <strong>Pec a Pecn\u00fd<\/strong>;<strong>Jelen\u00ed stud\u00e1nka <\/strong>\u2013 p\u0159\u00edst\u0159e\u0161ek a vodn\u00ed pramen; <strong>Petrovy kameny<\/strong> (1438 m) \u2013 nep\u0159\u00edstupn\u00e9; <strong>Prad\u011bd <\/strong>\u2013 televizn\u00ed v\u011b\u017e s kruhov\u00fdm v\u00fdhledem; <strong>\u010cervenohorsk\u00e9 sedlo<\/strong> \u2013 ly\u017ea\u0159sk\u00e9 centrum a m\u00edsto n\u00e1stupu na h\u0159ebenov\u00e9 t\u00fary v obou sm\u011brech hlavn\u00edho h\u0159ebene.<\/p>\n<p>Od motorestu Sk\u0159\u00edtek p\u0159ejdeme hlavn\u00ed silnici a postupujeme lesn\u00ed cestou po zelen\u00e9 zna\u010dce v soub\u011bhu s \u010dervenou a \u017elutou zna\u010dkou a\u017e k informa\u010dn\u00edmu m\u00edstu <strong>Nad Sk\u0159\u00edtkem<\/strong>. Po prav\u00e9 stran\u011b cesty se nach\u00e1z\u00ed n\u00e1rodn\u00ed p\u0159\u00edrodn\u00ed rezervace Ra\u0161elini\u0161t\u011b na Sk\u0159\u00edtku s bohatou ra\u0161elini\u0161tn\u00ed kv\u011btenou, kter\u00e1 nen\u00ed ve\u0159ejnosti p\u0159\u00edstupn\u00e1. D\u00e1le pokra\u010dujeme po zelen\u00e9 zna\u010dce nejprve \u00favozem a pot\u00e9 lesn\u00ed cestou a\u017e na <strong>Ztracen\u00e9 kameny<\/strong>. Z tohoto m\u00edsta jsou p\u0159ekr\u00e1sn\u00e9 v\u00fdhledy do \u00fadol\u00ed \u0159\u00ed\u010dky Merty a na Sobot\u00ednsko. N\u00e1zev odkazuje na pov\u011bst, podle n\u00ed\u017e tyto a dal\u0161\u00ed sk\u00e1ly v okol\u00ed ztratil \u010dert p\u0159i b\u011bhu o z\u00e1vod se sedl\u00e1kem. Odtud ji\u017e po kr\u00e1tk\u00e9 chv\u00edli vystoup\u00edme z lesa na h\u0159eben. Cesta vede porosty kosod\u0159eviny, vlevo m\u00edj\u00edme m\u00edsto rozhledu z Pece a Pecn\u00e9ho. Dojdeme k <strong>Jelen\u00ed stud\u00e1nce<\/strong> (1311 m), kde je pramen Podolsk\u00e9ho potoka a postaven zast\u0159e\u0161en\u00fd kamenn\u00fd \u00fatulek proti nepohod\u011b. Po odpo\u010dinku pokra\u010dujeme d\u00e1le ji\u017e po \u010derven\u00e9 zna\u010dce, nebo\u0165 zelen\u00e1 zna\u010dka n\u00e1s nad Mal\u00fdm Kotlem opust\u00ed a pokra\u010duje na Franti\u0161kovu myslivnu. Za Vysokou hol\u00ed mineme Petrovy kameny. <strong>Petrovy kameny<\/strong> (1438 m) nejsou pro ve\u0159ejnost p\u0159\u00edstupn\u00e9 z d\u016fvodu ochrany vz\u00e1cn\u00fdch rostlinn\u00fdch druh\u016f. Se skalami je spjata \u0159ada pov\u011bst\u00ed. P\u0159i procesech s \u010darod\u011bjnicemi v 17. stolet\u00ed bylo toto m\u00edsto ozna\u010dovan\u00e9 jako m\u00edsto \u010darod\u011bjnick\u00fdch sabat\u016f, \u00fadajn\u00fdch sch\u016fzek \u010darod\u011bjnic s \u010f\u00e1blem. Sestoup\u00edme sv\u00e1\u017en\u00fdm chodn\u00edkem po sp\u00e1dnici a\u017e na <strong>Ov\u010d\u00e1rnu<\/strong>, kde je mo\u017enost ob\u010derstven\u00ed. Od Ov\u010d\u00e1rny pokra\u010dujeme po asfaltov\u00e9 silnici, kter\u00e1 vede a\u017e na vrchol <strong>Prad\u011bdu<\/strong>. Po chvilce dojdeme k rozcest\u00ed, kde m\u016f\u017eeme odbo\u010dit po modr\u00e9 zna\u010dce k chat\u011b Barborka. Po lev\u00e9 stran\u011b m\u00edj\u00edme pod svahem ukryt\u00fd Sporthotel Kurzovn\u00ed. Z lev\u00e9 strany se p\u0159idru\u017e\u00ed modr\u00e1 zna\u010dka z Divok\u00e9ho dolu, kter\u00e1 n\u00e1s dovede a\u017e na vrchol Prad\u011bdu. Z vrcholu je dalek\u00fd rozhled na Prad\u011bdskou a Keprnickou hornatinu, m\u011bsto Jesen\u00edk, Brunt\u00e1lsko, Kr\u00e1lick\u00fd Sn\u011b\u017en\u00edk, za zvl\u00e1\u0161\u0165 p\u0159\u00edzniv\u00e9ho po\u010das\u00ed a\u017e na Krkono\u0161e a poho\u0159\u00ed na Slovensku. V sou\u010dasnosti je p\u0159\u00edstupn\u00e1 za poplatek vyhl\u00eddkov\u00e1 plo\u0161ina ve v\u00fd\u0161ce 40 m na telekomunika\u010dn\u00ed v\u011b\u017ei, kter\u00e1 dosahuje v\u00fd\u0161ky 145 m. V objektu v\u011b\u017ee je mo\u017enost ob\u010derstven\u00ed v restauraci. Po rozhledu z vrcholu Prad\u011bdu se vrac\u00edme stejnou cestou a\u017e k informa\u010dn\u00edmu m\u00edstu <strong>Prad\u011bd rozcest\u00ed<\/strong>. Zde se d\u00e1me doprava a \u010derven\u00e1 zna\u010dka n\u00e1s po kr\u00e1tk\u00e9 chv\u00edli dovede k <strong>chat\u011b \u0160v\u00fdc\u00e1rna<\/strong>, kter\u00e1 je nejstar\u0161\u00ed chatou v Jesen\u00edk\u00e1ch. Od chaty se n\u00e1m p\u0159es \u00fadol\u00ed Divok\u00e9 Desn\u00e9 otv\u00edraj\u00ed v\u00fdhledy na rozsochu Mravene\u010dn\u00edku s horn\u00ed n\u00e1dr\u017e\u00ed p\u0159e\u010derp\u00e1vac\u00ed vodn\u00ed\u00a0 elektr\u00e1rny Dlouh\u00e9 Str\u00e1n\u011b. Pod chatou za\u010d\u00edn\u00e1 skalnat\u00e1 rokle, kter\u00e1 odtud vede do \u00fadol\u00ed Divok\u00e9 Desn\u00e9 a m\u00e1 jm\u00e9no podle zde hojn\u011b rostouc\u00edho \u010desneku sibi\u0159sk\u00e9ho \u2013 \u010cesnekov\u00fd d\u016fl. Ze \u0160v\u00fdc\u00e1rny pokra\u010dujeme v soub\u011bhu zna\u010den\u00fdch cest a\u017e na rozcest\u00ed <strong>Slat\u011b<\/strong>, kde odbo\u010duje zelen\u00e1 zna\u010dka do Kout\u016f nad Desnou. My pokra\u010dujeme \u010derven\u011b zna\u010denou cestou h\u0159ebenem na Velk\u00fd Jezern\u00edk a Kl\u00ednovec. Cestou p\u0159ekon\u00e1v\u00e1me po ha\u0165ov\u00fdch pol\u00edch ra\u0161elinov\u00e9 mok\u0159iny. Po pr\u016fchodu pasekou sestupujeme cestou kolem ly\u017ea\u0159sk\u00e9ho vleku a\u017e k hlavn\u00ed silnici \u0160umperk \u2013 Jesen\u00edk (zast\u00e1vka autobus\u016f) a vstupujeme do rekrea\u010dn\u00edho are\u00e1lu <strong>\u010cervenohorsk\u00e9ho sedla<\/strong> (1013 m), kde na\u0161e putov\u00e1n\u00ed kon\u010d\u00ed.<\/p>\n<\/div>\n<\/div><\/div><\/div><\/div><\/div>","protected":false},"excerpt":{"rendered":"<p>P\u016fsobiv\u00e1 t\u00fara h\u0159ebenem Hrub\u00e9ho Jesen\u00edku s mnoha v\u00fdhledy Sedlo Sk\u0159\u00edtek \u2013 Jelen\u00ed stud\u00e1nka \u2013 Vysok\u00e1 hole \u2013 Prad\u011bd \u2013 chata \u0160v\u00fdc\u00e1rna \u2013 \u010cervenohorsk\u00e9 sedlo V\u00fdchoz\u00ed&hellip;<\/p>\n","protected":false},"author":1,"featured_media":0,"parent":0,"menu_order":0,"comment_status":"closed","ping_status":"closed","template":"","meta":{"ngg_post_thumbnail":0,"footnotes":""},"class_list":["post-179","page","type-page","status-publish","hentry"],"_links":{"self":[{"href":"https:\/\/www.podhorama.cz\/index.php\/wp-json\/wp\/v2\/pages\/179","targetHints":{"allow":["GET"]}}],"collection":[{"href":"https:\/\/www.podhorama.cz\/index.php\/wp-json\/wp\/v2\/pages"}],"about":[{"href":"https:\/\/www.podhorama.cz\/index.php\/wp-json\/wp\/v2\/types\/page"}],"author":[{"embeddable":true,"href":"https:\/\/www.podhorama.cz\/index.php\/wp-json\/wp\/v2\/users\/1"}],"replies":[{"embeddable":true,"href":"https:\/\/www.podhorama.cz\/index.php\/wp-json\/wp\/v2\/comments?post=179"}],"version-history":[{"count":2,"href":"https:\/\/www.podhorama.cz\/index.php\/wp-json\/wp\/v2\/pages\/179\/revisions"}],"predecessor-version":[{"id":181,"href":"https:\/\/www.podhorama.cz\/index.php\/wp-json\/wp\/v2\/pages\/179\/revisions\/181"}],"wp:attachment":[{"href":"https:\/\/www.podhorama.cz\/index.php\/wp-json\/wp\/v2\/media?parent=179"}],"curies":[{"name":"wp","href":"https:\/\/api.w.org\/{rel}","templated":true}]}}