{"id":160,"date":"2018-07-11T21:17:21","date_gmt":"2018-07-11T21:17:21","guid":{"rendered":"http:\/\/www.podhorama.cz\/?page_id=160"},"modified":"2018-07-18T13:29:38","modified_gmt":"2018-07-18T13:29:38","slug":"dlouhe-strane","status":"publish","type":"page","link":"https:\/\/www.podhorama.cz\/index.php\/dlouhe-strane\/","title":{"rendered":"Dlouh\u00e9 str\u00e1n\u011b"},"content":{"rendered":"<div id=\"pl-160\"  class=\"panel-layout\" ><div id=\"pg-160-0\"  class=\"panel-grid panel-no-style\" ><div id=\"pgc-160-0-0\"  class=\"panel-grid-cell\" ><div id=\"panel-160-0-0-0\" class=\"so-panel widget widget_sow-image panel-first-child\" data-index=\"0\" ><div\n\t\t\t\n\t\t\tclass=\"so-widget-sow-image so-widget-sow-image-default-8b5b6f678277-160\"\n\t\t\t\n\t\t>\n<div class=\"sow-image-container\">\n\t\t<img \n\tsrc=\"https:\/\/www.podhorama.cz\/wp-content\/uploads\/2018\/07\/dlouh\u00e9-str\u00e1n\u011b-e1532000870547.jpg\" width=\"656\" height=\"436\" srcset=\"https:\/\/www.podhorama.cz\/wp-content\/uploads\/2018\/07\/dlouh\u00e9-str\u00e1n\u011b-e1532000870547.jpg 656w, https:\/\/www.podhorama.cz\/wp-content\/uploads\/2018\/07\/dlouh\u00e9-str\u00e1n\u011b-e1532000870547-300x199.jpg 300w, https:\/\/www.podhorama.cz\/wp-content\/uploads\/2018\/07\/dlouh\u00e9-str\u00e1n\u011b-e1532000870547-272x182.jpg 272w\" sizes=\"(max-width: 656px) 100vw, 656px\" alt=\"\" \t\tclass=\"so-widget-image\"\/>\n\t<\/div>\n\n<\/div><\/div><div id=\"panel-160-0-0-1\" class=\"so-panel widget widget_sow-editor panel-last-child\" data-index=\"1\" ><div\n\t\t\t\n\t\t\tclass=\"so-widget-sow-editor so-widget-sow-editor-base\"\n\t\t\t\n\t\t>\n<div class=\"siteorigin-widget-tinymce textwidget\">\n\t<p><iframe loading=\"lazy\" src=\"https:\/\/www.google.com\/maps\/embed?pb=!1m14!1m8!1m3!1d20486.24197933177!2d17.154426!3d50.07167700000001!3m2!1i1024!2i768!4f13.1!3m3!1m2!1s0x0%3A0x4ccf5692da53cd32!2zRGxvdWjDqSBzdHLDoW7Emw!5e0!3m2!1scs!2scz!4v1492110481263\" width=\"400\" height=\"300\" frameborder=\"0\" style=\"border:0\" allowfullscreen><\/iframe><\/p>\n<\/div>\n<\/div><\/div><\/div><div id=\"pgc-160-0-1\"  class=\"panel-grid-cell\" ><div id=\"panel-160-0-1-0\" class=\"so-panel widget widget_sow-editor panel-first-child panel-last-child\" data-index=\"2\" ><div\n\t\t\t\n\t\t\tclass=\"so-widget-sow-editor so-widget-sow-editor-base\"\n\t\t\t\n\t\t>\n<div class=\"siteorigin-widget-tinymce textwidget\">\n\t<p>P\u0159e\u010derp\u00e1vac\u00ed vodn\u00ed elektr\u00e1rma Dlouh\u00e9 str\u00e1n\u011b se v roce 2005 za\u0159adila mezi 7 nejv\u011bt\u0161\u00edch div\u016f \u010cesk\u00e9 republiky (www.idnes.cz). Stanula tak mezi nejv\u00fdznamn\u011bj\u0161\u00edmi \u010desk\u00fdmi pam\u00e1tkami jako jsou Hrad Karl\u0161tejn, Pra\u017esk\u00fd hrad nebo Z\u00e1mek Hlubok\u00e1. V samotn\u00e9m fin\u00e1le hlasovac\u00ed sout\u011b\u017ee se stala dokonce nejv\u011bt\u0161\u00edm Divem \u010cesk\u00e9 republiky, kdy\u017e pro ni hlasovalo celkem 119 158 ob\u010dan\u016f. Dlouh\u00e9 str\u00e1n\u011b jsou jednou z nejnav\u0161t\u011bvovan\u011bj\u0161\u00edch turistick\u00fdch zaj\u00edmavost\u00ed v Jesen\u00edk\u00e1ch, proto doporu\u010dujeme, zejm\u00e9na v letn\u00ed sez\u00f3n\u011b, telefonickou rezervaci na exkurzi do elektr\u00e1rny. <\/p>\n<p>P\u0159e\u010derp\u00e1vac\u00ed vodn\u00ed elektr\u00e1rna Dlouh\u00e9 Str\u00e1n\u011b se nach\u00e1z\u00ed na \u0159\u00ed\u010dce Divok\u00e1 Desn\u00e1 v poho\u0159\u00ed Jesen\u00edky, u obce Lou\u010dn\u00e1 nad Desnou v okrese \u0160umperk. Jej\u00edm posl\u00e1n\u00edm je plnit pro elektroenergetickou soustavu na\u0161\u00ed republiky sv\u00fdm v\u00fdkonem 650 MW statick\u00e9 a dynamick\u00e9 slu\u017eby. Statickou slu\u017ebou se rozum\u00ed efektivn\u00ed p\u0159em\u011bna p\u0159ebytku energie v soustav\u011b na energii \u0161pi\u010dkovou. Tento proces se uskute\u010d\u0148uje \u010derp\u00e1n\u00edm vody z doln\u00ed n\u00e1dr\u017ee do horn\u00ed v dob\u011b jej\u00edho p\u0159ebytku a opa\u010dn\u011b - v\u00fdrobou elektrick\u00e9 energie turbinov\u00fdm provozem. Mezi dynamick\u00e9 slu\u017eby pat\u0159\u00ed zejm\u00e9na pod\u00edl PVE na regulaci v\u00fdkonu a frekvence v soustav\u011b a funkce pohotov\u00e9 rezervy v syst\u00e9mu. <\/p>\n<p>Voda z horn\u00ed n\u00e1dr\u017ee um\u00edst\u011bn\u00e9 ve v\u00fd\u0161i 1350 m nad \u00farovn\u00ed mo\u0159e je veden\u00e1 dv\u011bma tlakov\u00fdmi p\u0159ivad\u011b\u010di o pr\u016fm\u011bru 3,6 m a d\u00e9lce 1,5 km k turb\u00edn\u00e1m. Ob\u011b reverzn\u00ed soustroj\u00ed, ka\u017ed\u00e9 o v\u00fdkonu 325 MW, jsou um\u00edst\u011bna v podzemn\u00ed kavern\u011b turb\u00edn o d\u00e9lce 87 m, \u0161\u00ed\u0159ce 25,5 m a v\u00fd\u0161ce 50 m. Blokov\u00e9 transform\u00e1tory jsou um\u00edst\u011bny v podzemn\u00ed komo\u0159e o d\u00e9lce 117 m, \u0161\u00ed\u0159ce 16 m a v\u00fd\u0161ce 21,5 m. V podzem\u00ed se d\u00e1le nach\u00e1zej\u00ed komunika\u010dn\u00ed, technologick\u00e9 a v\u011btrac\u00ed tunely a \u0161toly o celkov\u00e9 d\u00e9lce 8,5 km. Podzemn\u00ed elektr\u00e1rna je spojena s doln\u00ed n\u00e1dr\u017e\u00ed dv\u011bma odpadn\u00edmi tunely o vnit\u0159n\u00edm pr\u016fm\u011bru 5,2 m. V\u00fdkon je z podzem\u00ed veden kabelov\u00fdmi vodi\u010di o nap\u011bt\u00ed 400 kV na zapouzd\u0159en\u00e9 v\u00fdvodov\u00e9 pole a odtud venkovn\u00edm veden\u00edm d\u00e9lky 52 km do rozvodny v Kras\u00edkov\u011b.<\/p>\n<p>http:\/\/www.dlouhe-strane.cz\/<\/p>\n<\/div>\n<\/div><\/div><\/div><\/div><\/div>","protected":false},"excerpt":{"rendered":"<p>P\u0159e\u010derp\u00e1vac\u00ed vodn\u00ed elektr\u00e1rma Dlouh\u00e9 str\u00e1n\u011b se v roce 2005 za\u0159adila mezi 7 nejv\u011bt\u0161\u00edch div\u016f \u010cesk\u00e9 republiky (www.idnes.cz). Stanula tak mezi nejv\u00fdznamn\u011bj\u0161\u00edmi \u010desk\u00fdmi pam\u00e1tkami jako jsou&hellip;<\/p>\n","protected":false},"author":1,"featured_media":0,"parent":0,"menu_order":0,"comment_status":"closed","ping_status":"closed","template":"","meta":{"ngg_post_thumbnail":0,"footnotes":""},"class_list":["post-160","page","type-page","status-publish","hentry"],"_links":{"self":[{"href":"https:\/\/www.podhorama.cz\/index.php\/wp-json\/wp\/v2\/pages\/160","targetHints":{"allow":["GET"]}}],"collection":[{"href":"https:\/\/www.podhorama.cz\/index.php\/wp-json\/wp\/v2\/pages"}],"about":[{"href":"https:\/\/www.podhorama.cz\/index.php\/wp-json\/wp\/v2\/types\/page"}],"author":[{"embeddable":true,"href":"https:\/\/www.podhorama.cz\/index.php\/wp-json\/wp\/v2\/users\/1"}],"replies":[{"embeddable":true,"href":"https:\/\/www.podhorama.cz\/index.php\/wp-json\/wp\/v2\/comments?post=160"}],"version-history":[{"count":5,"href":"https:\/\/www.podhorama.cz\/index.php\/wp-json\/wp\/v2\/pages\/160\/revisions"}],"predecessor-version":[{"id":637,"href":"https:\/\/www.podhorama.cz\/index.php\/wp-json\/wp\/v2\/pages\/160\/revisions\/637"}],"wp:attachment":[{"href":"https:\/\/www.podhorama.cz\/index.php\/wp-json\/wp\/v2\/media?parent=160"}],"curies":[{"name":"wp","href":"https:\/\/api.w.org\/{rel}","templated":true}]}}