{"id":143,"date":"2018-07-11T20:56:08","date_gmt":"2018-07-11T20:56:08","guid":{"rendered":"http:\/\/www.podhorama.cz\/?page_id=143"},"modified":"2018-07-18T13:43:54","modified_gmt":"2018-07-18T13:43:54","slug":"bezecky-areal-skritek","status":"publish","type":"page","link":"https:\/\/www.podhorama.cz\/index.php\/bezecky-areal-skritek\/","title":{"rendered":"B\u011b\u017eeck\u00fd are\u00e1l Sk\u0159\u00edtek"},"content":{"rendered":"<div id=\"pl-143\"  class=\"panel-layout\" ><div id=\"pg-143-0\"  class=\"panel-grid panel-no-style\" ><div id=\"pgc-143-0-0\"  class=\"panel-grid-cell\" ><div id=\"panel-143-0-0-0\" class=\"so-panel widget widget_sow-image panel-first-child\" data-index=\"0\" ><div\n\t\t\t\n\t\t\tclass=\"so-widget-sow-image so-widget-sow-image-default-8b5b6f678277-143\"\n\t\t\t\n\t\t>\n<div class=\"sow-image-container\">\n\t\t<img \n\tsrc=\"https:\/\/www.podhorama.cz\/wp-content\/uploads\/2018\/07\/B\u011b\u017eeck\u00e1-stopa.jpg\" width=\"800\" height=\"600\" srcset=\"https:\/\/www.podhorama.cz\/wp-content\/uploads\/2018\/07\/B\u011b\u017eeck\u00e1-stopa.jpg 800w, https:\/\/www.podhorama.cz\/wp-content\/uploads\/2018\/07\/B\u011b\u017eeck\u00e1-stopa-300x225.jpg 300w, https:\/\/www.podhorama.cz\/wp-content\/uploads\/2018\/07\/B\u011b\u017eeck\u00e1-stopa-768x576.jpg 768w\" sizes=\"(max-width: 800px) 100vw, 800px\" alt=\"\" \t\tclass=\"so-widget-image\"\/>\n\t<\/div>\n\n<\/div><\/div><div id=\"panel-143-0-0-1\" class=\"so-panel widget widget_sow-editor panel-last-child\" data-index=\"1\" ><div\n\t\t\t\n\t\t\tclass=\"so-widget-sow-editor so-widget-sow-editor-base\"\n\t\t\t\n\t\t>\n<div class=\"siteorigin-widget-tinymce textwidget\">\n\t<p><iframe loading=\"lazy\" style=\"border: 0;\" src=\"https:\/\/www.google.com\/maps\/embed?pb=!1m18!1m12!1m3!1d100480.13174820779!2d17.119758979010605!3d49.987910161876215!2m3!1f0!2f0!3f0!3m2!1i1024!2i768!4f13.1!3m3!1m2!1s0x47121f44e99691cd%3A0xdbebc854009429bb!2zTW90b3Jlc3QgU2vFmcOtdGVr!5e0!3m2!1scs!2scz!4v1517396107299\" width=\"400\" height=\"300\" frameborder=\"0\" allowfullscreen=\"allowfullscreen\"><\/iframe><\/p>\n<\/div>\n<\/div><\/div><\/div><div id=\"pgc-143-0-1\"  class=\"panel-grid-cell\" ><div id=\"panel-143-0-1-0\" class=\"so-panel widget widget_sow-editor panel-first-child\" data-index=\"2\" ><div\n\t\t\t\n\t\t\tclass=\"so-widget-sow-editor so-widget-sow-editor-base\"\n\t\t\t\n\t\t>\n<div class=\"siteorigin-widget-tinymce textwidget\">\n\t<p>Celkov\u00e1 d\u00e9lka:19,9 km<br \/>\nPo\u010det okruh\u016f:4<br \/>\nN\u00e1ro\u010dnost:st\u0159edn\u00ed<br \/>\n\u00daprava:rolba, sk\u016ftr<\/p>\n<p>Ly\u017ea\u0159sk\u00fd b\u011b\u017eeck\u00fd are\u00e1l na Sk\u0159\u00edtku je snadno dostupn\u00fd autem, autobusem nebo skibusy.<br \/>\nSk\u0159\u00edtek je obl\u00edben\u00fdm n\u00e1stupn\u00edm m\u00edstem H\u0159ebenov\u00e9 t\u016fry na Ov\u010d\u00e1rnu a proch\u00e1z\u00ed tudy Jesenick\u00e1 Magistr\u00e1la.<\/p>\n<\/div>\n<\/div><\/div><div id=\"panel-143-0-1-1\" class=\"so-panel widget widget_sow-image panel-last-child\" data-index=\"3\" ><div\n\t\t\t\n\t\t\tclass=\"so-widget-sow-image so-widget-sow-image-default-8b5b6f678277-143\"\n\t\t\t\n\t\t>\n<div class=\"sow-image-container\">\n\t\t<img \n\tsrc=\"https:\/\/www.podhorama.cz\/wp-content\/uploads\/2018\/07\/bezecky-areal-skritek-1024x525.jpg\" width=\"1024\" height=\"525\" srcset=\"https:\/\/www.podhorama.cz\/wp-content\/uploads\/2018\/07\/bezecky-areal-skritek-1024x525.jpg 1024w, https:\/\/www.podhorama.cz\/wp-content\/uploads\/2018\/07\/bezecky-areal-skritek-1024x525-300x154.jpg 300w, https:\/\/www.podhorama.cz\/wp-content\/uploads\/2018\/07\/bezecky-areal-skritek-1024x525-768x394.jpg 768w\" sizes=\"(max-width: 1024px) 100vw, 1024px\" title=\"bezecky-areal-skritek-1024&#215;525\" alt=\"\" \t\tclass=\"so-widget-image\"\/>\n\t<\/div>\n\n<\/div><\/div><\/div><\/div><\/div>","protected":false},"excerpt":{"rendered":"<p>Celkov\u00e1 d\u00e9lka:19,9 km Po\u010det okruh\u016f:4 N\u00e1ro\u010dnost:st\u0159edn\u00ed \u00daprava:rolba, sk\u016ftr Ly\u017ea\u0159sk\u00fd b\u011b\u017eeck\u00fd are\u00e1l na Sk\u0159\u00edtku je snadno dostupn\u00fd autem, autobusem nebo skibusy. Sk\u0159\u00edtek je obl\u00edben\u00fdm n\u00e1stupn\u00edm m\u00edstem&hellip;<\/p>\n","protected":false},"author":1,"featured_media":0,"parent":0,"menu_order":0,"comment_status":"closed","ping_status":"closed","template":"","meta":{"ngg_post_thumbnail":0,"footnotes":""},"class_list":["post-143","page","type-page","status-publish","hentry"],"_links":{"self":[{"href":"https:\/\/www.podhorama.cz\/index.php\/wp-json\/wp\/v2\/pages\/143","targetHints":{"allow":["GET"]}}],"collection":[{"href":"https:\/\/www.podhorama.cz\/index.php\/wp-json\/wp\/v2\/pages"}],"about":[{"href":"https:\/\/www.podhorama.cz\/index.php\/wp-json\/wp\/v2\/types\/page"}],"author":[{"embeddable":true,"href":"https:\/\/www.podhorama.cz\/index.php\/wp-json\/wp\/v2\/users\/1"}],"replies":[{"embeddable":true,"href":"https:\/\/www.podhorama.cz\/index.php\/wp-json\/wp\/v2\/comments?post=143"}],"version-history":[{"count":7,"href":"https:\/\/www.podhorama.cz\/index.php\/wp-json\/wp\/v2\/pages\/143\/revisions"}],"predecessor-version":[{"id":661,"href":"https:\/\/www.podhorama.cz\/index.php\/wp-json\/wp\/v2\/pages\/143\/revisions\/661"}],"wp:attachment":[{"href":"https:\/\/www.podhorama.cz\/index.php\/wp-json\/wp\/v2\/media?parent=143"}],"curies":[{"name":"wp","href":"https:\/\/api.w.org\/{rel}","templated":true}]}}