{"id":132,"date":"2018-07-11T20:44:35","date_gmt":"2018-07-11T20:44:35","guid":{"rendered":"http:\/\/www.podhorama.cz\/?page_id=132"},"modified":"2018-07-18T13:28:28","modified_gmt":"2018-07-18T13:28:28","slug":"arboretum-makcu-pikcu-paseka","status":"publish","type":"page","link":"https:\/\/www.podhorama.cz\/index.php\/arboretum-makcu-pikcu-paseka\/","title":{"rendered":"Arboretum Mak\u010du Pik\u010du &#8211; Paseka"},"content":{"rendered":"<div id=\"pl-132\"  class=\"panel-layout\" ><div id=\"pg-132-0\"  class=\"panel-grid panel-no-style\" ><div id=\"pgc-132-0-0\"  class=\"panel-grid-cell\" ><div id=\"panel-132-0-0-0\" class=\"so-panel widget widget_sow-image panel-first-child\" data-index=\"0\" ><div\n\t\t\t\n\t\t\tclass=\"so-widget-sow-image so-widget-sow-image-default-8b5b6f678277-132\"\n\t\t\t\n\t\t>\n<div class=\"sow-image-container\">\n\t\t<img \n\tsrc=\"https:\/\/www.podhorama.cz\/wp-content\/uploads\/2018\/07\/Sn\u00edmek-330-e1532000530740.jpg\" width=\"800\" height=\"533\" sizes=\"(max-width: 800px) 100vw, 800px\" alt=\"\" \t\tclass=\"so-widget-image\"\/>\n\t<\/div>\n\n<\/div><\/div><div id=\"panel-132-0-0-1\" class=\"so-panel widget widget_sow-editor panel-last-child\" data-index=\"1\" ><div\n\t\t\t\n\t\t\tclass=\"so-widget-sow-editor so-widget-sow-editor-base\"\n\t\t\t\n\t\t>\n<div class=\"siteorigin-widget-tinymce textwidget\">\n\t<p><iframe loading=\"lazy\" style=\"border: none;\" src=\"https:\/\/api.mapy.cz\/frame?params=%7B%22x%22%3A17.239471973706827%2C%22y%22%3A49.825123207303754%2C%22base%22%3A%222%22%2C%22layers%22%3A%5B7%5D%2C%22zoom%22%3A13%2C%22url%22%3A%22https%3A%2F%2Fmapy.cz%2Fs%2F2q7JR%22%2C%22mark%22%3A%7B%22x%22%3A%2217.2223916667%22%2C%22y%22%3A%2249.8171213889%22%2C%22title%22%3A%22Arboretum%20Paseka%20Mak%C4%8Du%20Pik%C4%8Du%22%7D%2C%22overview%22%3Afalse%7D&amp;width=400&amp;height=280&amp;lang=cs\" width=\"400\" height=\"280\" frameborder=\"0\"><\/iframe><\/p>\n<\/div>\n<\/div><\/div><\/div><div id=\"pgc-132-0-1\"  class=\"panel-grid-cell\" ><div id=\"panel-132-0-1-0\" class=\"so-panel widget widget_text panel-first-child\" data-index=\"2\" >\t\t\t<div class=\"textwidget\"><p>U silnice z obce Paseka do Sovince se nach\u00e1z\u00ed b\u00fdval\u00fd lom na v\u00e1penec, p\u0159em\u011bn\u011bn\u00fd na neobvykl\u00e9 arboretum.<\/p>\n<p>Svah b\u00fdval\u00e9ho lomu je v posledn\u00edch t\u0159ech letech prom\u011b\u0148ov\u00e1n za pou\u017eit\u00ed velk\u00e9ho mno\u017estv\u00ed kamene a p\u0159\u00edrodn\u00edch materi\u00e1l\u016f na zaj\u00edmav\u00e9 stup\u0148ovit\u00e9 arboretum. Postupn\u011b jsou zde shroma\u017e\u010fov\u00e1ny nejr\u016fzn\u011bj\u0161\u00ed rostliny z cel\u00e9ho sv\u011bta, zejm\u00e9na trvalky, skalni\u010dky, traviny, cibuloviny, okrasn\u00e9 d\u0159eviny, zimovzdorn\u00e9 kaktusy a dal\u0161\u00ed. Terasy poskytuj\u00ed mo\u017enost odpo\u010dinku a poskytuj\u00ed kr\u00e1sn\u00fd v\u00fdhled na Hornomoravsk\u00fd \u00faval. <\/p>\n<\/div>\n\t\t<\/div><div id=\"panel-132-0-1-1\" class=\"so-panel widget widget_sow-editor panel-last-child\" data-index=\"3\" ><div\n\t\t\t\n\t\t\tclass=\"so-widget-sow-editor so-widget-sow-editor-base\"\n\t\t\t\n\t\t>\n<div class=\"siteorigin-widget-tinymce textwidget\">\n\t<p><span style=\"color: #00ccff;\"><a style=\"color: #00ccff;\" href=\"http:\/\/www.arboretumpaseka.cz\/\" target=\"_blank\" rel=\"noopener noreferrer\">v\u00edce info o naleznete zde ...<\/a><\/span><\/p>\n<\/div>\n<\/div><\/div><\/div><\/div><\/div>","protected":false},"excerpt":{"rendered":"<p>U silnice z obce Paseka do Sovince se nach\u00e1z\u00ed b\u00fdval\u00fd lom na v\u00e1penec, p\u0159em\u011bn\u011bn\u00fd na neobvykl\u00e9 arboretum. Svah b\u00fdval\u00e9ho lomu je v posledn\u00edch t\u0159ech letech&hellip;<\/p>\n","protected":false},"author":1,"featured_media":0,"parent":0,"menu_order":0,"comment_status":"closed","ping_status":"closed","template":"","meta":{"ngg_post_thumbnail":0,"footnotes":""},"class_list":["post-132","page","type-page","status-publish","hentry"],"_links":{"self":[{"href":"https:\/\/www.podhorama.cz\/index.php\/wp-json\/wp\/v2\/pages\/132","targetHints":{"allow":["GET"]}}],"collection":[{"href":"https:\/\/www.podhorama.cz\/index.php\/wp-json\/wp\/v2\/pages"}],"about":[{"href":"https:\/\/www.podhorama.cz\/index.php\/wp-json\/wp\/v2\/types\/page"}],"author":[{"embeddable":true,"href":"https:\/\/www.podhorama.cz\/index.php\/wp-json\/wp\/v2\/users\/1"}],"replies":[{"embeddable":true,"href":"https:\/\/www.podhorama.cz\/index.php\/wp-json\/wp\/v2\/comments?post=132"}],"version-history":[{"count":7,"href":"https:\/\/www.podhorama.cz\/index.php\/wp-json\/wp\/v2\/pages\/132\/revisions"}],"predecessor-version":[{"id":1773,"href":"https:\/\/www.podhorama.cz\/index.php\/wp-json\/wp\/v2\/pages\/132\/revisions\/1773"}],"wp:attachment":[{"href":"https:\/\/www.podhorama.cz\/index.php\/wp-json\/wp\/v2\/media?parent=132"}],"curies":[{"name":"wp","href":"https:\/\/api.w.org\/{rel}","templated":true}]}}